{"id":1802,"date":"2023-01-20T12:23:11","date_gmt":"2023-01-20T12:23:11","guid":{"rendered":"https:\/\/s4.ddmmarketing.hu\/?page_id=1802"},"modified":"2023-01-20T12:23:57","modified_gmt":"2023-01-20T12:23:57","slug":"politica-de-comunicare-comerciala","status":"publish","type":"page","link":"https:\/\/masterprod.ro\/fr\/politica-de-comunicare-comerciala\/","title":{"rendered":"Politique de communication commerciale"},"content":{"rendered":"<p>Prin introducerea datelor dumneavoastr\u0103 \u00een formularul de contact sunte\u021bi de acord cu Politica de Comunicare Comercial\u0103.<\/p>\n<p>Atunci c\u00e2nd completa\u021bi formularul nostru de contact (https:\/\/masterprod.ro\/contact\/) v\u0103 solicit\u0103m numele, adresa de email \u0219i num\u0103rul de telefon. Folosim aceste informa\u021bii cu caracter personal strict pentru a r\u0103spunde solicit\u0103rii dumneavoastr\u0103.<\/p>\n<p>Stoc\u0103m informa\u021biile colectate prin intermediul formularului de contact \u00een siguran\u021b\u0103, pentru o perioad\u0103 de 1 an.<\/p>\n<p>Datele colectate astfel nu sunt divulgate altor persoane.<br \/>\nAve\u021bi op\u021biunea s\u0103 solicita\u021bi o copie a acestor date, modificarea sau \u0219tergerea lor printr-o cerere scris\u0103, trimis\u0103 la adresa de email office@masterprod.ro<br \/>\nAve\u021bi op\u021biunea s\u0103 v\u0103 retrage\u021bi consim\u021b\u0103m\u00e2ntul dat printr-o cerere scris\u0103, trimis\u0103 la adresa de email office@masterprod.ro Retragerea consim\u021b\u0103m\u00e2ntului nu se aplic\u0103 retroactiv, prelucrarea anterioar\u0103 a datelor r\u0103m\u00e2n\u00e2nd valabil\u0103.<\/p>\n<p>Ave\u021bi de asemenea op\u021biunea de a sesiza Autoritatea Na\u021bional\u0103 de Supraveghere a Prelucr\u0103rii Datelor cu Caracter Personal (https:\/\/www.dataprotection.ro) atunci c\u00e2nd considera\u021bi c\u0103 v-au fost \u00eenc\u0103lcate drepturile cu privire la prelucrarea datelor cu caracter personal.<\/p>","protected":false},"excerpt":{"rendered":"<p>Prin introducerea datelor dumneavoastr\u0103 \u00een formularul de contact sunte\u021bi de acord cu Politica de Comunicare Comercial\u0103. Atunci c\u00e2nd completa\u021bi formularul nostru de contact (https:\/\/masterprod.ro\/contact\/) v\u0103 solicit\u0103m numele, adresa de email \u0219i num\u0103rul de telefon. Folosim aceste informa\u021bii cu caracter personal strict pentru a r\u0103spunde solicit\u0103rii dumneavoastr\u0103. Stoc\u0103m informa\u021biile colectate prin intermediul formularului de contact \u00een [&hellip;]<\/p>\n","protected":false},"author":1,"featured_media":0,"parent":0,"menu_order":0,"comment_status":"closed","ping_status":"closed","template":"","meta":{"_acf_changed":false,"site-sidebar-layout":"default","site-content-layout":"default","ast-site-content-layout":"default","site-content-style":"default","site-sidebar-style":"default","ast-global-header-display":"","ast-banner-title-visibility":"","ast-main-header-display":"","ast-hfb-above-header-display":"","ast-hfb-below-header-display":"","ast-hfb-mobile-header-display":"","site-post-title":"","ast-breadcrumbs-content":"","ast-featured-img":"","footer-sml-layout":"","ast-disable-related-posts":"","theme-transparent-header-meta":"default","adv-header-id-meta":"","stick-header-meta":"","header-above-stick-meta":"","header-main-stick-meta":"","header-below-stick-meta":"","astra-migrate-meta-layouts":"default","ast-page-background-enabled":"default","ast-page-background-meta":{"desktop":{"background-color":"","background-image":"","background-repeat":"repeat","background-position":"center center","background-size":"auto","background-attachment":"scroll","background-type":"","background-media":"","overlay-type":"","overlay-color":"","overlay-opacity":"","overlay-gradient":""},"tablet":{"background-color":"","background-image":"","background-repeat":"repeat","background-position":"center center","background-size":"auto","background-attachment":"scroll","background-type":"","background-media":"","overlay-type":"","overlay-color":"","overlay-opacity":"","overlay-gradient":""},"mobile":{"background-color":"","background-image":"","background-repeat":"repeat","background-position":"center center","background-size":"auto","background-attachment":"scroll","background-type":"","background-media":"","overlay-type":"","overlay-color":"","overlay-opacity":"","overlay-gradient":""}},"ast-content-background-meta":{"desktop":{"background-color":"var(--ast-global-color-5)","background-image":"","background-repeat":"repeat","background-position":"center center","background-size":"auto","background-attachment":"scroll","background-type":"","background-media":"","overlay-type":"","overlay-color":"","overlay-opacity":"","overlay-gradient":""},"tablet":{"background-color":"var(--ast-global-color-5)","background-image":"","background-repeat":"repeat","background-position":"center center","background-size":"auto","background-attachment":"scroll","background-type":"","background-media":"","overlay-type":"","overlay-color":"","overlay-opacity":"","overlay-gradient":""},"mobile":{"background-color":"var(--ast-global-color-5)","background-image":"","background-repeat":"repeat","background-position":"center center","background-size":"auto","background-attachment":"scroll","background-type":"","background-media":"","overlay-type":"","overlay-color":"","overlay-opacity":"","overlay-gradient":""}},"footnotes":""},"class_list":["post-1802","page","type-page","status-publish","hentry"],"acf":[],"yoast_head":"<!-- This site is optimized with the Yoast SEO plugin v27.1.1 - https:\/\/yoast.com\/product\/yoast-seo-wordpress\/ -->\n<title>Politica de Comunicare Comercial\u0103 - Master Prod<\/title>\n<meta name=\"robots\" content=\"index, follow, max-snippet:-1, max-image-preview:large, max-video-preview:-1\" \/>\n<link rel=\"canonical\" href=\"https:\/\/masterprod.ro\/fr\/politica-de-comunicare-comerciala\/\" \/>\n<meta property=\"og:locale\" content=\"fr_FR\" \/>\n<meta property=\"og:type\" content=\"article\" \/>\n<meta property=\"og:title\" content=\"Politica de Comunicare Comercial\u0103 - Master Prod\" \/>\n<meta property=\"og:description\" content=\"Prin introducerea datelor dumneavoastr\u0103 \u00een formularul de contact sunte\u021bi de acord cu Politica de Comunicare Comercial\u0103. Atunci c\u00e2nd completa\u021bi formularul nostru de contact (https:\/\/masterprod.ro\/contact\/) v\u0103 solicit\u0103m numele, adresa de email \u0219i num\u0103rul de telefon. Folosim aceste informa\u021bii cu caracter personal strict pentru a r\u0103spunde solicit\u0103rii dumneavoastr\u0103. Stoc\u0103m informa\u021biile colectate prin intermediul formularului de contact \u00een [&hellip;]\" \/>\n<meta property=\"og:url\" content=\"https:\/\/masterprod.ro\/fr\/politica-de-comunicare-comerciala\/\" \/>\n<meta property=\"og:site_name\" content=\"Master Prod\" \/>\n<meta property=\"article:modified_time\" content=\"2023-01-20T12:23:57+00:00\" \/>\n<meta name=\"twitter:card\" content=\"summary_large_image\" \/>\n<meta name=\"twitter:label1\" content=\"Dur\u00e9e de lecture estim\u00e9e\" \/>\n\t<meta name=\"twitter:data1\" content=\"1 minute\" \/>\n<script type=\"application\/ld+json\" class=\"yoast-schema-graph\">{\"@context\":\"https:\/\/schema.org\",\"@graph\":[{\"@type\":\"WebPage\",\"@id\":\"https:\/\/masterprod.ro\/politica-de-comunicare-comerciala\/\",\"url\":\"https:\/\/masterprod.ro\/politica-de-comunicare-comerciala\/\",\"name\":\"Politica de Comunicare Comercial\u0103 - Master Prod\",\"isPartOf\":{\"@id\":\"https:\/\/masterprod.ro\/#website\"},\"datePublished\":\"2023-01-20T12:23:11+00:00\",\"dateModified\":\"2023-01-20T12:23:57+00:00\",\"breadcrumb\":{\"@id\":\"https:\/\/masterprod.ro\/politica-de-comunicare-comerciala\/#breadcrumb\"},\"inLanguage\":\"fr-FR\",\"potentialAction\":[{\"@type\":\"ReadAction\",\"target\":[\"https:\/\/masterprod.ro\/politica-de-comunicare-comerciala\/\"]}]},{\"@type\":\"BreadcrumbList\",\"@id\":\"https:\/\/masterprod.ro\/politica-de-comunicare-comerciala\/#breadcrumb\",\"itemListElement\":[{\"@type\":\"ListItem\",\"position\":1,\"name\":\"Prima pagin\u0103\",\"item\":\"https:\/\/masterprod.ro\/\"},{\"@type\":\"ListItem\",\"position\":2,\"name\":\"Politica de Comunicare Comercial\u0103\"}]},{\"@type\":\"WebSite\",\"@id\":\"https:\/\/masterprod.ro\/#website\",\"url\":\"https:\/\/masterprod.ro\/\",\"name\":\"Master Prod\",\"description\":\"T\u00e2mpl\u0103rie aluminiu - pere\u021bi cortin\u0103, \u00eenchideri\/acoperiri terase\",\"publisher\":{\"@id\":\"https:\/\/masterprod.ro\/#organization\"},\"potentialAction\":[{\"@type\":\"SearchAction\",\"target\":{\"@type\":\"EntryPoint\",\"urlTemplate\":\"https:\/\/masterprod.ro\/?s={search_term_string}\"},\"query-input\":{\"@type\":\"PropertyValueSpecification\",\"valueRequired\":true,\"valueName\":\"search_term_string\"}}],\"inLanguage\":\"fr-FR\"},{\"@type\":\"Organization\",\"@id\":\"https:\/\/masterprod.ro\/#organization\",\"name\":\"Master Prod\",\"url\":\"https:\/\/masterprod.ro\/\",\"logo\":{\"@type\":\"ImageObject\",\"inLanguage\":\"fr-FR\",\"@id\":\"https:\/\/masterprod.ro\/#\/schema\/logo\/image\/\",\"url\":\"https:\/\/masterprod.ro\/wp-content\/uploads\/2023\/02\/text-si-sigla.jpg\",\"contentUrl\":\"https:\/\/masterprod.ro\/wp-content\/uploads\/2023\/02\/text-si-sigla.jpg\",\"width\":1058,\"height\":111,\"caption\":\"Master Prod\"},\"image\":{\"@id\":\"https:\/\/masterprod.ro\/#\/schema\/logo\/image\/\"}}]}<\/script>\n<!-- \/ Yoast SEO plugin. -->","yoast_head_json":{"title":"Politica de Comunicare Comercial\u0103 - Master Prod","robots":{"index":"index","follow":"follow","max-snippet":"max-snippet:-1","max-image-preview":"max-image-preview:large","max-video-preview":"max-video-preview:-1"},"canonical":"https:\/\/masterprod.ro\/fr\/politica-de-comunicare-comerciala\/","og_locale":"fr_FR","og_type":"article","og_title":"Politica de Comunicare Comercial\u0103 - Master Prod","og_description":"Prin introducerea datelor dumneavoastr\u0103 \u00een formularul de contact sunte\u021bi de acord cu Politica de Comunicare Comercial\u0103. Atunci c\u00e2nd completa\u021bi formularul nostru de contact (https:\/\/masterprod.ro\/contact\/) v\u0103 solicit\u0103m numele, adresa de email \u0219i num\u0103rul de telefon. Folosim aceste informa\u021bii cu caracter personal strict pentru a r\u0103spunde solicit\u0103rii dumneavoastr\u0103. Stoc\u0103m informa\u021biile colectate prin intermediul formularului de contact \u00een [&hellip;]","og_url":"https:\/\/masterprod.ro\/fr\/politica-de-comunicare-comerciala\/","og_site_name":"Master Prod","article_modified_time":"2023-01-20T12:23:57+00:00","twitter_card":"summary_large_image","twitter_misc":{"Dur\u00e9e de lecture estim\u00e9e":"1 minute"},"schema":{"@context":"https:\/\/schema.org","@graph":[{"@type":"WebPage","@id":"https:\/\/masterprod.ro\/politica-de-comunicare-comerciala\/","url":"https:\/\/masterprod.ro\/politica-de-comunicare-comerciala\/","name":"Politica de Comunicare Comercial\u0103 - Master Prod","isPartOf":{"@id":"https:\/\/masterprod.ro\/#website"},"datePublished":"2023-01-20T12:23:11+00:00","dateModified":"2023-01-20T12:23:57+00:00","breadcrumb":{"@id":"https:\/\/masterprod.ro\/politica-de-comunicare-comerciala\/#breadcrumb"},"inLanguage":"fr-FR","potentialAction":[{"@type":"ReadAction","target":["https:\/\/masterprod.ro\/politica-de-comunicare-comerciala\/"]}]},{"@type":"BreadcrumbList","@id":"https:\/\/masterprod.ro\/politica-de-comunicare-comerciala\/#breadcrumb","itemListElement":[{"@type":"ListItem","position":1,"name":"Prima pagin\u0103","item":"https:\/\/masterprod.ro\/"},{"@type":"ListItem","position":2,"name":"Politica de Comunicare Comercial\u0103"}]},{"@type":"WebSite","@id":"https:\/\/masterprod.ro\/#website","url":"https:\/\/masterprod.ro\/","name":"Master Prod","description":"T\u00e2mpl\u0103rie aluminiu - pere\u021bi cortin\u0103, \u00eenchideri\/acoperiri terase","publisher":{"@id":"https:\/\/masterprod.ro\/#organization"},"potentialAction":[{"@type":"SearchAction","target":{"@type":"EntryPoint","urlTemplate":"https:\/\/masterprod.ro\/?s={search_term_string}"},"query-input":{"@type":"PropertyValueSpecification","valueRequired":true,"valueName":"search_term_string"}}],"inLanguage":"fr-FR"},{"@type":"Organization","@id":"https:\/\/masterprod.ro\/#organization","name":"Master Prod","url":"https:\/\/masterprod.ro\/","logo":{"@type":"ImageObject","inLanguage":"fr-FR","@id":"https:\/\/masterprod.ro\/#\/schema\/logo\/image\/","url":"https:\/\/masterprod.ro\/wp-content\/uploads\/2023\/02\/text-si-sigla.jpg","contentUrl":"https:\/\/masterprod.ro\/wp-content\/uploads\/2023\/02\/text-si-sigla.jpg","width":1058,"height":111,"caption":"Master Prod"},"image":{"@id":"https:\/\/masterprod.ro\/#\/schema\/logo\/image\/"}}]}},"_links":{"self":[{"href":"https:\/\/masterprod.ro\/fr\/wp-json\/wp\/v2\/pages\/1802","targetHints":{"allow":["GET"]}}],"collection":[{"href":"https:\/\/masterprod.ro\/fr\/wp-json\/wp\/v2\/pages"}],"about":[{"href":"https:\/\/masterprod.ro\/fr\/wp-json\/wp\/v2\/types\/page"}],"author":[{"embeddable":true,"href":"https:\/\/masterprod.ro\/fr\/wp-json\/wp\/v2\/users\/1"}],"replies":[{"embeddable":true,"href":"https:\/\/masterprod.ro\/fr\/wp-json\/wp\/v2\/comments?post=1802"}],"version-history":[{"count":3,"href":"https:\/\/masterprod.ro\/fr\/wp-json\/wp\/v2\/pages\/1802\/revisions"}],"predecessor-version":[{"id":1805,"href":"https:\/\/masterprod.ro\/fr\/wp-json\/wp\/v2\/pages\/1802\/revisions\/1805"}],"wp:attachment":[{"href":"https:\/\/masterprod.ro\/fr\/wp-json\/wp\/v2\/media?parent=1802"}],"curies":[{"name":"wp","href":"https:\/\/api.w.org\/{rel}","templated":true}]}}