{"id":15152,"date":"2025-03-05T15:53:06","date_gmt":"2025-03-05T13:53:06","guid":{"rendered":"https:\/\/masterprod.ro\/?page_id=15152"},"modified":"2025-03-11T14:40:42","modified_gmt":"2025-03-11T12:40:42","slug":"usile-cu-deschidere-tip-armonica","status":"publish","type":"page","link":"https:\/\/masterprod.ro\/fr\/usile-cu-deschidere-tip-armonica\/","title":{"rendered":"U\u0219i cu deschidere tip armonic\u0103"},"content":{"rendered":"<div data-elementor-type=\"wp-page\" data-elementor-id=\"15152\" class=\"elementor elementor-15152\">\n\t\t\t\t<div class=\"elementor-element elementor-element-e8ce3aa e-flex e-con-boxed e-con e-parent\" data-id=\"e8ce3aa\" data-element_type=\"container\" data-e-type=\"container\">\n\t\t\t\t\t<div class=\"e-con-inner\">\n\t\t\t\t<div class=\"elementor-element elementor-element-c026fe7 elementor-widget elementor-widget-text-editor\" data-id=\"c026fe7\" data-element_type=\"widget\" data-e-type=\"widget\" data-widget_type=\"text-editor.default\">\n\t\t\t\t<div class=\"elementor-widget-container\">\n\t\t\t\t\t\t\t\t\t<h5>\u00a0 \u00a0<strong>U\u0219i cu deschidere tip armonic\u0103 \u2013 solu\u021bia ideal\u0103 pentru terase moderne<\/strong><\/h5>\t\t\t\t\t\t\t\t<\/div>\n\t\t\t\t<\/div>\n\t\t\t\t\t<\/div>\n\t\t\t\t<\/div>\n\t\t<div class=\"elementor-element elementor-element-ee7f1ea e-flex e-con-boxed e-con e-parent\" data-id=\"ee7f1ea\" data-element_type=\"container\" data-e-type=\"container\">\n\t\t\t\t\t<div class=\"e-con-inner\">\n\t\t\t\t<div class=\"elementor-element elementor-element-3a95e7d elementor-widget elementor-widget-text-editor\" data-id=\"3a95e7d\" data-element_type=\"widget\" data-e-type=\"widget\" data-widget_type=\"text-editor.default\">\n\t\t\t\t<div class=\"elementor-widget-container\">\n\t\t\t\t\t\t\t\t\t<p>\u00a0 \u00a0 \u00a0O alt\u0103 op\u021biune pentru \u00eenchiderea teraselor sunt binecunoscutele u\u0219i cu deschidere tip armonic\u0103. Acestea sunt formate din panouri vitrate articulate \u00eentre ele cu balamale. Panourile pot fi \u00eempinse \u00eentr-o parte sau alta a golului u\u0219ii pentru a deschide complet terasa. Atunci c\u00e2nd sunt pliate, ocup\u0103 un spa\u021biu redus. Acest fapt le face ideale pentru terasele unde se dore\u0219te o deschidere larg\u0103, o conexiune fluid\u0103 \u00eentre interior \u0219i exterior.<\/p><p>\u00a0 \u00a0 \u00a0Panourile componente ale unei astfel de u\u0219i pot fi parcate spre interior sau spre exterior. Alegerea se face \u00een func\u021bie de configura\u021bia spa\u021biului \u0219i de preferin\u021bele estetice ale clientului. Aceast\u0103 flexibilitate permite integrarea armonioas\u0103 a u\u0219ii \u00een orice tip de decor, indiferent de stilul: terasei clasic sau modern.<\/p><p>\u00a0 \u00a0 \u00a0U\u0219ile cu deschidere armonic\u0103 se recomand\u0103 a fi executate din profile de aluminiu. Acesta este un material rezistent, stabil dimensional \u0219i durabil. Aceste u\u0219i pot fi echipate cu geamuri termoizolante cu dou\u0103 sau trei foi de sticl\u0103. Cre\u0219te astfel confortul termic \u0219i acustic \u00een interiorul terasei.<\/p><p>\u00a0 \u00a0 \u00a0\u00cen plus, profilele de aluminiu pot fi personalizate \u00eentr-o gam\u0103 larg\u0103 de culori \u0219i finisaje. Clien\u021bii pot alege din peste 200 de culori mate sau lucioase din paletarul RAL, nuan\u021be care imit\u0103 textura lemnului sau culori metalice moderne. Exist\u0103 inclusiv op\u021biuni inspirate din natur\u0103, cum ar fi finisaje ce reproduc aspectul pietrei sau marmurei. Pentru un efect estetic deosebit, se pot realiza \u0219i u\u0219i din profile bicolore, diferite la interior \u0219i exterior.<\/p><p>\u00a0 \u00a0 \u00a0Un alt avantaj important al u\u0219ilor armonice este posibilitatea de a opta pentru o variant\u0103 cu prag sau f\u0103r\u0103 prag. U\u0219ile f\u0103r\u0103 prag ofer\u0103 un acces facil, fiind ideale pentru persoanele cu deficien\u021be motorii sau pentru cei care doresc o trecere f\u0103r\u0103 obstacole \u00eentre spa\u021bii.<\/p><p>\u00a0 \u00a0 \u00a0Prin designul modern, versatilitatea \u0219i avantajele tehnice, aceste u\u0219i cu deschidere tip armonic\u0103, sunt o solu\u021bie elegant\u0103 \u0219i practic\u0103, perfect\u0103 pentru terasele care trebuie s\u0103 \u00eembine func\u021bionalitatea cu estetica.<\/p>\t\t\t\t\t\t\t\t<\/div>\n\t\t\t\t<\/div>\n\t\t\t\t\t<\/div>\n\t\t\t\t<\/div>\n\t\t<div class=\"elementor-element elementor-element-a5a6a35 e-flex e-con-boxed e-con e-parent\" data-id=\"a5a6a35\" data-element_type=\"container\" data-e-type=\"container\">\n\t\t\t\t\t<div class=\"e-con-inner\">\n\t\t<div class=\"elementor-element elementor-element-bcb874e e-con-full e-flex e-con e-child\" data-id=\"bcb874e\" data-element_type=\"container\" data-e-type=\"container\">\n\t\t\t\t<div class=\"elementor-element elementor-element-862a38d elementor-widget elementor-widget-image\" data-id=\"862a38d\" data-element_type=\"widget\" data-e-type=\"widget\" data-widget_type=\"image.default\">\n\t\t\t\t<div class=\"elementor-widget-container\">\n\t\t\t\t\t\t\t\t\t\t\t\t\t\t\t<img fetchpriority=\"high\" decoding=\"async\" width=\"1024\" height=\"769\" src=\"https:\/\/masterprod.ro\/wp-content\/uploads\/2023\/01\/w-final-17-min-1-1024x769.jpg\" class=\"attachment-large size-large wp-image-11095\" alt=\"Tamplarie din aluminiu\" srcset=\"https:\/\/masterprod.ro\/wp-content\/uploads\/2023\/01\/w-final-17-min-1-1024x769.jpg 1024w, https:\/\/masterprod.ro\/wp-content\/uploads\/2023\/01\/w-final-17-min-1-300x225.jpg 300w, https:\/\/masterprod.ro\/wp-content\/uploads\/2023\/01\/w-final-17-min-1-768x577.jpg 768w, https:\/\/masterprod.ro\/wp-content\/uploads\/2023\/01\/w-final-17-min-1-500x375.jpg 500w, https:\/\/masterprod.ro\/wp-content\/uploads\/2023\/01\/w-final-17-min-1-800x601.jpg 800w, https:\/\/masterprod.ro\/wp-content\/uploads\/2023\/01\/w-final-17-min-1-1280x961.jpg 1280w, https:\/\/masterprod.ro\/wp-content\/uploads\/2023\/01\/w-final-17-min-1-1920x1442.jpg 1920w, https:\/\/masterprod.ro\/wp-content\/uploads\/2023\/01\/w-final-17-min-1-1536x1153.jpg 1536w, https:\/\/masterprod.ro\/wp-content\/uploads\/2023\/01\/w-final-17-min-1-2048x1538.jpg 2048w, https:\/\/masterprod.ro\/wp-content\/uploads\/2023\/01\/w-final-17-min-1-16x12.jpg 16w\" sizes=\"(max-width: 1024px) 100vw, 1024px\" \/>\t\t\t\t\t\t\t\t\t\t\t\t\t\t\t<\/div>\n\t\t\t\t<\/div>\n\t\t\t\t<div class=\"elementor-element elementor-element-f2815ee elementor-widget elementor-widget-image\" data-id=\"f2815ee\" data-element_type=\"widget\" data-e-type=\"widget\" data-widget_type=\"image.default\">\n\t\t\t\t<div class=\"elementor-widget-container\">\n\t\t\t\t\t\t\t\t\t\t\t\t\t\t\t<img decoding=\"async\" width=\"1024\" height=\"462\" src=\"https:\/\/masterprod.ro\/wp-content\/uploads\/2023\/01\/WhatsApp-Image-2022-11-13-at-15.44.04-1-1024x462.jpeg\" class=\"attachment-large size-large wp-image-11097\" alt=\"Tamplarie din aluminiu\" srcset=\"https:\/\/masterprod.ro\/wp-content\/uploads\/2023\/01\/WhatsApp-Image-2022-11-13-at-15.44.04-1-1024x462.jpeg 1024w, https:\/\/masterprod.ro\/wp-content\/uploads\/2023\/01\/WhatsApp-Image-2022-11-13-at-15.44.04-1-300x135.jpeg 300w, https:\/\/masterprod.ro\/wp-content\/uploads\/2023\/01\/WhatsApp-Image-2022-11-13-at-15.44.04-1-768x346.jpeg 768w, https:\/\/masterprod.ro\/wp-content\/uploads\/2023\/01\/WhatsApp-Image-2022-11-13-at-15.44.04-1-500x225.jpeg 500w, https:\/\/masterprod.ro\/wp-content\/uploads\/2023\/01\/WhatsApp-Image-2022-11-13-at-15.44.04-1-800x361.jpeg 800w, https:\/\/masterprod.ro\/wp-content\/uploads\/2023\/01\/WhatsApp-Image-2022-11-13-at-15.44.04-1-1280x577.jpeg 1280w, https:\/\/masterprod.ro\/wp-content\/uploads\/2023\/01\/WhatsApp-Image-2022-11-13-at-15.44.04-1-1920x865.jpeg 1920w, https:\/\/masterprod.ro\/wp-content\/uploads\/2023\/01\/WhatsApp-Image-2022-11-13-at-15.44.04-1-1536x692.jpeg 1536w, https:\/\/masterprod.ro\/wp-content\/uploads\/2023\/01\/WhatsApp-Image-2022-11-13-at-15.44.04-1-18x8.jpeg 18w, https:\/\/masterprod.ro\/wp-content\/uploads\/2023\/01\/WhatsApp-Image-2022-11-13-at-15.44.04-1.jpeg 2048w\" sizes=\"(max-width: 1024px) 100vw, 1024px\" \/>\t\t\t\t\t\t\t\t\t\t\t\t\t\t\t<\/div>\n\t\t\t\t<\/div>\n\t\t\t\t<\/div>\n\t\t\t\t\t<\/div>\n\t\t\t\t<\/div>\n\t\t<div class=\"elementor-element elementor-element-7e6bbfda e-grid e-con-boxed e-con e-parent\" data-id=\"7e6bbfda\" data-element_type=\"container\" data-e-type=\"container\">\n\t\t\t\t\t<div class=\"e-con-inner\">\n\t\t\t\t<div class=\"elementor-element elementor-element-6de879a1 elementor-align-justify elementor-widget__width-initial elementor-widget elementor-widget-button\" data-id=\"6de879a1\" data-element_type=\"widget\" data-e-type=\"widget\" data-widget_type=\"button.default\">\n\t\t\t\t<div class=\"elementor-widget-container\">\n\t\t\t\t\t\t\t\t\t<div class=\"elementor-button-wrapper\">\n\t\t\t\t\t<a class=\"elementor-button elementor-button-link elementor-size-sm\" href=\"https:\/\/masterprod.ro\/fr\/project\/producator-tamplarie-din-aluminiu-cu-geam-termoizolant\/?_gl=1*98kcj0*_up*MQ..*_ga*NTc3NzU2NDMyLjE3NDE2MDIyMDE.*_ga_L86KHBP5QE*MTc0MTYwMjE5OC4xLjEuMTc0MTYwMjE5OC4wLjAuMzYxMjM4NDUw\">\n\t\t\t\t\t\t<span class=\"elementor-button-content-wrapper\">\n\t\t\t\t\t\t\t\t\t<span class=\"elementor-button-text\">     Portefeuille     <\/span>\n\t\t\t\t\t<\/span>\n\t\t\t\t\t<\/a>\n\t\t\t\t<\/div>\n\t\t\t\t\t\t\t\t<\/div>\n\t\t\t\t<\/div>\n\t\t\t\t\t<\/div>\n\t\t\t\t<\/div>\n\t\t\t\t<section class=\"elementor-section elementor-top-section elementor-element elementor-element-523efa61 elementor-section-full_width elementor-section-height-default elementor-section-height-default\" data-id=\"523efa61\" data-element_type=\"section\" data-e-type=\"section\">\n\t\t\t\t\t\t<div class=\"elementor-container elementor-column-gap-no\">\n\t\t\t\t\t<div class=\"elementor-column elementor-col-100 elementor-top-column elementor-element elementor-element-759f190f\" data-id=\"759f190f\" data-element_type=\"column\" data-e-type=\"column\">\n\t\t\t<div class=\"elementor-widget-wrap elementor-element-populated\">\n\t\t\t\t\t\t<div class=\"elementor-element elementor-element-206ced8d elementor-widget elementor-widget-shortcode\" data-id=\"206ced8d\" data-element_type=\"widget\" data-e-type=\"widget\" data-widget_type=\"shortcode.default\">\n\t\t\t\t<div class=\"elementor-widget-container\">\n\t\t\t\t\t\t\t<div class=\"elementor-shortcode\">\t\t<div data-elementor-type=\"wp-post\" data-elementor-id=\"1820\" class=\"elementor elementor-1820\">\n\t\t\t\t<div class=\"elementor-element elementor-element-9f892d4 e-flex e-con-boxed e-con e-parent\" data-id=\"9f892d4\" data-element_type=\"container\" data-e-type=\"container\" data-settings=\"{&quot;background_background&quot;:&quot;classic&quot;}\">\n\t\t\t\t\t<div class=\"e-con-inner\">\n\t\t\t\t<div class=\"elementor-element elementor-element-1c1e8d9 elementor-widget__width-auto elementor-widget elementor-widget-heading\" data-id=\"1c1e8d9\" data-element_type=\"widget\" data-e-type=\"widget\" data-widget_type=\"heading.default\">\n\t\t\t\t<div class=\"elementor-widget-container\">\n\t\t\t\t\t<h2 class=\"elementor-heading-title elementor-size-default\">Nous offrons des conseils personnalis\u00e9s<\/h2>\t\t\t\t<\/div>\n\t\t\t\t<\/div>\n\t\t\t\t<div class=\"elementor-element elementor-element-edf74d8 elementor-widget elementor-widget-button\" data-id=\"edf74d8\" data-element_type=\"widget\" data-e-type=\"widget\" data-widget_type=\"button.default\">\n\t\t\t\t<div class=\"elementor-widget-container\">\n\t\t\t\t\t\t\t\t\t<div class=\"elementor-button-wrapper\">\n\t\t\t\t\t<a class=\"elementor-button elementor-button-link elementor-size-lg\" href=\"\/fr\/contact\/\">\n\t\t\t\t\t\t<span class=\"elementor-button-content-wrapper\">\n\t\t\t\t\t\t<span class=\"elementor-button-icon\">\n\t\t\t\t<i aria-hidden=\"true\" class=\"fas fa-chevron-right\"><\/i>\t\t\t<\/span>\n\t\t\t\t\t\t\t\t\t<span class=\"elementor-button-text\">Contactez nous<\/span>\n\t\t\t\t\t<\/span>\n\t\t\t\t\t<\/a>\n\t\t\t\t<\/div>\n\t\t\t\t\t\t\t\t<\/div>\n\t\t\t\t<\/div>\n\t\t\t\t\t<\/div>\n\t\t\t\t<\/div>\n\t\t\t\t<\/div>\n\t\t<\/div>\n\t\t\t\t\t\t<\/div>\n\t\t\t\t<\/div>\n\t\t\t\t\t<\/div>\n\t\t<\/div>\n\t\t\t\t\t<\/div>\n\t\t<\/section>\n\t\t\t\t<\/div>","protected":false},"excerpt":{"rendered":"<p>\u00a0 \u00a0U\u0219i cu deschidere tip armonic\u0103 \u2013 solu\u021bia ideal\u0103 pentru terase moderne O alt\u0103 op\u021biune pentru \u00eenchiderea teraselor sunt binecunoscutele u\u0219i cu deschidere tip armonic\u0103. Acestea sunt formate din panouri vitrate articulate \u00eentre ele cu balamale. Panourile pot fi \u00eempinse \u00eentr-o parte sau alta a golului u\u0219ii pentru a deschide complet terasa. Atunci c\u00e2nd sunt [&hellip;]<\/p>\n","protected":false},"author":3,"featured_media":0,"parent":0,"menu_order":0,"comment_status":"closed","ping_status":"closed","template":"","meta":{"_acf_changed":false,"site-sidebar-layout":"no-sidebar","site-content-layout":"page-builder","ast-site-content-layout":"full-width-container","site-content-style":"unboxed","site-sidebar-style":"unboxed","ast-global-header-display":"","ast-banner-title-visibility":"","ast-main-header-display":"","ast-hfb-above-header-display":"","ast-hfb-below-header-display":"","ast-hfb-mobile-header-display":"","site-post-title":"disabled","ast-breadcrumbs-content":"","ast-featured-img":"disabled","footer-sml-layout":"","ast-disable-related-posts":"","theme-transparent-header-meta":"default","adv-header-id-meta":"","stick-header-meta":"","header-above-stick-meta":"","header-main-stick-meta":"","header-below-stick-meta":"","astra-migrate-meta-layouts":"set","ast-page-background-enabled":"default","ast-page-background-meta":{"desktop":{"background-color":"","background-image":"","background-repeat":"repeat","background-position":"center center","background-size":"auto","background-attachment":"scroll","background-type":"","background-media":"","overlay-type":"","overlay-color":"","overlay-opacity":"","overlay-gradient":""},"tablet":{"background-color":"","background-image":"","background-repeat":"repeat","background-position":"center center","background-size":"auto","background-attachment":"scroll","background-type":"","background-media":"","overlay-type":"","overlay-color":"","overlay-opacity":"","overlay-gradient":""},"mobile":{"background-color":"","background-image":"","background-repeat":"repeat","background-position":"center center","background-size":"auto","background-attachment":"scroll","background-type":"","background-media":"","overlay-type":"","overlay-color":"","overlay-opacity":"","overlay-gradient":""}},"ast-content-background-meta":{"desktop":{"background-color":"var(--ast-global-color-5)","background-image":"","background-repeat":"repeat","background-position":"center center","background-size":"auto","background-attachment":"scroll","background-type":"","background-media":"","overlay-type":"","overlay-color":"","overlay-opacity":"","overlay-gradient":""},"tablet":{"background-color":"var(--ast-global-color-5)","background-image":"","background-repeat":"repeat","background-position":"center center","background-size":"auto","background-attachment":"scroll","background-type":"","background-media":"","overlay-type":"","overlay-color":"","overlay-opacity":"","overlay-gradient":""},"mobile":{"background-color":"var(--ast-global-color-5)","background-image":"","background-repeat":"repeat","background-position":"center center","background-size":"auto","background-attachment":"scroll","background-type":"","background-media":"","overlay-type":"","overlay-color":"","overlay-opacity":"","overlay-gradient":""}},"footnotes":""},"class_list":["post-15152","page","type-page","status-publish","hentry"],"acf":[],"yoast_head":"<!-- This site is optimized with the Yoast SEO plugin v27.4 - https:\/\/yoast.com\/product\/yoast-seo-wordpress\/ -->\n<title>u\u0219i cu deschidere tip armonic\u0103<\/title>\n<meta name=\"description\" content=\"O op\u021biune pentru \u00eenchiderea teraselor sunt cunoscutele u\u0219i cu deschidere tip armonic\u0103, formate din mai multe panouri vitrate articulate\" \/>\n<meta name=\"robots\" content=\"index, follow, max-snippet:-1, max-image-preview:large, max-video-preview:-1\" \/>\n<link rel=\"canonical\" href=\"https:\/\/masterprod.ro\/fr\/usile-cu-deschidere-tip-armonica\/\" \/>\n<meta property=\"og:locale\" content=\"fr_FR\" \/>\n<meta property=\"og:type\" content=\"article\" \/>\n<meta property=\"og:title\" content=\"u\u0219i cu deschidere tip armonic\u0103\" \/>\n<meta property=\"og:description\" content=\"O op\u021biune pentru \u00eenchiderea teraselor sunt cunoscutele u\u0219i cu deschidere tip armonic\u0103, formate din mai multe panouri vitrate articulate\" \/>\n<meta property=\"og:url\" content=\"https:\/\/masterprod.ro\/fr\/usile-cu-deschidere-tip-armonica\/\" \/>\n<meta property=\"og:site_name\" content=\"Master Prod\" \/>\n<meta property=\"article:modified_time\" content=\"2025-03-11T12:40:42+00:00\" \/>\n<meta property=\"og:image\" content=\"https:\/\/masterprod.ro\/wp-content\/uploads\/2023\/01\/w-final-17-min-1-1024x769.jpg\" \/>\n<meta name=\"twitter:card\" content=\"summary_large_image\" \/>\n<meta name=\"twitter:label1\" content=\"Dur\u00e9e de lecture estim\u00e9e\" \/>\n\t<meta name=\"twitter:data1\" content=\"3 minutes\" \/>\n<script type=\"application\/ld+json\" class=\"yoast-schema-graph\">{\"@context\":\"https:\\\/\\\/schema.org\",\"@graph\":[{\"@type\":\"WebPage\",\"@id\":\"https:\\\/\\\/masterprod.ro\\\/usile-cu-deschidere-tip-armonica\\\/\",\"url\":\"https:\\\/\\\/masterprod.ro\\\/usile-cu-deschidere-tip-armonica\\\/\",\"name\":\"u\u0219i cu deschidere tip armonic\u0103\",\"isPartOf\":{\"@id\":\"https:\\\/\\\/masterprod.ro\\\/#website\"},\"primaryImageOfPage\":{\"@id\":\"https:\\\/\\\/masterprod.ro\\\/usile-cu-deschidere-tip-armonica\\\/#primaryimage\"},\"image\":{\"@id\":\"https:\\\/\\\/masterprod.ro\\\/usile-cu-deschidere-tip-armonica\\\/#primaryimage\"},\"thumbnailUrl\":\"https:\\\/\\\/masterprod.ro\\\/wp-content\\\/uploads\\\/2023\\\/01\\\/w-final-17-min-1-1024x769.jpg\",\"datePublished\":\"2025-03-05T13:53:06+00:00\",\"dateModified\":\"2025-03-11T12:40:42+00:00\",\"description\":\"O op\u021biune pentru \u00eenchiderea teraselor sunt cunoscutele u\u0219i cu deschidere tip armonic\u0103, formate din mai multe panouri vitrate articulate\",\"breadcrumb\":{\"@id\":\"https:\\\/\\\/masterprod.ro\\\/usile-cu-deschidere-tip-armonica\\\/#breadcrumb\"},\"inLanguage\":\"fr-FR\",\"potentialAction\":[{\"@type\":\"ReadAction\",\"target\":[\"https:\\\/\\\/masterprod.ro\\\/usile-cu-deschidere-tip-armonica\\\/\"]}]},{\"@type\":\"ImageObject\",\"inLanguage\":\"fr-FR\",\"@id\":\"https:\\\/\\\/masterprod.ro\\\/usile-cu-deschidere-tip-armonica\\\/#primaryimage\",\"url\":\"https:\\\/\\\/masterprod.ro\\\/wp-content\\\/uploads\\\/2023\\\/01\\\/w-final-17-min-1-1024x769.jpg\",\"contentUrl\":\"https:\\\/\\\/masterprod.ro\\\/wp-content\\\/uploads\\\/2023\\\/01\\\/w-final-17-min-1-1024x769.jpg\"},{\"@type\":\"BreadcrumbList\",\"@id\":\"https:\\\/\\\/masterprod.ro\\\/usile-cu-deschidere-tip-armonica\\\/#breadcrumb\",\"itemListElement\":[{\"@type\":\"ListItem\",\"position\":1,\"name\":\"Prima pagin\u0103\",\"item\":\"https:\\\/\\\/masterprod.ro\\\/\"},{\"@type\":\"ListItem\",\"position\":2,\"name\":\"U\u0219i cu deschidere tip armonic\u0103\"}]},{\"@type\":\"WebSite\",\"@id\":\"https:\\\/\\\/masterprod.ro\\\/#website\",\"url\":\"https:\\\/\\\/masterprod.ro\\\/\",\"name\":\"Master Prod\",\"description\":\"T\u00e2mpl\u0103rie aluminiu - pere\u021bi cortin\u0103, \u00eenchideri\\\/acoperiri terase\",\"publisher\":{\"@id\":\"https:\\\/\\\/masterprod.ro\\\/#organization\"},\"potentialAction\":[{\"@type\":\"SearchAction\",\"target\":{\"@type\":\"EntryPoint\",\"urlTemplate\":\"https:\\\/\\\/masterprod.ro\\\/?s={search_term_string}\"},\"query-input\":{\"@type\":\"PropertyValueSpecification\",\"valueRequired\":true,\"valueName\":\"search_term_string\"}}],\"inLanguage\":\"fr-FR\"},{\"@type\":\"Organization\",\"@id\":\"https:\\\/\\\/masterprod.ro\\\/#organization\",\"name\":\"Master Prod\",\"url\":\"https:\\\/\\\/masterprod.ro\\\/\",\"logo\":{\"@type\":\"ImageObject\",\"inLanguage\":\"fr-FR\",\"@id\":\"https:\\\/\\\/masterprod.ro\\\/#\\\/schema\\\/logo\\\/image\\\/\",\"url\":\"https:\\\/\\\/masterprod.ro\\\/wp-content\\\/uploads\\\/2023\\\/02\\\/text-si-sigla.jpg\",\"contentUrl\":\"https:\\\/\\\/masterprod.ro\\\/wp-content\\\/uploads\\\/2023\\\/02\\\/text-si-sigla.jpg\",\"width\":1058,\"height\":111,\"caption\":\"Master Prod\"},\"image\":{\"@id\":\"https:\\\/\\\/masterprod.ro\\\/#\\\/schema\\\/logo\\\/image\\\/\"}}]}<\/script>\n<!-- \/ Yoast SEO plugin. -->","yoast_head_json":{"title":"u\u0219i cu deschidere tip armonic\u0103","description":"O op\u021biune pentru \u00eenchiderea teraselor sunt cunoscutele u\u0219i cu deschidere tip armonic\u0103, formate din mai multe panouri vitrate articulate","robots":{"index":"index","follow":"follow","max-snippet":"max-snippet:-1","max-image-preview":"max-image-preview:large","max-video-preview":"max-video-preview:-1"},"canonical":"https:\/\/masterprod.ro\/fr\/usile-cu-deschidere-tip-armonica\/","og_locale":"fr_FR","og_type":"article","og_title":"u\u0219i cu deschidere tip armonic\u0103","og_description":"O op\u021biune pentru \u00eenchiderea teraselor sunt cunoscutele u\u0219i cu deschidere tip armonic\u0103, formate din mai multe panouri vitrate articulate","og_url":"https:\/\/masterprod.ro\/fr\/usile-cu-deschidere-tip-armonica\/","og_site_name":"Master Prod","article_modified_time":"2025-03-11T12:40:42+00:00","og_image":[{"url":"https:\/\/masterprod.ro\/wp-content\/uploads\/2023\/01\/w-final-17-min-1-1024x769.jpg","type":"","width":"","height":""}],"twitter_card":"summary_large_image","twitter_misc":{"Dur\u00e9e de lecture estim\u00e9e":"3 minutes"},"schema":{"@context":"https:\/\/schema.org","@graph":[{"@type":"WebPage","@id":"https:\/\/masterprod.ro\/usile-cu-deschidere-tip-armonica\/","url":"https:\/\/masterprod.ro\/usile-cu-deschidere-tip-armonica\/","name":"u\u0219i cu deschidere tip armonic\u0103","isPartOf":{"@id":"https:\/\/masterprod.ro\/#website"},"primaryImageOfPage":{"@id":"https:\/\/masterprod.ro\/usile-cu-deschidere-tip-armonica\/#primaryimage"},"image":{"@id":"https:\/\/masterprod.ro\/usile-cu-deschidere-tip-armonica\/#primaryimage"},"thumbnailUrl":"https:\/\/masterprod.ro\/wp-content\/uploads\/2023\/01\/w-final-17-min-1-1024x769.jpg","datePublished":"2025-03-05T13:53:06+00:00","dateModified":"2025-03-11T12:40:42+00:00","description":"O op\u021biune pentru \u00eenchiderea teraselor sunt cunoscutele u\u0219i cu deschidere tip armonic\u0103, formate din mai multe panouri vitrate articulate","breadcrumb":{"@id":"https:\/\/masterprod.ro\/usile-cu-deschidere-tip-armonica\/#breadcrumb"},"inLanguage":"fr-FR","potentialAction":[{"@type":"ReadAction","target":["https:\/\/masterprod.ro\/usile-cu-deschidere-tip-armonica\/"]}]},{"@type":"ImageObject","inLanguage":"fr-FR","@id":"https:\/\/masterprod.ro\/usile-cu-deschidere-tip-armonica\/#primaryimage","url":"https:\/\/masterprod.ro\/wp-content\/uploads\/2023\/01\/w-final-17-min-1-1024x769.jpg","contentUrl":"https:\/\/masterprod.ro\/wp-content\/uploads\/2023\/01\/w-final-17-min-1-1024x769.jpg"},{"@type":"BreadcrumbList","@id":"https:\/\/masterprod.ro\/usile-cu-deschidere-tip-armonica\/#breadcrumb","itemListElement":[{"@type":"ListItem","position":1,"name":"Prima pagin\u0103","item":"https:\/\/masterprod.ro\/"},{"@type":"ListItem","position":2,"name":"U\u0219i cu deschidere tip armonic\u0103"}]},{"@type":"WebSite","@id":"https:\/\/masterprod.ro\/#website","url":"https:\/\/masterprod.ro\/","name":"Master Prod","description":"T\u00e2mpl\u0103rie aluminiu - pere\u021bi cortin\u0103, \u00eenchideri\/acoperiri terase","publisher":{"@id":"https:\/\/masterprod.ro\/#organization"},"potentialAction":[{"@type":"SearchAction","target":{"@type":"EntryPoint","urlTemplate":"https:\/\/masterprod.ro\/?s={search_term_string}"},"query-input":{"@type":"PropertyValueSpecification","valueRequired":true,"valueName":"search_term_string"}}],"inLanguage":"fr-FR"},{"@type":"Organization","@id":"https:\/\/masterprod.ro\/#organization","name":"Master Prod","url":"https:\/\/masterprod.ro\/","logo":{"@type":"ImageObject","inLanguage":"fr-FR","@id":"https:\/\/masterprod.ro\/#\/schema\/logo\/image\/","url":"https:\/\/masterprod.ro\/wp-content\/uploads\/2023\/02\/text-si-sigla.jpg","contentUrl":"https:\/\/masterprod.ro\/wp-content\/uploads\/2023\/02\/text-si-sigla.jpg","width":1058,"height":111,"caption":"Master Prod"},"image":{"@id":"https:\/\/masterprod.ro\/#\/schema\/logo\/image\/"}}]}},"_links":{"self":[{"href":"https:\/\/masterprod.ro\/fr\/wp-json\/wp\/v2\/pages\/15152","targetHints":{"allow":["GET"]}}],"collection":[{"href":"https:\/\/masterprod.ro\/fr\/wp-json\/wp\/v2\/pages"}],"about":[{"href":"https:\/\/masterprod.ro\/fr\/wp-json\/wp\/v2\/types\/page"}],"author":[{"embeddable":true,"href":"https:\/\/masterprod.ro\/fr\/wp-json\/wp\/v2\/users\/3"}],"replies":[{"embeddable":true,"href":"https:\/\/masterprod.ro\/fr\/wp-json\/wp\/v2\/comments?post=15152"}],"version-history":[{"count":0,"href":"https:\/\/masterprod.ro\/fr\/wp-json\/wp\/v2\/pages\/15152\/revisions"}],"wp:attachment":[{"href":"https:\/\/masterprod.ro\/fr\/wp-json\/wp\/v2\/media?parent=15152"}],"curies":[{"name":"wp","href":"https:\/\/api.w.org\/{rel}","templated":true}]}}