{"id":836,"date":"2023-01-18T07:16:13","date_gmt":"2023-01-18T07:16:13","guid":{"rendered":"https:\/\/s4.ddmmarketing.hu\/?page_id=836"},"modified":"2026-03-16T08:24:14","modified_gmt":"2026-03-16T06:24:14","slug":"portofoliu-produse-master-prod","status":"publish","type":"page","link":"https:\/\/masterprod.ro\/en\/portofoliu-produse-master-prod\/","title":{"rendered":"Portfolio"},"content":{"rendered":"<div data-elementor-type=\"wp-page\" data-elementor-id=\"836\" class=\"elementor elementor-836\">\n\t\t\t\t\t\t<section class=\"elementor-section elementor-top-section elementor-element elementor-element-3549248 elementor-section-boxed elementor-section-height-default elementor-section-height-default\" data-id=\"3549248\" data-element_type=\"section\" data-e-type=\"section\" data-settings=\"{&quot;background_background&quot;:&quot;classic&quot;}\">\n\t\t\t\t\t\t<div class=\"elementor-container elementor-column-gap-no\">\n\t\t\t\t\t<div class=\"elementor-column elementor-col-100 elementor-top-column elementor-element elementor-element-073fbb5\" data-id=\"073fbb5\" data-element_type=\"column\" data-e-type=\"column\">\n\t\t\t<div class=\"elementor-widget-wrap elementor-element-populated\">\n\t\t\t\t\t\t<div class=\"elementor-element elementor-element-5158c6c elementor-widget elementor-widget-heading\" data-id=\"5158c6c\" data-element_type=\"widget\" data-e-type=\"widget\" data-widget_type=\"heading.default\">\n\t\t\t\t<div class=\"elementor-widget-container\">\n\t\t\t\t\t<h1 class=\"elementor-heading-title elementor-size-default\"><a href=\"https:\/\/www.youtube.com\/@masterprod-bistritaromania8890\">Portfolio<\/a><\/h1>\t\t\t\t<\/div>\n\t\t\t\t<\/div>\n\t\t\t\t<div class=\"elementor-element elementor-element-d8a3f71 elementor-widget-divider--view-line elementor-widget elementor-widget-divider\" data-id=\"d8a3f71\" data-element_type=\"widget\" data-e-type=\"widget\" data-widget_type=\"divider.default\">\n\t\t\t\t<div class=\"elementor-widget-container\">\n\t\t\t\t\t\t\t<div class=\"elementor-divider\">\n\t\t\t<span class=\"elementor-divider-separator\">\n\t\t\t\t\t\t<\/span>\n\t\t<\/div>\n\t\t\t\t\t\t<\/div>\n\t\t\t\t<\/div>\n\t\t\t\t\t<\/div>\n\t\t<\/div>\n\t\t\t\t\t<\/div>\n\t\t<\/section>\n\t\t\t\t<section class=\"elementor-section elementor-top-section elementor-element elementor-element-77ce36a elementor-section-full_width elementor-section-content-middle elementor-section-height-default elementor-section-height-default\" data-id=\"77ce36a\" data-element_type=\"section\" data-e-type=\"section\">\n\t\t\t\t\t\t<div class=\"elementor-container elementor-column-gap-default\">\n\t\t\t\t\t<div class=\"elementor-column elementor-col-100 elementor-top-column elementor-element elementor-element-4f99d7f\" data-id=\"4f99d7f\" data-element_type=\"column\" data-e-type=\"column\">\n\t\t\t<div class=\"elementor-widget-wrap elementor-element-populated\">\n\t\t\t\t\t\t<div class=\"elementor-element elementor-element-ec7c03f elementor-widget elementor-widget-text-editor\" data-id=\"ec7c03f\" data-element_type=\"widget\" data-e-type=\"widget\" data-widget_type=\"text-editor.default\">\n\t\t\t\t<div class=\"elementor-widget-container\">\n\t\t\t\t\t\t\t\t\t<p>\u00a0 \u00a0 \u00a0 \u00a0 \u00a0 \u00a0 \u00a0 \u00a0 \u00a0 \u00a0 \u00a0 \u00a0 \u00a0 \u00a0 \u00a0 \u00a0 \u00a0 \u00a0 \u00a0 \u00a0 \u00a0 \u00a0 \u00a0 \u00a0 \u00a0 \u00a0 \u00a0<\/p><p>\u00a0Portofoliul de produse Master Prod este cartea noastr\u0103 de vizit\u0103. Avem mii de clien\u021bi multumi\u021bi de produsele noastre. Avem zeci de mii de metri p\u0103tra\u021bi de lucr\u0103ri executate \u0219i montate.\u00a0<span style=\"font-style: inherit; font-weight: inherit; background-color: var(--ast-global-color-4); color: var(--ast-global-color-3);\">Iat\u0103 c\u00e2teva dintre lucr\u0103rile noastre, realizate de-a lungul anilor.<\/span><\/p>\t\t\t\t\t\t\t\t<\/div>\n\t\t\t\t<\/div>\n\t\t\t\t\t<\/div>\n\t\t<\/div>\n\t\t\t\t\t<\/div>\n\t\t<\/section>\n\t\t<div class=\"elementor-element elementor-element-7c36926 e-flex e-con-boxed e-con e-parent\" data-id=\"7c36926\" data-element_type=\"container\" data-e-type=\"container\">\n\t\t\t\t\t<div class=\"e-con-inner\">\n\t\t\t\t<div class=\"elementor-element elementor-element-a876988 elementor-widget elementor-widget-shortcode\" data-id=\"a876988\" data-element_type=\"widget\" data-e-type=\"widget\" data-widget_type=\"shortcode.default\">\n\t\t\t\t<div class=\"elementor-widget-container\">\n\t\t\t\t\t\t\t<div class=\"elementor-shortcode\"><div class=\"portfolio-posts-grid\"><div class=\"portfolio-post-item\"><a href=\"https:\/\/masterprod.ro\/en\/project\/producator-tamplarie-din-aluminiu-cu-geam-termoizolant\/\"><img decoding=\"async\" src=\"https:\/\/masterprod.ro\/wp-content\/uploads\/2023\/01\/usi-culisante-aluminiu-master-pr-300x213.webp\" alt=\"T\u00e2mpl\u0103rie aluminiu\"><h4>Aluminium joinery<\/h4><\/a><\/div><div class=\"portfolio-post-item\"><a href=\"https:\/\/masterprod.ro\/en\/project\/pereti-cortina\/\"><img decoding=\"async\" src=\"https:\/\/masterprod.ro\/wp-content\/uploads\/2023\/01\/pereti-cortina-bistrita-master-p-300x213.webp\" alt=\"Pere\u021bi cortin\u0103\"><h4>Curtain walls<\/h4><\/a><\/div><div class=\"portfolio-post-item\"><a href=\"https:\/\/masterprod.ro\/en\/project\/portofoliu-produse-master-prod\/\"><img decoding=\"async\" src=\"https:\/\/masterprod.ro\/wp-content\/uploads\/2023\/01\/kisbahcesi-7-1-400x284-1-300x213.webp\" alt=\"Wintergarden\"><h4>Wintergarden<\/h4><\/a><\/div><div class=\"portfolio-post-item\"><a href=\"https:\/\/masterprod.ro\/en\/project\/tamplarie-pvc\/\"><img decoding=\"async\" src=\"https:\/\/masterprod.ro\/wp-content\/uploads\/2023\/01\/ventanas-de-pvc-400x284-1-300x213.webp\" alt=\"T\u00e2mpl\u0103rie PVC\"><h4>PVC joinery<\/h4><\/a><\/div><div class=\"portfolio-post-item\"><a href=\"https:\/\/masterprod.ro\/en\/project\/panouri-culisante-din-sticla\/\"><img decoding=\"async\" src=\"https:\/\/masterprod.ro\/wp-content\/uploads\/2023\/01\/22693387767_9e64bafc1e_b-1-400x2-1-300x213.webp\" alt=\"Panouri culisante din sticl\u0103\"><h4>Sliding glass panels<\/h4><\/a><\/div><div class=\"portfolio-post-item\"><a href=\"https:\/\/masterprod.ro\/en\/project\/cabine-de-dus\/\"><img decoding=\"async\" src=\"https:\/\/masterprod.ro\/wp-content\/uploads\/2023\/01\/dus4-2-400x284-1-300x213.webp\" alt=\"Cabine de du\u0219\"><h4>Shower cabins<\/h4><\/a><\/div><div class=\"portfolio-post-item\"><a href=\"https:\/\/masterprod.ro\/en\/project\/tamplarie-lemn\/\"><img decoding=\"async\" src=\"https:\/\/masterprod.ro\/wp-content\/uploads\/2023\/01\/tamplarie-lemn-stratificat-maste-300x213.webp\" alt=\"T\u00e2mpl\u0103rie lemn\"><h4>Wood joinery<\/h4><\/a><\/div><div class=\"portfolio-post-item\"><a href=\"https:\/\/masterprod.ro\/en\/project\/elemente-arhitecturale-din-sticla\/\"><img decoding=\"async\" src=\"https:\/\/masterprod.ro\/wp-content\/uploads\/2023\/01\/elemente-arhitecturale-din-sticl-300x213.webp\" alt=\"Elemente arhitecturale din sticl\u0103\"><h4>Architectural glass elements<\/h4><\/a><\/div><div class=\"portfolio-post-item\"><a href=\"https:\/\/masterprod.ro\/en\/project\/placari-pereti-cu-sticla-si-oglinda\/\"><img decoding=\"async\" src=\"https:\/\/masterprod.ro\/wp-content\/uploads\/2023\/01\/5-1-1-400x284-1-300x213.webp\" alt=\"Plac\u0103ri pere\u021bi cu sticl\u0103 \u0219i oglind\u0103\"><h4>Wall tiles with glass and mirror<\/h4><\/a><\/div><div class=\"portfolio-post-item\"><a href=\"https:\/\/masterprod.ro\/en\/project\/rulouri-exterioare\/\"><img decoding=\"async\" src=\"https:\/\/masterprod.ro\/wp-content\/uploads\/2023\/01\/01-1-400x284-1-300x213.webp\" alt=\"Rulouri exterioare\"><h4>External roller shutters<\/h4><\/a><\/div><div class=\"portfolio-post-item\"><a href=\"https:\/\/masterprod.ro\/en\/project\/usi-de-garaj\/\"><img decoding=\"async\" src=\"https:\/\/masterprod.ro\/wp-content\/uploads\/2023\/01\/59c80703220b5-1-400x284-1-300x213.webp\" alt=\"U\u0219i de garaj\"><h4>Garage doors<\/h4><\/a><\/div><div class=\"portfolio-post-item\"><a href=\"https:\/\/masterprod.ro\/en\/project\/usi-speciale\/\"><img decoding=\"async\" src=\"https:\/\/masterprod.ro\/wp-content\/uploads\/2023\/01\/rezistente-la-foc-bistrita-1-1-4-300x213.webp\" alt=\"U\u0219i speciale\"><h4>Special doors<\/h4><\/a><\/div><div class=\"portfolio-post-item\"><a href=\"https:\/\/masterprod.ro\/en\/project\/usi-automate\/\"><img decoding=\"async\" src=\"https:\/\/masterprod.ro\/wp-content\/uploads\/2023\/01\/usa-automata-master-prod-1-400x2-1-300x213.webp\" alt=\"U\u0219i automate\"><h4>Automatic doors<\/h4><\/a><\/div><div class=\"portfolio-post-item\"><a href=\"https:\/\/masterprod.ro\/en\/project\/jaluzele-si-perdele-lamelare\/\"><img decoding=\"async\" src=\"https:\/\/masterprod.ro\/wp-content\/uploads\/2023\/01\/perdele-lamelare-master-prod-1-4-300x213.webp\" alt=\"Jaluzele \u0219i perdele lamelare\"><h4>Blinds and lamellar curtains<\/h4><\/a><\/div><div class=\"portfolio-post-item\"><a href=\"https:\/\/masterprod.ro\/en\/project\/tehnica-parasolara\/\"><img decoding=\"async\" src=\"https:\/\/masterprod.ro\/wp-content\/uploads\/2023\/01\/copertine-retractabile-1-400x284-1-300x213.webp\" alt=\"Tehnic\u0103 parasolar\u0103\"><h4>Shading technique<\/h4><\/a><\/div><div class=\"portfolio-post-item\"><a href=\"https:\/\/masterprod.ro\/en\/project\/mobilier-amenajari-interioare\/\"><img decoding=\"async\" src=\"https:\/\/masterprod.ro\/wp-content\/uploads\/2023\/01\/20150702_070532-1-400x284-1-300x213.webp\" alt=\"Mobilier, amenaj\u0103ri interioare\"><h4>Furniture, interior design<\/h4><\/a><\/div><\/div><\/div>\n\t\t\t\t\t\t<\/div>\n\t\t\t\t<\/div>\n\t\t\t\t\t<\/div>\n\t\t\t\t<\/div>\n\t\t\t\t<\/div>","protected":false},"excerpt":{"rendered":"<p>Portofoliu Portofoliul de produse Master Prod este cartea noastr\u0103 de vizit\u0103. Avem mii de clien\u021bi multumi\u021bi de produsele noastre. Avem zeci de mii de metri p\u0103tra\u021bi de lucr\u0103ri executate \u0219i montate.\u00a0Iat\u0103 c\u00e2teva dintre lucr\u0103rile noastre, realizate de-a lungul anilor.<\/p>","protected":false},"author":1,"featured_media":0,"parent":0,"menu_order":0,"comment_status":"closed","ping_status":"closed","template":"","meta":{"_acf_changed":false,"site-sidebar-layout":"no-sidebar","site-content-layout":"page-builder","ast-site-content-layout":"full-width-container","site-content-style":"unboxed","site-sidebar-style":"unboxed","ast-global-header-display":"","ast-banner-title-visibility":"","ast-main-header-display":"","ast-hfb-above-header-display":"","ast-hfb-below-header-display":"","ast-hfb-mobile-header-display":"","site-post-title":"disabled","ast-breadcrumbs-content":"disabled","ast-featured-img":"disabled","footer-sml-layout":"","ast-disable-related-posts":"","theme-transparent-header-meta":"enabled","adv-header-id-meta":"","stick-header-meta":"","header-above-stick-meta":"","header-main-stick-meta":"","header-below-stick-meta":"","astra-migrate-meta-layouts":"set","ast-page-background-enabled":"default","ast-page-background-meta":{"desktop":{"background-color":"","background-image":"","background-repeat":"repeat","background-position":"center center","background-size":"auto","background-attachment":"scroll","background-type":"","background-media":"","overlay-type":"","overlay-color":"","overlay-opacity":"","overlay-gradient":""},"tablet":{"background-color":"","background-image":"","background-repeat":"repeat","background-position":"center center","background-size":"auto","background-attachment":"scroll","background-type":"","background-media":"","overlay-type":"","overlay-color":"","overlay-opacity":"","overlay-gradient":""},"mobile":{"background-color":"","background-image":"","background-repeat":"repeat","background-position":"center center","background-size":"auto","background-attachment":"scroll","background-type":"","background-media":"","overlay-type":"","overlay-color":"","overlay-opacity":"","overlay-gradient":""}},"ast-content-background-meta":{"desktop":{"background-color":"var(--ast-global-color-5)","background-image":"","background-repeat":"repeat","background-position":"center center","background-size":"auto","background-attachment":"scroll","background-type":"","background-media":"","overlay-type":"","overlay-color":"","overlay-opacity":"","overlay-gradient":""},"tablet":{"background-color":"var(--ast-global-color-5)","background-image":"","background-repeat":"repeat","background-position":"center center","background-size":"auto","background-attachment":"scroll","background-type":"","background-media":"","overlay-type":"","overlay-color":"","overlay-opacity":"","overlay-gradient":""},"mobile":{"background-color":"var(--ast-global-color-5)","background-image":"","background-repeat":"repeat","background-position":"center center","background-size":"auto","background-attachment":"scroll","background-type":"","background-media":"","overlay-type":"","overlay-color":"","overlay-opacity":"","overlay-gradient":""}},"footnotes":""},"class_list":["post-836","page","type-page","status-publish","hentry"],"acf":[],"yoast_head":"<!-- This site is optimized with the Yoast SEO plugin v27.1.1 - https:\/\/yoast.com\/product\/yoast-seo-wordpress\/ -->\n<title>Portofoliu Master Prod \u2013 Lucr\u0103ri T\u00e2mpl\u0103rie Aluminiu<\/title>\n<meta name=\"description\" content=\"Descoper\u0103 portofoliul Master Prod: lucr\u0103ri de t\u00e2mpl\u0103rie aluminiu, pere\u021bi cortin\u0103, wintergarden, panouri culisante din sticl\u0103 \u0219i alte solu\u021bii moderne.\" \/>\n<meta name=\"robots\" content=\"index, follow, max-snippet:-1, max-image-preview:large, max-video-preview:-1\" \/>\n<link rel=\"canonical\" href=\"https:\/\/masterprod.ro\/en\/portofoliu-produse-master-prod\/\" \/>\n<meta property=\"og:locale\" content=\"en_US\" \/>\n<meta property=\"og:type\" content=\"article\" \/>\n<meta property=\"og:title\" content=\"Portofoliu Master Prod \u2013 Lucr\u0103ri T\u00e2mpl\u0103rie Aluminiu\" \/>\n<meta property=\"og:description\" content=\"Descoper\u0103 portofoliul Master Prod: lucr\u0103ri de t\u00e2mpl\u0103rie aluminiu, pere\u021bi cortin\u0103, wintergarden, panouri culisante din sticl\u0103 \u0219i alte solu\u021bii moderne.\" \/>\n<meta property=\"og:url\" content=\"https:\/\/masterprod.ro\/en\/portofoliu-produse-master-prod\/\" \/>\n<meta property=\"og:site_name\" content=\"Master Prod\" \/>\n<meta property=\"article:modified_time\" content=\"2026-03-16T06:24:14+00:00\" \/>\n<meta name=\"twitter:card\" content=\"summary_large_image\" \/>\n<meta name=\"twitter:label1\" content=\"Est. reading time\" \/>\n\t<meta name=\"twitter:data1\" content=\"1 minute\" \/>\n<script type=\"application\/ld+json\" class=\"yoast-schema-graph\">{\"@context\":\"https:\/\/schema.org\",\"@graph\":[{\"@type\":\"WebPage\",\"@id\":\"https:\/\/masterprod.ro\/portofoliu-produse-master-prod\/\",\"url\":\"https:\/\/masterprod.ro\/portofoliu-produse-master-prod\/\",\"name\":\"Portofoliu Master Prod \u2013 Lucr\u0103ri T\u00e2mpl\u0103rie Aluminiu\",\"isPartOf\":{\"@id\":\"https:\/\/masterprod.ro\/#website\"},\"datePublished\":\"2023-01-18T07:16:13+00:00\",\"dateModified\":\"2026-03-16T06:24:14+00:00\",\"description\":\"Descoper\u0103 portofoliul Master Prod: lucr\u0103ri de t\u00e2mpl\u0103rie aluminiu, pere\u021bi cortin\u0103, wintergarden, panouri culisante din sticl\u0103 \u0219i alte solu\u021bii moderne.\",\"breadcrumb\":{\"@id\":\"https:\/\/masterprod.ro\/portofoliu-produse-master-prod\/#breadcrumb\"},\"inLanguage\":\"en-US\",\"potentialAction\":[{\"@type\":\"ReadAction\",\"target\":[\"https:\/\/masterprod.ro\/portofoliu-produse-master-prod\/\"]}]},{\"@type\":\"BreadcrumbList\",\"@id\":\"https:\/\/masterprod.ro\/portofoliu-produse-master-prod\/#breadcrumb\",\"itemListElement\":[{\"@type\":\"ListItem\",\"position\":1,\"name\":\"Prima pagin\u0103\",\"item\":\"https:\/\/masterprod.ro\/\"},{\"@type\":\"ListItem\",\"position\":2,\"name\":\"Portofoliu\"}]},{\"@type\":\"WebSite\",\"@id\":\"https:\/\/masterprod.ro\/#website\",\"url\":\"https:\/\/masterprod.ro\/\",\"name\":\"Master Prod\",\"description\":\"T\u00e2mpl\u0103rie aluminiu - pere\u021bi cortin\u0103, \u00eenchideri\/acoperiri terase\",\"publisher\":{\"@id\":\"https:\/\/masterprod.ro\/#organization\"},\"potentialAction\":[{\"@type\":\"SearchAction\",\"target\":{\"@type\":\"EntryPoint\",\"urlTemplate\":\"https:\/\/masterprod.ro\/?s={search_term_string}\"},\"query-input\":{\"@type\":\"PropertyValueSpecification\",\"valueRequired\":true,\"valueName\":\"search_term_string\"}}],\"inLanguage\":\"en-US\"},{\"@type\":\"Organization\",\"@id\":\"https:\/\/masterprod.ro\/#organization\",\"name\":\"Master Prod\",\"url\":\"https:\/\/masterprod.ro\/\",\"logo\":{\"@type\":\"ImageObject\",\"inLanguage\":\"en-US\",\"@id\":\"https:\/\/masterprod.ro\/#\/schema\/logo\/image\/\",\"url\":\"https:\/\/masterprod.ro\/wp-content\/uploads\/2023\/02\/text-si-sigla.jpg\",\"contentUrl\":\"https:\/\/masterprod.ro\/wp-content\/uploads\/2023\/02\/text-si-sigla.jpg\",\"width\":1058,\"height\":111,\"caption\":\"Master Prod\"},\"image\":{\"@id\":\"https:\/\/masterprod.ro\/#\/schema\/logo\/image\/\"}}]}<\/script>\n<!-- \/ Yoast SEO plugin. -->","yoast_head_json":{"title":"Portofoliu Master Prod \u2013 Lucr\u0103ri T\u00e2mpl\u0103rie Aluminiu","description":"Descoper\u0103 portofoliul Master Prod: lucr\u0103ri de t\u00e2mpl\u0103rie aluminiu, pere\u021bi cortin\u0103, wintergarden, panouri culisante din sticl\u0103 \u0219i alte solu\u021bii moderne.","robots":{"index":"index","follow":"follow","max-snippet":"max-snippet:-1","max-image-preview":"max-image-preview:large","max-video-preview":"max-video-preview:-1"},"canonical":"https:\/\/masterprod.ro\/en\/portofoliu-produse-master-prod\/","og_locale":"en_US","og_type":"article","og_title":"Portofoliu Master Prod \u2013 Lucr\u0103ri T\u00e2mpl\u0103rie Aluminiu","og_description":"Descoper\u0103 portofoliul Master Prod: lucr\u0103ri de t\u00e2mpl\u0103rie aluminiu, pere\u021bi cortin\u0103, wintergarden, panouri culisante din sticl\u0103 \u0219i alte solu\u021bii moderne.","og_url":"https:\/\/masterprod.ro\/en\/portofoliu-produse-master-prod\/","og_site_name":"Master Prod","article_modified_time":"2026-03-16T06:24:14+00:00","twitter_card":"summary_large_image","twitter_misc":{"Est. reading time":"1 minute"},"schema":{"@context":"https:\/\/schema.org","@graph":[{"@type":"WebPage","@id":"https:\/\/masterprod.ro\/portofoliu-produse-master-prod\/","url":"https:\/\/masterprod.ro\/portofoliu-produse-master-prod\/","name":"Portofoliu Master Prod \u2013 Lucr\u0103ri T\u00e2mpl\u0103rie Aluminiu","isPartOf":{"@id":"https:\/\/masterprod.ro\/#website"},"datePublished":"2023-01-18T07:16:13+00:00","dateModified":"2026-03-16T06:24:14+00:00","description":"Descoper\u0103 portofoliul Master Prod: lucr\u0103ri de t\u00e2mpl\u0103rie aluminiu, pere\u021bi cortin\u0103, wintergarden, panouri culisante din sticl\u0103 \u0219i alte solu\u021bii moderne.","breadcrumb":{"@id":"https:\/\/masterprod.ro\/portofoliu-produse-master-prod\/#breadcrumb"},"inLanguage":"en-US","potentialAction":[{"@type":"ReadAction","target":["https:\/\/masterprod.ro\/portofoliu-produse-master-prod\/"]}]},{"@type":"BreadcrumbList","@id":"https:\/\/masterprod.ro\/portofoliu-produse-master-prod\/#breadcrumb","itemListElement":[{"@type":"ListItem","position":1,"name":"Prima pagin\u0103","item":"https:\/\/masterprod.ro\/"},{"@type":"ListItem","position":2,"name":"Portofoliu"}]},{"@type":"WebSite","@id":"https:\/\/masterprod.ro\/#website","url":"https:\/\/masterprod.ro\/","name":"Master Prod","description":"T\u00e2mpl\u0103rie aluminiu - pere\u021bi cortin\u0103, \u00eenchideri\/acoperiri terase","publisher":{"@id":"https:\/\/masterprod.ro\/#organization"},"potentialAction":[{"@type":"SearchAction","target":{"@type":"EntryPoint","urlTemplate":"https:\/\/masterprod.ro\/?s={search_term_string}"},"query-input":{"@type":"PropertyValueSpecification","valueRequired":true,"valueName":"search_term_string"}}],"inLanguage":"en-US"},{"@type":"Organization","@id":"https:\/\/masterprod.ro\/#organization","name":"Master Prod","url":"https:\/\/masterprod.ro\/","logo":{"@type":"ImageObject","inLanguage":"en-US","@id":"https:\/\/masterprod.ro\/#\/schema\/logo\/image\/","url":"https:\/\/masterprod.ro\/wp-content\/uploads\/2023\/02\/text-si-sigla.jpg","contentUrl":"https:\/\/masterprod.ro\/wp-content\/uploads\/2023\/02\/text-si-sigla.jpg","width":1058,"height":111,"caption":"Master Prod"},"image":{"@id":"https:\/\/masterprod.ro\/#\/schema\/logo\/image\/"}}]}},"_links":{"self":[{"href":"https:\/\/masterprod.ro\/en\/wp-json\/wp\/v2\/pages\/836","targetHints":{"allow":["GET"]}}],"collection":[{"href":"https:\/\/masterprod.ro\/en\/wp-json\/wp\/v2\/pages"}],"about":[{"href":"https:\/\/masterprod.ro\/en\/wp-json\/wp\/v2\/types\/page"}],"author":[{"embeddable":true,"href":"https:\/\/masterprod.ro\/en\/wp-json\/wp\/v2\/users\/1"}],"replies":[{"embeddable":true,"href":"https:\/\/masterprod.ro\/en\/wp-json\/wp\/v2\/comments?post=836"}],"version-history":[{"count":86,"href":"https:\/\/masterprod.ro\/en\/wp-json\/wp\/v2\/pages\/836\/revisions"}],"predecessor-version":[{"id":16511,"href":"https:\/\/masterprod.ro\/en\/wp-json\/wp\/v2\/pages\/836\/revisions\/16511"}],"wp:attachment":[{"href":"https:\/\/masterprod.ro\/en\/wp-json\/wp\/v2\/media?parent=836"}],"curies":[{"name":"wp","href":"https:\/\/api.w.org\/{rel}","templated":true}]}}