{"id":15657,"date":"2025-03-10T16:18:06","date_gmt":"2025-03-10T14:18:06","guid":{"rendered":"https:\/\/masterprod.ro\/?page_id=15657"},"modified":"2025-03-11T15:29:57","modified_gmt":"2025-03-11T13:29:57","slug":"sisteme-salamander-usi-si-ferestre-furnizori-europeni-de-sisteme-din-pvc","status":"publish","type":"page","link":"https:\/\/masterprod.ro\/en\/sisteme-salamander-usi-si-ferestre-furnizori-europeni-de-sisteme-din-pvc\/","title":{"rendered":"Sisteme Salamander u\u0219i \u0219i ferestre"},"content":{"rendered":"<div data-elementor-type=\"wp-page\" data-elementor-id=\"15657\" class=\"elementor elementor-15657\">\n\t\t\t\t<div class=\"elementor-element elementor-element-52c145f e-flex e-con-boxed e-con e-parent\" data-id=\"52c145f\" data-element_type=\"container\" data-e-type=\"container\">\n\t\t\t\t\t<div class=\"e-con-inner\">\n\t\t\t\t<div class=\"elementor-element elementor-element-7ac88dd elementor-widget elementor-widget-image\" data-id=\"7ac88dd\" data-element_type=\"widget\" data-e-type=\"widget\" data-widget_type=\"image.default\">\n\t\t\t\t<div class=\"elementor-widget-container\">\n\t\t\t\t\t\t\t\t\t\t\t\t\t\t\t<img fetchpriority=\"high\" decoding=\"async\" width=\"592\" height=\"172\" src=\"https:\/\/masterprod.ro\/wp-content\/uploads\/2025\/03\/sigla-salamander.jpg\" class=\"attachment-full size-full wp-image-15521\" alt=\"Salamander\" srcset=\"https:\/\/masterprod.ro\/wp-content\/uploads\/2025\/03\/sigla-salamander.jpg 592w, https:\/\/masterprod.ro\/wp-content\/uploads\/2025\/03\/sigla-salamander-300x87.jpg 300w, https:\/\/masterprod.ro\/wp-content\/uploads\/2025\/03\/sigla-salamander-500x145.jpg 500w, https:\/\/masterprod.ro\/wp-content\/uploads\/2025\/03\/sigla-salamander-18x5.jpg 18w\" sizes=\"(max-width: 592px) 100vw, 592px\" \/>\t\t\t\t\t\t\t\t\t\t\t\t\t\t\t<\/div>\n\t\t\t\t<\/div>\n\t\t\t\t\t<\/div>\n\t\t\t\t<\/div>\n\t\t<div class=\"elementor-element elementor-element-66fb4fa e-flex e-con-boxed e-con e-parent\" data-id=\"66fb4fa\" data-element_type=\"container\" data-e-type=\"container\">\n\t\t\t\t\t<div class=\"e-con-inner\">\n\t\t\t\t<div class=\"elementor-element elementor-element-a52a099 elementor-widget elementor-widget-heading\" data-id=\"a52a099\" data-element_type=\"widget\" data-e-type=\"widget\" data-widget_type=\"heading.default\">\n\t\t\t\t<div class=\"elementor-widget-container\">\n\t\t\t\t\t<h5 class=\"elementor-heading-title elementor-size-default\">Profile PVC de calitate superioar\u0103 pentru t\u00e2mpl\u0103rie durabil\u0103<\/h5>\t\t\t\t<\/div>\n\t\t\t\t<\/div>\n\t\t\t\t\t<\/div>\n\t\t\t\t<\/div>\n\t\t<div class=\"elementor-element elementor-element-f137411 e-flex e-con-boxed e-con e-parent\" data-id=\"f137411\" data-element_type=\"container\" data-e-type=\"container\">\n\t\t\t\t\t<div class=\"e-con-inner\">\n\t\t<div class=\"elementor-element elementor-element-61aad2e e-con-full e-flex e-con e-child\" data-id=\"61aad2e\" data-element_type=\"container\" data-e-type=\"container\">\n\t\t\t\t<div class=\"elementor-element elementor-element-ccecfeb elementor-widget elementor-widget-text-editor\" data-id=\"ccecfeb\" data-element_type=\"widget\" data-e-type=\"widget\" data-widget_type=\"text-editor.default\">\n\t\t\t\t<div class=\"elementor-widget-container\">\n\t\t\t\t\t\t\t\t\t<p>\u00a0 \u00a0 \u00a0Master Prod ofer\u0103 t\u00e2mpl\u0103rie realizat\u0103 din profile <a href=\"https:\/\/salamander-windows.de\/\"><strong>Salamander Industrie-Produkte GmbH.<\/strong><\/a> Acesta este unul dintre cei mai mari furnizori europeni de sisteme din PVC pentru ferestre \u0219i u\u0219i. Cu o tradi\u021bie \u00eendelungat\u0103 \u00een inova\u021bie, Salamander ofer\u0103 solu\u021bii premium, adaptate cerin\u021belor moderne de eficien\u021b\u0103 energetic\u0103, durabilitate \u0219i design.<\/p><p>\u00a0 \u00a0 \u00a0Profilele <strong>Salamander<\/strong>, clasificate \u00een <strong>clasa A<\/strong>, sunt proiectate pentru a rezista \u00een condi\u021bii extreme de mediu \u0219i utilizare. Datorit\u0103 materialelor de \u00eenalt\u0103 calitate \u0219i tehnologiei avansate, acestea asigur\u0103 <strong>izola\u021bie termic\u0103 \u0219i fonic\u0103 excelent\u0103<\/strong>, contribuind la un confort sporit \u00een orice tip de locuin\u021b\u0103 sau spa\u021biu comercial. Mai mult, rezisten\u021ba excep\u021bional\u0103 la intemperii \u0219i la varia\u021biile mari de temperatur\u0103 garanteaz\u0103 o durabilitate \u00eendelungat\u0103 \u0219i \u00eentre\u021binere minim\u0103.\u00a0 \u00a0\u00a0<\/p><p><span style=\"font-style: inherit; font-weight: inherit; background-color: inherit; text-align: var(--text-align);\">\u00a0 \u00a0 \u00a0Folosirea produselor de la unul dintre cei mai renumi\u021bi furnizori europeni de sisteme din PVC, garanteaz\u0103 produse fiabile \u0219i performante pentru orice proiect.<\/span><\/p>\t\t\t\t\t\t\t\t<\/div>\n\t\t\t\t<\/div>\n\t\t\t\t<\/div>\n\t\t\t\t\t<\/div>\n\t\t\t\t<\/div>\n\t\t<div class=\"elementor-element elementor-element-266277c e-flex e-con-boxed e-con e-parent\" data-id=\"266277c\" data-element_type=\"container\" data-e-type=\"container\">\n\t\t\t\t\t<div class=\"e-con-inner\">\n\t\t\t\t<div class=\"elementor-element elementor-element-2dd7f4a elementor-widget-divider--view-line elementor-widget elementor-widget-divider\" data-id=\"2dd7f4a\" data-element_type=\"widget\" data-e-type=\"widget\" data-widget_type=\"divider.default\">\n\t\t\t\t<div class=\"elementor-widget-container\">\n\t\t\t\t\t\t\t<div class=\"elementor-divider\">\n\t\t\t<span class=\"elementor-divider-separator\">\n\t\t\t\t\t\t<\/span>\n\t\t<\/div>\n\t\t\t\t\t\t<\/div>\n\t\t\t\t<\/div>\n\t\t\t\t\t<\/div>\n\t\t\t\t<\/div>\n\t\t<div class=\"elementor-element elementor-element-2755fed e-flex e-con-boxed e-con e-parent\" data-id=\"2755fed\" data-element_type=\"container\" data-e-type=\"container\" data-settings=\"{&quot;background_background&quot;:&quot;classic&quot;}\">\n\t\t\t\t\t<div class=\"e-con-inner\">\n\t\t\t\t<div class=\"elementor-element elementor-element-5c22e5c elementor-widget__width-initial e-n-tabs-mobile elementor-widget elementor-widget-n-tabs\" data-id=\"5c22e5c\" data-element_type=\"widget\" data-e-type=\"widget\" data-widget_type=\"nested-tabs.default\">\n\t\t\t\t<div class=\"elementor-widget-container\">\n\t\t\t\t\t\t\t<div class=\"e-n-tabs\" data-widget-number=\"96611932\" aria-label=\"Tabs. Open items with Enter or Space, close with Escape and navigate using the Arrow keys.\" data-no-translation-aria-label=\"\">\n\t\t\t<div class=\"e-n-tabs-heading\" role=\"tablist\">\n\t\t\t\t\t<button id=\"e-n-tab-title-966119321\" data-tab-title-id=\"e-n-tab-title-966119321\" class=\"e-n-tab-title\" aria-selected=\"true\" data-tab-index=\"1\" role=\"tab\" tabindex=\"0\" aria-controls=\"e-n-tab-content-966119321\" style=\"--n-tabs-title-order: 1;\">\n\t\t\t\t\t\t<span class=\"e-n-tab-title-text\">\n\t\t\t\tSisteme ferestre \u0219i u\u0219i\t\t\t<\/span>\n\t\t<\/button>\n\t\t\t\t\t<\/div>\n\t\t\t<div class=\"e-n-tabs-content\">\n\t\t\t\t<div id=\"e-n-tab-content-966119321\" role=\"tabpanel\" aria-labelledby=\"e-n-tab-title-966119321\" data-tab-index=\"1\" style=\"--n-tabs-title-order: 1;\" class=\"e-active elementor-element elementor-element-a10417b e-con-full e-grid e-con e-child\" data-id=\"a10417b\" data-element_type=\"container\" data-e-type=\"container\">\n\t\t\t\t<div class=\"elementor-element elementor-element-05e5614 elementor-widget elementor-widget-button\" data-id=\"05e5614\" data-element_type=\"widget\" data-e-type=\"widget\" data-widget_type=\"button.default\">\n\t\t\t\t<div class=\"elementor-widget-container\">\n\t\t\t\t\t\t\t\t\t<div class=\"elementor-button-wrapper\">\n\t\t\t\t\t<a class=\"elementor-button elementor-button-link elementor-size-sm\" href=\"https:\/\/masterprod.ro\/en\/?post_type=produs&#038;p=15671&#038;preview=true\">\n\t\t\t\t\t\t<span class=\"elementor-button-content-wrapper\">\n\t\t\t\t\t\t\t\t\t<span class=\"elementor-button-text\">Green Evolution 76AD \u0219i 76MD<\/span>\n\t\t\t\t\t<\/span>\n\t\t\t\t\t<\/a>\n\t\t\t\t<\/div>\n\t\t\t\t\t\t\t\t<\/div>\n\t\t\t\t<\/div>\n\t\t\t\t<\/div>\n\t\t\t\t\t<\/div>\n\t\t<\/div>\n\t\t\t\t\t\t<\/div>\n\t\t\t\t<\/div>\n\t\t\t\t\t<\/div>\n\t\t\t\t<\/div>\n\t\t\t\t<\/div>","protected":false},"excerpt":{"rendered":"<p>Profile PVC de calitate superioar\u0103 pentru t\u00e2mpl\u0103rie durabil\u0103 Master Prod ofer\u0103 t\u00e2mpl\u0103rie realizat\u0103 din profile Salamander Industrie-Produkte GmbH. Acesta este unul dintre cei mai mari furnizori europeni de sisteme din PVC pentru ferestre \u0219i u\u0219i. Cu o tradi\u021bie \u00eendelungat\u0103 \u00een inova\u021bie, Salamander ofer\u0103 solu\u021bii premium, adaptate cerin\u021belor moderne de eficien\u021b\u0103 energetic\u0103, durabilitate \u0219i design. Profilele [&hellip;]<\/p>\n","protected":false},"author":3,"featured_media":0,"parent":0,"menu_order":0,"comment_status":"closed","ping_status":"closed","template":"","meta":{"_acf_changed":false,"site-sidebar-layout":"no-sidebar","site-content-layout":"page-builder","ast-site-content-layout":"full-width-container","site-content-style":"unboxed","site-sidebar-style":"unboxed","ast-global-header-display":"","ast-banner-title-visibility":"","ast-main-header-display":"","ast-hfb-above-header-display":"","ast-hfb-below-header-display":"","ast-hfb-mobile-header-display":"","site-post-title":"disabled","ast-breadcrumbs-content":"","ast-featured-img":"disabled","footer-sml-layout":"","ast-disable-related-posts":"","theme-transparent-header-meta":"default","adv-header-id-meta":"","stick-header-meta":"","header-above-stick-meta":"","header-main-stick-meta":"","header-below-stick-meta":"","astra-migrate-meta-layouts":"set","ast-page-background-enabled":"default","ast-page-background-meta":{"desktop":{"background-color":"","background-image":"","background-repeat":"repeat","background-position":"center center","background-size":"auto","background-attachment":"scroll","background-type":"","background-media":"","overlay-type":"","overlay-color":"","overlay-opacity":"","overlay-gradient":""},"tablet":{"background-color":"","background-image":"","background-repeat":"repeat","background-position":"center center","background-size":"auto","background-attachment":"scroll","background-type":"","background-media":"","overlay-type":"","overlay-color":"","overlay-opacity":"","overlay-gradient":""},"mobile":{"background-color":"","background-image":"","background-repeat":"repeat","background-position":"center center","background-size":"auto","background-attachment":"scroll","background-type":"","background-media":"","overlay-type":"","overlay-color":"","overlay-opacity":"","overlay-gradient":""}},"ast-content-background-meta":{"desktop":{"background-color":"var(--ast-global-color-5)","background-image":"","background-repeat":"repeat","background-position":"center center","background-size":"auto","background-attachment":"scroll","background-type":"","background-media":"","overlay-type":"","overlay-color":"","overlay-opacity":"","overlay-gradient":""},"tablet":{"background-color":"var(--ast-global-color-5)","background-image":"","background-repeat":"repeat","background-position":"center center","background-size":"auto","background-attachment":"scroll","background-type":"","background-media":"","overlay-type":"","overlay-color":"","overlay-opacity":"","overlay-gradient":""},"mobile":{"background-color":"var(--ast-global-color-5)","background-image":"","background-repeat":"repeat","background-position":"center center","background-size":"auto","background-attachment":"scroll","background-type":"","background-media":"","overlay-type":"","overlay-color":"","overlay-opacity":"","overlay-gradient":""}},"footnotes":""},"class_list":["post-15657","page","type-page","status-publish","hentry"],"acf":[],"yoast_head":"<!-- This site is optimized with the Yoast SEO plugin v27.1.1 - https:\/\/yoast.com\/product\/yoast-seo-wordpress\/ -->\n<title>furnizori europeni de sisteme din PVC<\/title>\n<meta name=\"description\" content=\"Master Prod ofer\u0103 t\u00e2mpl\u0103rie din profile Salamander, unul dintre cei mai mari furnizori europeni de sisteme din PVC pentru tamplarie\" \/>\n<meta name=\"robots\" content=\"index, follow, max-snippet:-1, max-image-preview:large, max-video-preview:-1\" \/>\n<link rel=\"canonical\" href=\"https:\/\/masterprod.ro\/en\/sisteme-salamander-usi-si-ferestre-furnizori-europeni-de-sisteme-din-pvc\/\" \/>\n<meta property=\"og:locale\" content=\"en_US\" \/>\n<meta property=\"og:type\" content=\"article\" \/>\n<meta property=\"og:title\" content=\"furnizori europeni de sisteme din PVC\" \/>\n<meta property=\"og:description\" content=\"Master Prod ofer\u0103 t\u00e2mpl\u0103rie din profile Salamander, unul dintre cei mai mari furnizori europeni de sisteme din PVC pentru tamplarie\" \/>\n<meta property=\"og:url\" content=\"https:\/\/masterprod.ro\/en\/sisteme-salamander-usi-si-ferestre-furnizori-europeni-de-sisteme-din-pvc\/\" \/>\n<meta property=\"og:site_name\" content=\"Master Prod\" \/>\n<meta property=\"article:modified_time\" content=\"2025-03-11T13:29:57+00:00\" \/>\n<meta property=\"og:image\" content=\"https:\/\/masterprod.ro\/wp-content\/uploads\/2025\/03\/sigla-salamander.jpg\" \/>\n<meta name=\"twitter:card\" content=\"summary_large_image\" \/>\n<meta name=\"twitter:label1\" content=\"Est. reading time\" \/>\n\t<meta name=\"twitter:data1\" content=\"2 minutes\" \/>\n<script type=\"application\/ld+json\" class=\"yoast-schema-graph\">{\"@context\":\"https:\/\/schema.org\",\"@graph\":[{\"@type\":\"WebPage\",\"@id\":\"https:\/\/masterprod.ro\/sisteme-salamander-usi-si-ferestre-furnizori-europeni-de-sisteme-din-pvc\/\",\"url\":\"https:\/\/masterprod.ro\/sisteme-salamander-usi-si-ferestre-furnizori-europeni-de-sisteme-din-pvc\/\",\"name\":\"furnizori europeni de sisteme din PVC\",\"isPartOf\":{\"@id\":\"https:\/\/masterprod.ro\/#website\"},\"primaryImageOfPage\":{\"@id\":\"https:\/\/masterprod.ro\/sisteme-salamander-usi-si-ferestre-furnizori-europeni-de-sisteme-din-pvc\/#primaryimage\"},\"image\":{\"@id\":\"https:\/\/masterprod.ro\/sisteme-salamander-usi-si-ferestre-furnizori-europeni-de-sisteme-din-pvc\/#primaryimage\"},\"thumbnailUrl\":\"https:\/\/masterprod.ro\/wp-content\/uploads\/2025\/03\/sigla-salamander.jpg\",\"datePublished\":\"2025-03-10T14:18:06+00:00\",\"dateModified\":\"2025-03-11T13:29:57+00:00\",\"description\":\"Master Prod ofer\u0103 t\u00e2mpl\u0103rie din profile Salamander, unul dintre cei mai mari furnizori europeni de sisteme din PVC pentru tamplarie\",\"breadcrumb\":{\"@id\":\"https:\/\/masterprod.ro\/sisteme-salamander-usi-si-ferestre-furnizori-europeni-de-sisteme-din-pvc\/#breadcrumb\"},\"inLanguage\":\"en-US\",\"potentialAction\":[{\"@type\":\"ReadAction\",\"target\":[\"https:\/\/masterprod.ro\/sisteme-salamander-usi-si-ferestre-furnizori-europeni-de-sisteme-din-pvc\/\"]}]},{\"@type\":\"ImageObject\",\"inLanguage\":\"en-US\",\"@id\":\"https:\/\/masterprod.ro\/sisteme-salamander-usi-si-ferestre-furnizori-europeni-de-sisteme-din-pvc\/#primaryimage\",\"url\":\"https:\/\/masterprod.ro\/wp-content\/uploads\/2025\/03\/sigla-salamander.jpg\",\"contentUrl\":\"https:\/\/masterprod.ro\/wp-content\/uploads\/2025\/03\/sigla-salamander.jpg\"},{\"@type\":\"BreadcrumbList\",\"@id\":\"https:\/\/masterprod.ro\/sisteme-salamander-usi-si-ferestre-furnizori-europeni-de-sisteme-din-pvc\/#breadcrumb\",\"itemListElement\":[{\"@type\":\"ListItem\",\"position\":1,\"name\":\"Prima pagin\u0103\",\"item\":\"https:\/\/masterprod.ro\/\"},{\"@type\":\"ListItem\",\"position\":2,\"name\":\"Sisteme Salamander u\u0219i \u0219i ferestre\"}]},{\"@type\":\"WebSite\",\"@id\":\"https:\/\/masterprod.ro\/#website\",\"url\":\"https:\/\/masterprod.ro\/\",\"name\":\"Master Prod\",\"description\":\"T\u00e2mpl\u0103rie aluminiu - pere\u021bi cortin\u0103, \u00eenchideri\/acoperiri terase\",\"publisher\":{\"@id\":\"https:\/\/masterprod.ro\/#organization\"},\"potentialAction\":[{\"@type\":\"SearchAction\",\"target\":{\"@type\":\"EntryPoint\",\"urlTemplate\":\"https:\/\/masterprod.ro\/?s={search_term_string}\"},\"query-input\":{\"@type\":\"PropertyValueSpecification\",\"valueRequired\":true,\"valueName\":\"search_term_string\"}}],\"inLanguage\":\"en-US\"},{\"@type\":\"Organization\",\"@id\":\"https:\/\/masterprod.ro\/#organization\",\"name\":\"Master Prod\",\"url\":\"https:\/\/masterprod.ro\/\",\"logo\":{\"@type\":\"ImageObject\",\"inLanguage\":\"en-US\",\"@id\":\"https:\/\/masterprod.ro\/#\/schema\/logo\/image\/\",\"url\":\"https:\/\/masterprod.ro\/wp-content\/uploads\/2023\/02\/text-si-sigla.jpg\",\"contentUrl\":\"https:\/\/masterprod.ro\/wp-content\/uploads\/2023\/02\/text-si-sigla.jpg\",\"width\":1058,\"height\":111,\"caption\":\"Master Prod\"},\"image\":{\"@id\":\"https:\/\/masterprod.ro\/#\/schema\/logo\/image\/\"}}]}<\/script>\n<!-- \/ Yoast SEO plugin. -->","yoast_head_json":{"title":"furnizori europeni de sisteme din PVC","description":"Master Prod ofer\u0103 t\u00e2mpl\u0103rie din profile Salamander, unul dintre cei mai mari furnizori europeni de sisteme din PVC pentru tamplarie","robots":{"index":"index","follow":"follow","max-snippet":"max-snippet:-1","max-image-preview":"max-image-preview:large","max-video-preview":"max-video-preview:-1"},"canonical":"https:\/\/masterprod.ro\/en\/sisteme-salamander-usi-si-ferestre-furnizori-europeni-de-sisteme-din-pvc\/","og_locale":"en_US","og_type":"article","og_title":"furnizori europeni de sisteme din PVC","og_description":"Master Prod ofer\u0103 t\u00e2mpl\u0103rie din profile Salamander, unul dintre cei mai mari furnizori europeni de sisteme din PVC pentru tamplarie","og_url":"https:\/\/masterprod.ro\/en\/sisteme-salamander-usi-si-ferestre-furnizori-europeni-de-sisteme-din-pvc\/","og_site_name":"Master Prod","article_modified_time":"2025-03-11T13:29:57+00:00","og_image":[{"url":"https:\/\/masterprod.ro\/wp-content\/uploads\/2025\/03\/sigla-salamander.jpg","type":"","width":"","height":""}],"twitter_card":"summary_large_image","twitter_misc":{"Est. reading time":"2 minutes"},"schema":{"@context":"https:\/\/schema.org","@graph":[{"@type":"WebPage","@id":"https:\/\/masterprod.ro\/sisteme-salamander-usi-si-ferestre-furnizori-europeni-de-sisteme-din-pvc\/","url":"https:\/\/masterprod.ro\/sisteme-salamander-usi-si-ferestre-furnizori-europeni-de-sisteme-din-pvc\/","name":"furnizori europeni de sisteme din PVC","isPartOf":{"@id":"https:\/\/masterprod.ro\/#website"},"primaryImageOfPage":{"@id":"https:\/\/masterprod.ro\/sisteme-salamander-usi-si-ferestre-furnizori-europeni-de-sisteme-din-pvc\/#primaryimage"},"image":{"@id":"https:\/\/masterprod.ro\/sisteme-salamander-usi-si-ferestre-furnizori-europeni-de-sisteme-din-pvc\/#primaryimage"},"thumbnailUrl":"https:\/\/masterprod.ro\/wp-content\/uploads\/2025\/03\/sigla-salamander.jpg","datePublished":"2025-03-10T14:18:06+00:00","dateModified":"2025-03-11T13:29:57+00:00","description":"Master Prod ofer\u0103 t\u00e2mpl\u0103rie din profile Salamander, unul dintre cei mai mari furnizori europeni de sisteme din PVC pentru tamplarie","breadcrumb":{"@id":"https:\/\/masterprod.ro\/sisteme-salamander-usi-si-ferestre-furnizori-europeni-de-sisteme-din-pvc\/#breadcrumb"},"inLanguage":"en-US","potentialAction":[{"@type":"ReadAction","target":["https:\/\/masterprod.ro\/sisteme-salamander-usi-si-ferestre-furnizori-europeni-de-sisteme-din-pvc\/"]}]},{"@type":"ImageObject","inLanguage":"en-US","@id":"https:\/\/masterprod.ro\/sisteme-salamander-usi-si-ferestre-furnizori-europeni-de-sisteme-din-pvc\/#primaryimage","url":"https:\/\/masterprod.ro\/wp-content\/uploads\/2025\/03\/sigla-salamander.jpg","contentUrl":"https:\/\/masterprod.ro\/wp-content\/uploads\/2025\/03\/sigla-salamander.jpg"},{"@type":"BreadcrumbList","@id":"https:\/\/masterprod.ro\/sisteme-salamander-usi-si-ferestre-furnizori-europeni-de-sisteme-din-pvc\/#breadcrumb","itemListElement":[{"@type":"ListItem","position":1,"name":"Prima pagin\u0103","item":"https:\/\/masterprod.ro\/"},{"@type":"ListItem","position":2,"name":"Sisteme Salamander u\u0219i \u0219i ferestre"}]},{"@type":"WebSite","@id":"https:\/\/masterprod.ro\/#website","url":"https:\/\/masterprod.ro\/","name":"Master Prod","description":"T\u00e2mpl\u0103rie aluminiu - pere\u021bi cortin\u0103, \u00eenchideri\/acoperiri terase","publisher":{"@id":"https:\/\/masterprod.ro\/#organization"},"potentialAction":[{"@type":"SearchAction","target":{"@type":"EntryPoint","urlTemplate":"https:\/\/masterprod.ro\/?s={search_term_string}"},"query-input":{"@type":"PropertyValueSpecification","valueRequired":true,"valueName":"search_term_string"}}],"inLanguage":"en-US"},{"@type":"Organization","@id":"https:\/\/masterprod.ro\/#organization","name":"Master Prod","url":"https:\/\/masterprod.ro\/","logo":{"@type":"ImageObject","inLanguage":"en-US","@id":"https:\/\/masterprod.ro\/#\/schema\/logo\/image\/","url":"https:\/\/masterprod.ro\/wp-content\/uploads\/2023\/02\/text-si-sigla.jpg","contentUrl":"https:\/\/masterprod.ro\/wp-content\/uploads\/2023\/02\/text-si-sigla.jpg","width":1058,"height":111,"caption":"Master Prod"},"image":{"@id":"https:\/\/masterprod.ro\/#\/schema\/logo\/image\/"}}]}},"_links":{"self":[{"href":"https:\/\/masterprod.ro\/en\/wp-json\/wp\/v2\/pages\/15657","targetHints":{"allow":["GET"]}}],"collection":[{"href":"https:\/\/masterprod.ro\/en\/wp-json\/wp\/v2\/pages"}],"about":[{"href":"https:\/\/masterprod.ro\/en\/wp-json\/wp\/v2\/types\/page"}],"author":[{"embeddable":true,"href":"https:\/\/masterprod.ro\/en\/wp-json\/wp\/v2\/users\/3"}],"replies":[{"embeddable":true,"href":"https:\/\/masterprod.ro\/en\/wp-json\/wp\/v2\/comments?post=15657"}],"version-history":[{"count":34,"href":"https:\/\/masterprod.ro\/en\/wp-json\/wp\/v2\/pages\/15657\/revisions"}],"predecessor-version":[{"id":15782,"href":"https:\/\/masterprod.ro\/en\/wp-json\/wp\/v2\/pages\/15657\/revisions\/15782"}],"wp:attachment":[{"href":"https:\/\/masterprod.ro\/en\/wp-json\/wp\/v2\/media?parent=15657"}],"curies":[{"name":"wp","href":"https:\/\/api.w.org\/{rel}","templated":true}]}}