{"id":15529,"date":"2025-03-10T13:18:17","date_gmt":"2025-03-10T11:18:17","guid":{"rendered":"https:\/\/masterprod.ro\/?page_id=15529"},"modified":"2025-03-11T15:21:46","modified_gmt":"2025-03-11T13:21:46","slug":"sisteme-rehau-usi-si-ferestre-profile-pentru-ferestre-si-usi","status":"publish","type":"page","link":"https:\/\/masterprod.ro\/en\/sisteme-rehau-usi-si-ferestre-profile-pentru-ferestre-si-usi\/","title":{"rendered":"Sisteme Rehau u\u0219i \u0219i ferestre"},"content":{"rendered":"<div data-elementor-type=\"wp-page\" data-elementor-id=\"15529\" class=\"elementor elementor-15529\">\n\t\t\t\t<div class=\"elementor-element elementor-element-52c145f e-flex e-con-boxed e-con e-parent\" data-id=\"52c145f\" data-element_type=\"container\" data-e-type=\"container\">\n\t\t\t\t\t<div class=\"e-con-inner\">\n\t\t\t\t<div class=\"elementor-element elementor-element-7ac88dd elementor-widget elementor-widget-image\" data-id=\"7ac88dd\" data-element_type=\"widget\" data-e-type=\"widget\" data-widget_type=\"image.default\">\n\t\t\t\t<div class=\"elementor-widget-container\">\n\t\t\t\t\t\t\t\t\t\t\t\t\t\t\t<img fetchpriority=\"high\" decoding=\"async\" width=\"591\" height=\"187\" src=\"https:\/\/masterprod.ro\/wp-content\/uploads\/2025\/03\/sigla-rehau.jpg\" class=\"attachment-full size-full wp-image-15519\" alt=\"Rehau\" srcset=\"https:\/\/masterprod.ro\/wp-content\/uploads\/2025\/03\/sigla-rehau.jpg 591w, https:\/\/masterprod.ro\/wp-content\/uploads\/2025\/03\/sigla-rehau-300x95.jpg 300w, https:\/\/masterprod.ro\/wp-content\/uploads\/2025\/03\/sigla-rehau-500x158.jpg 500w, https:\/\/masterprod.ro\/wp-content\/uploads\/2025\/03\/sigla-rehau-18x6.jpg 18w\" sizes=\"(max-width: 591px) 100vw, 591px\" \/>\t\t\t\t\t\t\t\t\t\t\t\t\t\t\t<\/div>\n\t\t\t\t<\/div>\n\t\t\t\t\t<\/div>\n\t\t\t\t<\/div>\n\t\t<div class=\"elementor-element elementor-element-66fb4fa e-flex e-con-boxed e-con e-parent\" data-id=\"66fb4fa\" data-element_type=\"container\" data-e-type=\"container\">\n\t\t\t\t\t<div class=\"e-con-inner\">\n\t\t\t\t<div class=\"elementor-element elementor-element-a52a099 elementor-widget elementor-widget-heading\" data-id=\"a52a099\" data-element_type=\"widget\" data-e-type=\"widget\" data-widget_type=\"heading.default\">\n\t\t\t\t<div class=\"elementor-widget-container\">\n\t\t\t\t\t<h5 class=\"elementor-heading-title elementor-size-default\">Tehnologia modern\u0103 - parte integrant\u0103 din via\u021ba de zi cu zi<\/h5>\t\t\t\t<\/div>\n\t\t\t\t<\/div>\n\t\t\t\t\t<\/div>\n\t\t\t\t<\/div>\n\t\t<div class=\"elementor-element elementor-element-f137411 e-flex e-con-boxed e-con e-parent\" data-id=\"f137411\" data-element_type=\"container\" data-e-type=\"container\">\n\t\t\t\t\t<div class=\"e-con-inner\">\n\t\t<div class=\"elementor-element elementor-element-61aad2e e-con-full e-flex e-con e-child\" data-id=\"61aad2e\" data-element_type=\"container\" data-e-type=\"container\">\n\t\t\t\t<div class=\"elementor-element elementor-element-ccecfeb elementor-widget elementor-widget-text-editor\" data-id=\"ccecfeb\" data-element_type=\"widget\" data-e-type=\"widget\" data-widget_type=\"text-editor.default\">\n\t\t\t\t<div class=\"elementor-widget-container\">\n\t\t\t\t\t\t\t\t\t<p>\u00a0<\/p><p data-start=\"0\" data-end=\"239\">\u00a0 \u00a0 \u00a0Tehnologia modern\u0103 face parte din via\u021ba de zi cu zi, iar acest lucru se reflect\u0103 \u00een industria t\u00e2mpl\u0103riei. Produc\u0103torii de profile pentru ferestre \u0219i u\u0219i folosesc tehnologie avansat\u0103 pentru a oferi solu\u021bii eficiente pentru locuin\u021be \u0219i cl\u0103diri publice. Av\u00e2nd \u00eencredere \u00een calitatea \u0219i fiabilitatea profilelor <a href=\"https:\/\/www.rehau.com\/ro-ro\">Rehau<\/a>, oferim solu\u021bii de t\u00e2mpl\u0103rie de \u00eenalt\u0103 calitate.<br data-start=\"351\" data-end=\"354\" \/>Aceste solu\u021bii satisfac cerin\u021bele clien\u021bilor \u00eentr-un mod eficient \u0219i adaptat nevoilor lor. Rehau este un lider \u00een produc\u021bia de profile din PVC, apreciat pentru inova\u021bie constant\u0103.<br data-start=\"536\" data-end=\"539\" \/>Prin utilizarea tehnologiilor moderne, Rehau ofer\u0103 solu\u021bii complete pentru feronerie \u0219i sisteme de u\u0219i. De la profile pentru ferestre \u0219i u\u0219i cu izola\u021bie termic\u0103 \u0219i fonic\u0103 excelent\u0103, la sisteme de deschidere avansate, Rehau combin\u0103 performan\u021ba \u0219i estetica. Profilele Rehau sunt renumite pentru durabilitate, performan\u021be excelente \u0219i design modern. Acestea reprezint\u0103 un standard de excelen\u021b\u0103 \u00een industria t\u00e2mpl\u0103riei. Solu\u021biile Rehau ofer\u0103 clien\u021bilor confort, siguran\u021b\u0103 \u0219i eficien\u021b\u0103 energetic\u0103. Aceste produse contribuie la un mediu de trai mai s\u0103n\u0103tos \u0219i mai sustenabil.<\/p>\t\t\t\t\t\t\t\t<\/div>\n\t\t\t\t<\/div>\n\t\t\t\t<\/div>\n\t\t\t\t\t<\/div>\n\t\t\t\t<\/div>\n\t\t<div class=\"elementor-element elementor-element-266277c e-flex e-con-boxed e-con e-parent\" data-id=\"266277c\" data-element_type=\"container\" data-e-type=\"container\">\n\t\t\t\t\t<div class=\"e-con-inner\">\n\t\t\t\t<div class=\"elementor-element elementor-element-2dd7f4a elementor-widget-divider--view-line elementor-widget elementor-widget-divider\" data-id=\"2dd7f4a\" data-element_type=\"widget\" data-e-type=\"widget\" data-widget_type=\"divider.default\">\n\t\t\t\t<div class=\"elementor-widget-container\">\n\t\t\t\t\t\t\t<div class=\"elementor-divider\">\n\t\t\t<span class=\"elementor-divider-separator\">\n\t\t\t\t\t\t<\/span>\n\t\t<\/div>\n\t\t\t\t\t\t<\/div>\n\t\t\t\t<\/div>\n\t\t\t\t\t<\/div>\n\t\t\t\t<\/div>\n\t\t<div class=\"elementor-element elementor-element-2755fed e-flex e-con-boxed e-con e-parent\" data-id=\"2755fed\" data-element_type=\"container\" data-e-type=\"container\" data-settings=\"{&quot;background_background&quot;:&quot;classic&quot;}\">\n\t\t\t\t\t<div class=\"e-con-inner\">\n\t\t\t\t<div class=\"elementor-element elementor-element-5c22e5c elementor-widget__width-initial e-n-tabs-mobile elementor-widget elementor-widget-n-tabs\" data-id=\"5c22e5c\" data-element_type=\"widget\" data-e-type=\"widget\" data-widget_type=\"nested-tabs.default\">\n\t\t\t\t<div class=\"elementor-widget-container\">\n\t\t\t\t\t\t\t<div class=\"e-n-tabs\" data-widget-number=\"96611932\" aria-label=\"Onglets. Ouvrez des \u00e9l\u00e9ments avec Entrer ou Espace, fermez-les avec Echape et naviguez \u00e0 l&#039;aide des touches fl\u00e9ch\u00e9es.\" data-no-translation-aria-label=\"\">\n\t\t\t<div class=\"e-n-tabs-heading\" role=\"tablist\">\n\t\t\t\t\t<button id=\"e-n-tab-title-966119321\" data-tab-title-id=\"e-n-tab-title-966119321\" class=\"e-n-tab-title\" aria-selected=\"true\" data-tab-index=\"1\" role=\"tab\" tabindex=\"0\" aria-controls=\"e-n-tab-content-966119321\" style=\"--n-tabs-title-order: 1;\">\n\t\t\t\t\t\t<span class=\"e-n-tab-title-text\">\n\t\t\t\tSisteme ferestre \u0219i u\u0219i\t\t\t<\/span>\n\t\t<\/button>\n\t\t\t\t<button id=\"e-n-tab-title-966119322\" data-tab-title-id=\"e-n-tab-title-966119322\" class=\"e-n-tab-title\" aria-selected=\"false\" data-tab-index=\"2\" role=\"tab\" tabindex=\"-1\" aria-controls=\"e-n-tab-content-966119322\" style=\"--n-tabs-title-order: 2;\">\n\t\t\t\t\t\t<span class=\"e-n-tab-title-text\">\n\t\t\t\tSisteme u\u0219i culisante\t\t\t<\/span>\n\t\t<\/button>\n\t\t\t\t\t<\/div>\n\t\t\t<div class=\"e-n-tabs-content\">\n\t\t\t\t<div id=\"e-n-tab-content-966119321\" role=\"tabpanel\" aria-labelledby=\"e-n-tab-title-966119321\" data-tab-index=\"1\" style=\"--n-tabs-title-order: 1;\" class=\"e-active elementor-element elementor-element-a10417b e-con-full e-grid e-con e-child\" data-id=\"a10417b\" data-element_type=\"container\" data-e-type=\"container\">\n\t\t\t\t<div class=\"elementor-element elementor-element-05e5614 elementor-widget elementor-widget-button\" data-id=\"05e5614\" data-element_type=\"widget\" data-e-type=\"widget\" data-widget_type=\"button.default\">\n\t\t\t\t<div class=\"elementor-widget-container\">\n\t\t\t\t\t\t\t\t\t<div class=\"elementor-button-wrapper\">\n\t\t\t\t\t<a class=\"elementor-button elementor-button-link elementor-size-sm\" href=\"https:\/\/masterprod.ro\/en\/produs\/aluplast-euro-design-70-usi-de-balcon-din-pvc\/\">\n\t\t\t\t\t\t<span class=\"elementor-button-content-wrapper\">\n\t\t\t\t\t\t\t\t\t<span class=\"elementor-button-text\">Euro-Design 70<\/span>\n\t\t\t\t\t<\/span>\n\t\t\t\t\t<\/a>\n\t\t\t\t<\/div>\n\t\t\t\t\t\t\t\t<\/div>\n\t\t\t\t<\/div>\n\t\t\t\t<div class=\"elementor-element elementor-element-e0a95b2 elementor-widget__width-initial elementor-widget elementor-widget-button\" data-id=\"e0a95b2\" data-element_type=\"widget\" data-e-type=\"widget\" data-widget_type=\"button.default\">\n\t\t\t\t<div class=\"elementor-widget-container\">\n\t\t\t\t\t\t\t\t\t<div class=\"elementor-button-wrapper\">\n\t\t\t\t\t<a class=\"elementor-button elementor-button-link elementor-size-sm\" href=\"https:\/\/masterprod.ro\/en\/produs\/rehau-brilliant-70-si-80\/\">\n\t\t\t\t\t\t<span class=\"elementor-button-content-wrapper\">\n\t\t\t\t\t\t\t\t\t<span class=\"elementor-button-text\">Brilliant 70 \u0219i 80<\/span>\n\t\t\t\t\t<\/span>\n\t\t\t\t\t<\/a>\n\t\t\t\t<\/div>\n\t\t\t\t\t\t\t\t<\/div>\n\t\t\t\t<\/div>\n\t\t\t\t<div class=\"elementor-element elementor-element-b6cc88b elementor-button-info elementor-widget elementor-widget-button\" data-id=\"b6cc88b\" data-element_type=\"widget\" data-e-type=\"widget\" data-widget_type=\"button.default\">\n\t\t\t\t<div class=\"elementor-widget-container\">\n\t\t\t\t\t\t\t\t\t<div class=\"elementor-button-wrapper\">\n\t\t\t\t\t<a class=\"elementor-button elementor-button-link elementor-size-sm\" href=\"https:\/\/masterprod.ro\/en\/?post_type=produs&#038;p=15565&#038;preview=true\">\n\t\t\t\t\t\t<span class=\"elementor-button-content-wrapper\">\n\t\t\t\t\t\t\t\t\t<span class=\"elementor-button-text\">Synego MD<\/span>\n\t\t\t\t\t<\/span>\n\t\t\t\t\t<\/a>\n\t\t\t\t<\/div>\n\t\t\t\t\t\t\t\t<\/div>\n\t\t\t\t<\/div>\n\t\t\t\t<div class=\"elementor-element elementor-element-5488294 elementor-widget elementor-widget-button\" data-id=\"5488294\" data-element_type=\"widget\" data-e-type=\"widget\" data-widget_type=\"button.default\">\n\t\t\t\t<div class=\"elementor-widget-container\">\n\t\t\t\t\t\t\t\t\t<div class=\"elementor-button-wrapper\">\n\t\t\t\t\t<a class=\"elementor-button elementor-button-link elementor-size-sm\" href=\"https:\/\/masterprod.ro\/en\/?post_type=produs&#038;p=15593&#038;preview=true\">\n\t\t\t\t\t\t<span class=\"elementor-button-content-wrapper\">\n\t\t\t\t\t\t\t\t\t<span class=\"elementor-button-text\">Geneo<\/span>\n\t\t\t\t\t<\/span>\n\t\t\t\t\t<\/a>\n\t\t\t\t<\/div>\n\t\t\t\t\t\t\t\t<\/div>\n\t\t\t\t<\/div>\n\t\t\t\t<\/div>\n\t\t<div id=\"e-n-tab-content-966119322\" role=\"tabpanel\" aria-labelledby=\"e-n-tab-title-966119322\" data-tab-index=\"2\" style=\"--n-tabs-title-order: 2;\" class=\"elementor-element elementor-element-b8f0fa8 e-con-full e-grid e-con e-child\" data-id=\"b8f0fa8\" data-element_type=\"container\" data-e-type=\"container\">\n\t\t\t\t<div class=\"elementor-element elementor-element-9ca3a26 elementor-widget elementor-widget-button\" data-id=\"9ca3a26\" data-element_type=\"widget\" data-e-type=\"widget\" data-widget_type=\"button.default\">\n\t\t\t\t<div class=\"elementor-widget-container\">\n\t\t\t\t\t\t\t\t\t<div class=\"elementor-button-wrapper\">\n\t\t\t\t\t<a class=\"elementor-button elementor-button-link elementor-size-sm\" href=\"https:\/\/masterprod.ro\/en\/produs\/aliplast-ultraglide-bt-slide-si-slide-lift\/\">\n\t\t\t\t\t\t<span class=\"elementor-button-content-wrapper\">\n\t\t\t\t\t\t\t\t\t<span class=\"elementor-button-text\">Smart Slide<\/span>\n\t\t\t\t\t<\/span>\n\t\t\t\t\t<\/a>\n\t\t\t\t<\/div>\n\t\t\t\t\t\t\t\t<\/div>\n\t\t\t\t<\/div>\n\t\t\t\t<\/div>\n\t\t\t\t\t<\/div>\n\t\t<\/div>\n\t\t\t\t\t\t<\/div>\n\t\t\t\t<\/div>\n\t\t\t\t\t<\/div>\n\t\t\t\t<\/div>\n\t\t\t\t<\/div>","protected":false},"excerpt":{"rendered":"<p>Tehnologia modern\u0103 &#8211; parte integrant\u0103 din via\u021ba de zi cu zi \u00a0 \u00a0 \u00a0Tehnologia modern\u0103 face parte din via\u021ba de zi cu zi, iar acest lucru se reflect\u0103 \u00een industria t\u00e2mpl\u0103riei. Produc\u0103torii de profile pentru ferestre \u0219i u\u0219i folosesc tehnologie avansat\u0103 pentru a oferi solu\u021bii eficiente pentru locuin\u021be \u0219i cl\u0103diri publice. Av\u00e2nd \u00eencredere \u00een calitatea [&hellip;]<\/p>\n","protected":false},"author":3,"featured_media":0,"parent":0,"menu_order":0,"comment_status":"closed","ping_status":"closed","template":"","meta":{"_acf_changed":false,"site-sidebar-layout":"no-sidebar","site-content-layout":"page-builder","ast-site-content-layout":"full-width-container","site-content-style":"unboxed","site-sidebar-style":"unboxed","ast-global-header-display":"","ast-banner-title-visibility":"","ast-main-header-display":"","ast-hfb-above-header-display":"","ast-hfb-below-header-display":"","ast-hfb-mobile-header-display":"","site-post-title":"disabled","ast-breadcrumbs-content":"","ast-featured-img":"disabled","footer-sml-layout":"","ast-disable-related-posts":"","theme-transparent-header-meta":"default","adv-header-id-meta":"","stick-header-meta":"","header-above-stick-meta":"","header-main-stick-meta":"","header-below-stick-meta":"","astra-migrate-meta-layouts":"set","ast-page-background-enabled":"default","ast-page-background-meta":{"desktop":{"background-color":"","background-image":"","background-repeat":"repeat","background-position":"center center","background-size":"auto","background-attachment":"scroll","background-type":"","background-media":"","overlay-type":"","overlay-color":"","overlay-opacity":"","overlay-gradient":""},"tablet":{"background-color":"","background-image":"","background-repeat":"repeat","background-position":"center center","background-size":"auto","background-attachment":"scroll","background-type":"","background-media":"","overlay-type":"","overlay-color":"","overlay-opacity":"","overlay-gradient":""},"mobile":{"background-color":"","background-image":"","background-repeat":"repeat","background-position":"center center","background-size":"auto","background-attachment":"scroll","background-type":"","background-media":"","overlay-type":"","overlay-color":"","overlay-opacity":"","overlay-gradient":""}},"ast-content-background-meta":{"desktop":{"background-color":"var(--ast-global-color-5)","background-image":"","background-repeat":"repeat","background-position":"center center","background-size":"auto","background-attachment":"scroll","background-type":"","background-media":"","overlay-type":"","overlay-color":"","overlay-opacity":"","overlay-gradient":""},"tablet":{"background-color":"var(--ast-global-color-5)","background-image":"","background-repeat":"repeat","background-position":"center center","background-size":"auto","background-attachment":"scroll","background-type":"","background-media":"","overlay-type":"","overlay-color":"","overlay-opacity":"","overlay-gradient":""},"mobile":{"background-color":"var(--ast-global-color-5)","background-image":"","background-repeat":"repeat","background-position":"center center","background-size":"auto","background-attachment":"scroll","background-type":"","background-media":"","overlay-type":"","overlay-color":"","overlay-opacity":"","overlay-gradient":""}},"footnotes":""},"class_list":["post-15529","page","type-page","status-publish","hentry"],"acf":[],"yoast_head":"<!-- This site is optimized with the Yoast SEO plugin v27.1.1 - https:\/\/yoast.com\/product\/yoast-seo-wordpress\/ -->\n<title>profile pentru ferestre \u0219i u\u0219i Sisteme Rehau u\u0219i \u0219i ferestre - Master Prod<\/title>\n<meta name=\"description\" content=\"Compania Rehau este un lider \u00een domeniul produc\u021biei de profile din PVC pentru ferestre \u0219i u\u0219i de calitate.\" \/>\n<meta name=\"robots\" content=\"index, follow, max-snippet:-1, max-image-preview:large, max-video-preview:-1\" \/>\n<link rel=\"canonical\" href=\"https:\/\/masterprod.ro\/en\/sisteme-rehau-usi-si-ferestre-profile-pentru-ferestre-si-usi\/\" \/>\n<meta property=\"og:locale\" content=\"en_US\" \/>\n<meta property=\"og:type\" content=\"article\" \/>\n<meta property=\"og:title\" content=\"profile pentru ferestre \u0219i u\u0219i Sisteme Rehau u\u0219i \u0219i ferestre - Master Prod\" \/>\n<meta property=\"og:description\" content=\"Compania Rehau este un lider \u00een domeniul produc\u021biei de profile din PVC pentru ferestre \u0219i u\u0219i de calitate.\" \/>\n<meta property=\"og:url\" content=\"https:\/\/masterprod.ro\/en\/sisteme-rehau-usi-si-ferestre-profile-pentru-ferestre-si-usi\/\" \/>\n<meta property=\"og:site_name\" content=\"Master Prod\" \/>\n<meta property=\"article:modified_time\" content=\"2025-03-11T13:21:46+00:00\" \/>\n<meta property=\"og:image\" content=\"https:\/\/masterprod.ro\/wp-content\/uploads\/2025\/03\/sigla-rehau.jpg\" \/>\n<meta name=\"twitter:card\" content=\"summary_large_image\" \/>\n<meta name=\"twitter:label1\" content=\"Est. reading time\" \/>\n\t<meta name=\"twitter:data1\" content=\"2 minutes\" \/>\n<script type=\"application\/ld+json\" class=\"yoast-schema-graph\">{\"@context\":\"https:\/\/schema.org\",\"@graph\":[{\"@type\":\"WebPage\",\"@id\":\"https:\/\/masterprod.ro\/sisteme-rehau-usi-si-ferestre-profile-pentru-ferestre-si-usi\/\",\"url\":\"https:\/\/masterprod.ro\/sisteme-rehau-usi-si-ferestre-profile-pentru-ferestre-si-usi\/\",\"name\":\"profile pentru ferestre \u0219i u\u0219i Sisteme Rehau u\u0219i \u0219i ferestre - Master Prod\",\"isPartOf\":{\"@id\":\"https:\/\/masterprod.ro\/#website\"},\"primaryImageOfPage\":{\"@id\":\"https:\/\/masterprod.ro\/sisteme-rehau-usi-si-ferestre-profile-pentru-ferestre-si-usi\/#primaryimage\"},\"image\":{\"@id\":\"https:\/\/masterprod.ro\/sisteme-rehau-usi-si-ferestre-profile-pentru-ferestre-si-usi\/#primaryimage\"},\"thumbnailUrl\":\"https:\/\/masterprod.ro\/wp-content\/uploads\/2025\/03\/sigla-rehau.jpg\",\"datePublished\":\"2025-03-10T11:18:17+00:00\",\"dateModified\":\"2025-03-11T13:21:46+00:00\",\"description\":\"Compania Rehau este un lider \u00een domeniul produc\u021biei de profile din PVC pentru ferestre \u0219i u\u0219i de calitate.\",\"breadcrumb\":{\"@id\":\"https:\/\/masterprod.ro\/sisteme-rehau-usi-si-ferestre-profile-pentru-ferestre-si-usi\/#breadcrumb\"},\"inLanguage\":\"en-US\",\"potentialAction\":[{\"@type\":\"ReadAction\",\"target\":[\"https:\/\/masterprod.ro\/sisteme-rehau-usi-si-ferestre-profile-pentru-ferestre-si-usi\/\"]}]},{\"@type\":\"ImageObject\",\"inLanguage\":\"en-US\",\"@id\":\"https:\/\/masterprod.ro\/sisteme-rehau-usi-si-ferestre-profile-pentru-ferestre-si-usi\/#primaryimage\",\"url\":\"https:\/\/masterprod.ro\/wp-content\/uploads\/2025\/03\/sigla-rehau.jpg\",\"contentUrl\":\"https:\/\/masterprod.ro\/wp-content\/uploads\/2025\/03\/sigla-rehau.jpg\"},{\"@type\":\"BreadcrumbList\",\"@id\":\"https:\/\/masterprod.ro\/sisteme-rehau-usi-si-ferestre-profile-pentru-ferestre-si-usi\/#breadcrumb\",\"itemListElement\":[{\"@type\":\"ListItem\",\"position\":1,\"name\":\"Prima pagin\u0103\",\"item\":\"https:\/\/masterprod.ro\/\"},{\"@type\":\"ListItem\",\"position\":2,\"name\":\"Sisteme Rehau u\u0219i \u0219i ferestre\"}]},{\"@type\":\"WebSite\",\"@id\":\"https:\/\/masterprod.ro\/#website\",\"url\":\"https:\/\/masterprod.ro\/\",\"name\":\"Master Prod\",\"description\":\"T\u00e2mpl\u0103rie aluminiu - pere\u021bi cortin\u0103, \u00eenchideri\/acoperiri terase\",\"publisher\":{\"@id\":\"https:\/\/masterprod.ro\/#organization\"},\"potentialAction\":[{\"@type\":\"SearchAction\",\"target\":{\"@type\":\"EntryPoint\",\"urlTemplate\":\"https:\/\/masterprod.ro\/?s={search_term_string}\"},\"query-input\":{\"@type\":\"PropertyValueSpecification\",\"valueRequired\":true,\"valueName\":\"search_term_string\"}}],\"inLanguage\":\"en-US\"},{\"@type\":\"Organization\",\"@id\":\"https:\/\/masterprod.ro\/#organization\",\"name\":\"Master Prod\",\"url\":\"https:\/\/masterprod.ro\/\",\"logo\":{\"@type\":\"ImageObject\",\"inLanguage\":\"en-US\",\"@id\":\"https:\/\/masterprod.ro\/#\/schema\/logo\/image\/\",\"url\":\"https:\/\/masterprod.ro\/wp-content\/uploads\/2023\/02\/text-si-sigla.jpg\",\"contentUrl\":\"https:\/\/masterprod.ro\/wp-content\/uploads\/2023\/02\/text-si-sigla.jpg\",\"width\":1058,\"height\":111,\"caption\":\"Master Prod\"},\"image\":{\"@id\":\"https:\/\/masterprod.ro\/#\/schema\/logo\/image\/\"}}]}<\/script>\n<!-- \/ Yoast SEO plugin. -->","yoast_head_json":{"title":"profile pentru ferestre \u0219i u\u0219i Sisteme Rehau u\u0219i \u0219i ferestre - Master Prod","description":"Compania Rehau este un lider \u00een domeniul produc\u021biei de profile din PVC pentru ferestre \u0219i u\u0219i de calitate.","robots":{"index":"index","follow":"follow","max-snippet":"max-snippet:-1","max-image-preview":"max-image-preview:large","max-video-preview":"max-video-preview:-1"},"canonical":"https:\/\/masterprod.ro\/en\/sisteme-rehau-usi-si-ferestre-profile-pentru-ferestre-si-usi\/","og_locale":"en_US","og_type":"article","og_title":"profile pentru ferestre \u0219i u\u0219i Sisteme Rehau u\u0219i \u0219i ferestre - Master Prod","og_description":"Compania Rehau este un lider \u00een domeniul produc\u021biei de profile din PVC pentru ferestre \u0219i u\u0219i de calitate.","og_url":"https:\/\/masterprod.ro\/en\/sisteme-rehau-usi-si-ferestre-profile-pentru-ferestre-si-usi\/","og_site_name":"Master Prod","article_modified_time":"2025-03-11T13:21:46+00:00","og_image":[{"url":"https:\/\/masterprod.ro\/wp-content\/uploads\/2025\/03\/sigla-rehau.jpg","type":"","width":"","height":""}],"twitter_card":"summary_large_image","twitter_misc":{"Est. reading time":"2 minutes"},"schema":{"@context":"https:\/\/schema.org","@graph":[{"@type":"WebPage","@id":"https:\/\/masterprod.ro\/sisteme-rehau-usi-si-ferestre-profile-pentru-ferestre-si-usi\/","url":"https:\/\/masterprod.ro\/sisteme-rehau-usi-si-ferestre-profile-pentru-ferestre-si-usi\/","name":"profile pentru ferestre \u0219i u\u0219i Sisteme Rehau u\u0219i \u0219i ferestre - Master Prod","isPartOf":{"@id":"https:\/\/masterprod.ro\/#website"},"primaryImageOfPage":{"@id":"https:\/\/masterprod.ro\/sisteme-rehau-usi-si-ferestre-profile-pentru-ferestre-si-usi\/#primaryimage"},"image":{"@id":"https:\/\/masterprod.ro\/sisteme-rehau-usi-si-ferestre-profile-pentru-ferestre-si-usi\/#primaryimage"},"thumbnailUrl":"https:\/\/masterprod.ro\/wp-content\/uploads\/2025\/03\/sigla-rehau.jpg","datePublished":"2025-03-10T11:18:17+00:00","dateModified":"2025-03-11T13:21:46+00:00","description":"Compania Rehau este un lider \u00een domeniul produc\u021biei de profile din PVC pentru ferestre \u0219i u\u0219i de calitate.","breadcrumb":{"@id":"https:\/\/masterprod.ro\/sisteme-rehau-usi-si-ferestre-profile-pentru-ferestre-si-usi\/#breadcrumb"},"inLanguage":"en-US","potentialAction":[{"@type":"ReadAction","target":["https:\/\/masterprod.ro\/sisteme-rehau-usi-si-ferestre-profile-pentru-ferestre-si-usi\/"]}]},{"@type":"ImageObject","inLanguage":"en-US","@id":"https:\/\/masterprod.ro\/sisteme-rehau-usi-si-ferestre-profile-pentru-ferestre-si-usi\/#primaryimage","url":"https:\/\/masterprod.ro\/wp-content\/uploads\/2025\/03\/sigla-rehau.jpg","contentUrl":"https:\/\/masterprod.ro\/wp-content\/uploads\/2025\/03\/sigla-rehau.jpg"},{"@type":"BreadcrumbList","@id":"https:\/\/masterprod.ro\/sisteme-rehau-usi-si-ferestre-profile-pentru-ferestre-si-usi\/#breadcrumb","itemListElement":[{"@type":"ListItem","position":1,"name":"Prima pagin\u0103","item":"https:\/\/masterprod.ro\/"},{"@type":"ListItem","position":2,"name":"Sisteme Rehau u\u0219i \u0219i ferestre"}]},{"@type":"WebSite","@id":"https:\/\/masterprod.ro\/#website","url":"https:\/\/masterprod.ro\/","name":"Master Prod","description":"T\u00e2mpl\u0103rie aluminiu - pere\u021bi cortin\u0103, \u00eenchideri\/acoperiri terase","publisher":{"@id":"https:\/\/masterprod.ro\/#organization"},"potentialAction":[{"@type":"SearchAction","target":{"@type":"EntryPoint","urlTemplate":"https:\/\/masterprod.ro\/?s={search_term_string}"},"query-input":{"@type":"PropertyValueSpecification","valueRequired":true,"valueName":"search_term_string"}}],"inLanguage":"en-US"},{"@type":"Organization","@id":"https:\/\/masterprod.ro\/#organization","name":"Master Prod","url":"https:\/\/masterprod.ro\/","logo":{"@type":"ImageObject","inLanguage":"en-US","@id":"https:\/\/masterprod.ro\/#\/schema\/logo\/image\/","url":"https:\/\/masterprod.ro\/wp-content\/uploads\/2023\/02\/text-si-sigla.jpg","contentUrl":"https:\/\/masterprod.ro\/wp-content\/uploads\/2023\/02\/text-si-sigla.jpg","width":1058,"height":111,"caption":"Master Prod"},"image":{"@id":"https:\/\/masterprod.ro\/#\/schema\/logo\/image\/"}}]}},"_links":{"self":[{"href":"https:\/\/masterprod.ro\/en\/wp-json\/wp\/v2\/pages\/15529","targetHints":{"allow":["GET"]}}],"collection":[{"href":"https:\/\/masterprod.ro\/en\/wp-json\/wp\/v2\/pages"}],"about":[{"href":"https:\/\/masterprod.ro\/en\/wp-json\/wp\/v2\/types\/page"}],"author":[{"embeddable":true,"href":"https:\/\/masterprod.ro\/en\/wp-json\/wp\/v2\/users\/3"}],"replies":[{"embeddable":true,"href":"https:\/\/masterprod.ro\/en\/wp-json\/wp\/v2\/comments?post=15529"}],"version-history":[{"count":57,"href":"https:\/\/masterprod.ro\/en\/wp-json\/wp\/v2\/pages\/15529\/revisions"}],"predecessor-version":[{"id":15778,"href":"https:\/\/masterprod.ro\/en\/wp-json\/wp\/v2\/pages\/15529\/revisions\/15778"}],"wp:attachment":[{"href":"https:\/\/masterprod.ro\/en\/wp-json\/wp\/v2\/media?parent=15529"}],"curies":[{"name":"wp","href":"https:\/\/api.w.org\/{rel}","templated":true}]}}