{"id":15222,"date":"2025-03-06T15:43:02","date_gmt":"2025-03-06T13:43:02","guid":{"rendered":"https:\/\/masterprod.ro\/?page_id=15222"},"modified":"2025-03-11T10:33:52","modified_gmt":"2025-03-11T08:33:52","slug":"acoperiri-si-inchideri-de-terase-reci-structurile-pentru-terasa-rece","status":"publish","type":"page","link":"https:\/\/masterprod.ro\/en\/acoperiri-si-inchideri-de-terase-reci-structurile-pentru-terasa-rece\/","title":{"rendered":"Acoperiri \u0219i \u00eenchideri de terase RECI"},"content":{"rendered":"<div data-elementor-type=\"wp-page\" data-elementor-id=\"15222\" class=\"elementor elementor-15222\">\n\t\t\t\t<div class=\"elementor-element elementor-element-89e37a6 e-flex e-con-boxed e-con e-parent\" data-id=\"89e37a6\" data-element_type=\"container\" data-e-type=\"container\">\n\t\t\t\t\t<div class=\"e-con-inner\">\n\t\t\t\t<div class=\"elementor-element elementor-element-e7296de elementor-widget elementor-widget-text-editor\" data-id=\"e7296de\" data-element_type=\"widget\" data-e-type=\"widget\" data-widget_type=\"text-editor.default\">\n\t\t\t\t<div class=\"elementor-widget-container\">\n\t\t\t\t\t\t\t\t\t<h5><strong>Acoperiri \u0219i \u00eenchideri terase reci<\/strong><\/h5>\t\t\t\t\t\t\t\t<\/div>\n\t\t\t\t<\/div>\n\t\t\t\t\t<\/div>\n\t\t\t\t<\/div>\n\t\t<div class=\"elementor-element elementor-element-c631337 e-flex e-con-boxed e-con e-parent\" data-id=\"c631337\" data-element_type=\"container\" data-e-type=\"container\">\n\t\t\t\t\t<div class=\"e-con-inner\">\n\t\t\t\t<div class=\"elementor-element elementor-element-bd84844 elementor-widget elementor-widget-text-editor\" data-id=\"bd84844\" data-element_type=\"widget\" data-e-type=\"widget\" data-widget_type=\"text-editor.default\">\n\t\t\t\t<div class=\"elementor-widget-container\">\n\t\t\t\t\t\t\t\t\t<p>\u00a0 \u00a0 \u00a0Pentru cei care asociaz\u0103 termenul de teras\u0103 cu anotimpul cald, cu natura, cu adierea u\u0219oar\u0103 a v\u00e2ntului \u0219i cu cerul \u00eenstelat din serile de var\u0103 este suficient\u0103 varianta de teras\u0103 rece.<span style=\"font-size: 16px;\">\u00a0<\/span><\/p><p>\u00a0 \u00a0 \u00a0Structurile pentru terasa rece sunt realizate din profile de aluminiu \u0219i acoperite cu materiale sub forma de pl\u0103ci, de cele mai multe ori transparente. Aceste pl\u0103ci pot fi din sticl\u0103 securizat\u0103 \u0219i laminat\u0103 sau policarbonat compact. Pentru siguran\u021ba persoanelor care stau pe teras\u0103, sticla trebuie s\u0103 fie securizat\u0103 \u0219i laminat\u0103. Sticla securizat\u0103 are o rezisten\u021b\u0103 mecanic\u0103 mult superioar\u0103 sticlei obi\u0219nuite. Aceast\u0103 rezisten\u021b\u0103 mecanic\u0103 este ob\u021binut\u0103 prin supunerea sticlei la tratamente termice controlate, la temperaturi foarte mari. Dac\u0103 totu\u0219i sticla se sparge \u0219i pentru a proteja persoanele de pe teras\u0103, este indicat\u0103 folosirea sticlei \u00een forma laminat\u0103: dou\u0103 foi de sticl\u0103 \u201elipite\u201d \u00eentre ele cu ajutorul unor folii de laminare care la cald fac corp comun cu sticla.\u00a0 Astfel, sticla spart\u0103 nu cade \u00een interiorul terasei ci r\u0103m\u00e2ne pe suportul ei.<\/p><p>\u00a0 \u00a0 \u00a0Ca \u0219i alternativ\u0103 pentru sticla, care este un material sensibil \u0219i are nevoie de tratament termic pentru a avea rezisten\u021b\u0103 mecanic\u0103, clientul poate opta pentru acoperirea structurii din aluminiu cu pl\u0103ci de policarbonat compact. Acesta este un material cunoscut \u0219i recunoscut pentru propriet\u0103tile antivandal pe care le are. Pe l\u00e2ng\u0103 o rezisten\u021ba mecanic\u0103 foarte mare acest material este \u0219i foarte u\u0219or.<\/p><p>\u00a0 \u00a0 \u00a0Dac\u0103 clientul dore\u0219te ca aceast\u0103 teras\u0103 s\u0103 fie \u0219i \u00eenchis\u0103 pe laterale atunci recomandarea noastr\u0103 este folosirea de sisteme din aluminiu f\u0103r\u0103 barier\u0103 termica sau PVC cu ad\u00e2ncime mic\u0103, echipate cu geam simplu sau cel mult dublu sau a sistemelor de panouri culisante din sticl\u0103.<\/p><p>\u00a0 \u00a0 \u00a0\u00cenchiderile laterale din aluminiu sau PVC pot fi:<\/p><p>\u00a0 \u00a0 \u00a0&#8211; elemente fixe<\/p><p>\u00a0 \u00a0 \u00a0&#8211; u\u0219i \u0219i ferestre cu deschideri simple sau combinate<\/p><p>\u00a0 \u00a0 \u00a0&#8211; u\u0219i culisante<\/p><p>\u00a0 \u00a0 \u00a0&#8211; u\u0219i osciloculisante<\/p><p>\u00a0 \u00a0 \u00a0&#8211; u\u0219i cu deschidere armonic\u0103<\/p><p>\u00a0 \u00a0 \u00a0Aceste \u00eenchideri au rolul de a proteja interiorul terasei de v\u00e2nt, praf, ploaie \u0219i z\u0103pad\u0103. \u00cen anotimpul rece aceast\u0103 teras\u0103 poate fi folosit\u0103 ca zon\u0103 de trecere, zon\u0103 tampon \u00eenaintea intr\u0103rii \u00een locuin\u021b\u0103 sau zon\u0103 de depozitare temporar\u0103 pentru mobilierul de gr\u0103din\u0103.<\/p><p>\u00a0 \u00a0 \u00a0Principalul dezavantaj al unei terase reci este condensul care se va forma pe profile \u0219i mai ales pe sticl\u0103. Acesta va crea o atmosfer\u0103 umed\u0103 care, \u00een lipsa unei aerisiri corespunz\u0103toare va favoriza apari\u021bia mucegaiului.<\/p>\t\t\t\t\t\t\t\t<\/div>\n\t\t\t\t<\/div>\n\t\t\t\t<div class=\"elementor-element elementor-element-285f323 elementor-widget elementor-widget-image\" data-id=\"285f323\" data-element_type=\"widget\" data-e-type=\"widget\" data-widget_type=\"image.default\">\n\t\t\t\t<div class=\"elementor-widget-container\">\n\t\t\t\t\t\t\t\t\t\t\t\t\t\t\t<img fetchpriority=\"high\" decoding=\"async\" width=\"1024\" height=\"563\" src=\"https:\/\/masterprod.ro\/wp-content\/uploads\/2024\/08\/Untitled-1-1024x563.jpg\" class=\"attachment-large size-large wp-image-13530\" alt=\"Acoperire terase cu sistemul Terrassendach, Structurile pentru terasa rece\" srcset=\"https:\/\/masterprod.ro\/wp-content\/uploads\/2024\/08\/Untitled-1-1024x563.jpg 1024w, https:\/\/masterprod.ro\/wp-content\/uploads\/2024\/08\/Untitled-1-300x165.jpg 300w, https:\/\/masterprod.ro\/wp-content\/uploads\/2024\/08\/Untitled-1-768x422.jpg 768w, https:\/\/masterprod.ro\/wp-content\/uploads\/2024\/08\/Untitled-1-500x275.jpg 500w, https:\/\/masterprod.ro\/wp-content\/uploads\/2024\/08\/Untitled-1-800x440.jpg 800w, https:\/\/masterprod.ro\/wp-content\/uploads\/2024\/08\/Untitled-1-1280x704.jpg 1280w, https:\/\/masterprod.ro\/wp-content\/uploads\/2024\/08\/Untitled-1-1920x1056.jpg 1920w, https:\/\/masterprod.ro\/wp-content\/uploads\/2024\/08\/Untitled-1-1536x845.jpg 1536w, https:\/\/masterprod.ro\/wp-content\/uploads\/2024\/08\/Untitled-1-2048x1126.jpg 2048w, https:\/\/masterprod.ro\/wp-content\/uploads\/2024\/08\/Untitled-1-18x10.jpg 18w\" sizes=\"(max-width: 1024px) 100vw, 1024px\" \/>\t\t\t\t\t\t\t\t\t\t\t\t\t\t\t<\/div>\n\t\t\t\t<\/div>\n\t\t\t\t\t<\/div>\n\t\t\t\t<\/div>\n\t\t<div class=\"elementor-element elementor-element-49cebebd e-grid e-con-boxed e-con e-parent\" data-id=\"49cebebd\" data-element_type=\"container\" data-e-type=\"container\">\n\t\t\t\t\t<div class=\"e-con-inner\">\n\t\t\t\t<div class=\"elementor-element elementor-element-4fe10008 elementor-align-justify elementor-widget__width-initial elementor-widget elementor-widget-button\" data-id=\"4fe10008\" data-element_type=\"widget\" data-e-type=\"widget\" data-widget_type=\"button.default\">\n\t\t\t\t<div class=\"elementor-widget-container\">\n\t\t\t\t\t\t\t\t\t<div class=\"elementor-button-wrapper\">\n\t\t\t\t\t<a class=\"elementor-button elementor-button-link elementor-size-sm\" href=\"https:\/\/masterprod.ro\/en\/project\/portofoliu-produse-master-prod\/?_gl=1*ypdw8p*_up*MQ..*_ga*NTc3NzU2NDMyLjE3NDE2MDIyMDE.*_ga_L86KHBP5QE*MTc0MTYwMjE5OC4xLjEuMTc0MTYwMjQ0OS4wLjAuMzYxMjM4NDUw\">\n\t\t\t\t\t\t<span class=\"elementor-button-content-wrapper\">\n\t\t\t\t\t\t\t\t\t<span class=\"elementor-button-text\">     Portfolio     <\/span>\n\t\t\t\t\t<\/span>\n\t\t\t\t\t<\/a>\n\t\t\t\t<\/div>\n\t\t\t\t\t\t\t\t<\/div>\n\t\t\t\t<\/div>\n\t\t\t\t\t<\/div>\n\t\t\t\t<\/div>\n\t\t\t\t<section class=\"elementor-section elementor-top-section elementor-element elementor-element-b5e085d elementor-section-full_width elementor-section-height-default elementor-section-height-default\" data-id=\"b5e085d\" data-element_type=\"section\" data-e-type=\"section\">\n\t\t\t\t\t\t<div class=\"elementor-container elementor-column-gap-no\">\n\t\t\t\t\t<div class=\"elementor-column elementor-col-100 elementor-top-column elementor-element elementor-element-4f04a03c\" data-id=\"4f04a03c\" data-element_type=\"column\" data-e-type=\"column\">\n\t\t\t<div class=\"elementor-widget-wrap elementor-element-populated\">\n\t\t\t\t\t\t<div class=\"elementor-element elementor-element-19c63d46 elementor-widget elementor-widget-shortcode\" data-id=\"19c63d46\" data-element_type=\"widget\" data-e-type=\"widget\" data-widget_type=\"shortcode.default\">\n\t\t\t\t<div class=\"elementor-widget-container\">\n\t\t\t\t\t\t\t<div class=\"elementor-shortcode\">\t\t<div data-elementor-type=\"wp-post\" data-elementor-id=\"1820\" class=\"elementor elementor-1820\">\n\t\t\t\t<div class=\"elementor-element elementor-element-9f892d4 e-flex e-con-boxed e-con e-parent\" data-id=\"9f892d4\" data-element_type=\"container\" data-e-type=\"container\" data-settings=\"{&quot;background_background&quot;:&quot;classic&quot;}\">\n\t\t\t\t\t<div class=\"e-con-inner\">\n\t\t\t\t<div class=\"elementor-element elementor-element-1c1e8d9 elementor-widget__width-auto elementor-widget elementor-widget-heading\" data-id=\"1c1e8d9\" data-element_type=\"widget\" data-e-type=\"widget\" data-widget_type=\"heading.default\">\n\t\t\t\t<div class=\"elementor-widget-container\">\n\t\t\t\t\t<h2 class=\"elementor-heading-title elementor-size-default\">Personalised consultancy<\/h2>\t\t\t\t<\/div>\n\t\t\t\t<\/div>\n\t\t\t\t<div class=\"elementor-element elementor-element-edf74d8 elementor-widget elementor-widget-button\" data-id=\"edf74d8\" data-element_type=\"widget\" data-e-type=\"widget\" data-widget_type=\"button.default\">\n\t\t\t\t<div class=\"elementor-widget-container\">\n\t\t\t\t\t\t\t\t\t<div class=\"elementor-button-wrapper\">\n\t\t\t\t\t<a class=\"elementor-button elementor-button-link elementor-size-lg\" href=\"\/en\/contact\/\">\n\t\t\t\t\t\t<span class=\"elementor-button-content-wrapper\">\n\t\t\t\t\t\t<span class=\"elementor-button-icon\">\n\t\t\t\t<i aria-hidden=\"true\" class=\"fas fa-chevron-right\"><\/i>\t\t\t<\/span>\n\t\t\t\t\t\t\t\t\t<span class=\"elementor-button-text\">Contact us<\/span>\n\t\t\t\t\t<\/span>\n\t\t\t\t\t<\/a>\n\t\t\t\t<\/div>\n\t\t\t\t\t\t\t\t<\/div>\n\t\t\t\t<\/div>\n\t\t\t\t\t<\/div>\n\t\t\t\t<\/div>\n\t\t\t\t<\/div>\n\t\t<\/div>\n\t\t\t\t\t\t<\/div>\n\t\t\t\t<\/div>\n\t\t\t\t\t<\/div>\n\t\t<\/div>\n\t\t\t\t\t<\/div>\n\t\t<\/section>\n\t\t\t\t<\/div>","protected":false},"excerpt":{"rendered":"<p>Acoperiri \u0219i \u00eenchideri terase reci Pentru cei care asociaz\u0103 termenul de teras\u0103 cu anotimpul cald, cu natura, cu adierea u\u0219oar\u0103 a v\u00e2ntului \u0219i cu cerul \u00eenstelat din serile de var\u0103 este suficient\u0103 varianta de teras\u0103 rece. Structurile pentru terasa rece sunt realizate din profile de aluminiu \u0219i acoperite cu materiale sub forma de pl\u0103ci, de [&hellip;]<\/p>\n","protected":false},"author":3,"featured_media":0,"parent":0,"menu_order":0,"comment_status":"closed","ping_status":"closed","template":"","meta":{"_acf_changed":false,"site-sidebar-layout":"no-sidebar","site-content-layout":"page-builder","ast-site-content-layout":"full-width-container","site-content-style":"unboxed","site-sidebar-style":"unboxed","ast-global-header-display":"","ast-banner-title-visibility":"","ast-main-header-display":"","ast-hfb-above-header-display":"","ast-hfb-below-header-display":"","ast-hfb-mobile-header-display":"","site-post-title":"disabled","ast-breadcrumbs-content":"","ast-featured-img":"disabled","footer-sml-layout":"","ast-disable-related-posts":"","theme-transparent-header-meta":"default","adv-header-id-meta":"","stick-header-meta":"","header-above-stick-meta":"","header-main-stick-meta":"","header-below-stick-meta":"","astra-migrate-meta-layouts":"set","ast-page-background-enabled":"default","ast-page-background-meta":{"desktop":{"background-color":"","background-image":"","background-repeat":"repeat","background-position":"center center","background-size":"auto","background-attachment":"scroll","background-type":"","background-media":"","overlay-type":"","overlay-color":"","overlay-opacity":"","overlay-gradient":""},"tablet":{"background-color":"","background-image":"","background-repeat":"repeat","background-position":"center center","background-size":"auto","background-attachment":"scroll","background-type":"","background-media":"","overlay-type":"","overlay-color":"","overlay-opacity":"","overlay-gradient":""},"mobile":{"background-color":"","background-image":"","background-repeat":"repeat","background-position":"center center","background-size":"auto","background-attachment":"scroll","background-type":"","background-media":"","overlay-type":"","overlay-color":"","overlay-opacity":"","overlay-gradient":""}},"ast-content-background-meta":{"desktop":{"background-color":"var(--ast-global-color-5)","background-image":"","background-repeat":"repeat","background-position":"center center","background-size":"auto","background-attachment":"scroll","background-type":"","background-media":"","overlay-type":"","overlay-color":"","overlay-opacity":"","overlay-gradient":""},"tablet":{"background-color":"var(--ast-global-color-5)","background-image":"","background-repeat":"repeat","background-position":"center center","background-size":"auto","background-attachment":"scroll","background-type":"","background-media":"","overlay-type":"","overlay-color":"","overlay-opacity":"","overlay-gradient":""},"mobile":{"background-color":"var(--ast-global-color-5)","background-image":"","background-repeat":"repeat","background-position":"center center","background-size":"auto","background-attachment":"scroll","background-type":"","background-media":"","overlay-type":"","overlay-color":"","overlay-opacity":"","overlay-gradient":""}},"footnotes":""},"class_list":["post-15222","page","type-page","status-publish","hentry"],"acf":[],"yoast_head":"<!-- This site is optimized with the Yoast SEO plugin v27.4 - https:\/\/yoast.com\/product\/yoast-seo-wordpress\/ -->\n<title>Structurile pentru terasa rece Acoperiri \u0219i \u00eenchideri de terase RECI - Master Prod<\/title>\n<meta name=\"description\" content=\"Structurile pentru terasa rece sunt realizate din profile de aluminiu \u0219i acoperite cu materiale sub forma de pl\u0103ci transparente.\" \/>\n<meta name=\"robots\" content=\"index, follow, max-snippet:-1, max-image-preview:large, max-video-preview:-1\" \/>\n<link rel=\"canonical\" href=\"https:\/\/masterprod.ro\/en\/acoperiri-si-inchideri-de-terase-reci-structurile-pentru-terasa-rece\/\" \/>\n<meta property=\"og:locale\" content=\"en_US\" \/>\n<meta property=\"og:type\" content=\"article\" \/>\n<meta property=\"og:title\" content=\"Structurile pentru terasa rece Acoperiri \u0219i \u00eenchideri de terase RECI - Master Prod\" \/>\n<meta property=\"og:description\" content=\"Structurile pentru terasa rece sunt realizate din profile de aluminiu \u0219i acoperite cu materiale sub forma de pl\u0103ci transparente.\" \/>\n<meta property=\"og:url\" content=\"https:\/\/masterprod.ro\/en\/acoperiri-si-inchideri-de-terase-reci-structurile-pentru-terasa-rece\/\" \/>\n<meta property=\"og:site_name\" content=\"Master Prod\" \/>\n<meta property=\"article:modified_time\" content=\"2025-03-11T08:33:52+00:00\" \/>\n<meta property=\"og:image\" content=\"https:\/\/masterprod.ro\/wp-content\/uploads\/2024\/08\/Untitled-1-1024x563.jpg\" \/>\n<meta name=\"twitter:card\" content=\"summary_large_image\" \/>\n<meta name=\"twitter:label1\" content=\"Est. reading time\" \/>\n\t<meta name=\"twitter:data1\" content=\"3 minutes\" \/>\n<script type=\"application\/ld+json\" class=\"yoast-schema-graph\">{\"@context\":\"https:\\\/\\\/schema.org\",\"@graph\":[{\"@type\":\"WebPage\",\"@id\":\"https:\\\/\\\/masterprod.ro\\\/acoperiri-si-inchideri-de-terase-reci-structurile-pentru-terasa-rece\\\/\",\"url\":\"https:\\\/\\\/masterprod.ro\\\/acoperiri-si-inchideri-de-terase-reci-structurile-pentru-terasa-rece\\\/\",\"name\":\"Structurile pentru terasa rece Acoperiri \u0219i \u00eenchideri de terase RECI - Master Prod\",\"isPartOf\":{\"@id\":\"https:\\\/\\\/masterprod.ro\\\/#website\"},\"primaryImageOfPage\":{\"@id\":\"https:\\\/\\\/masterprod.ro\\\/acoperiri-si-inchideri-de-terase-reci-structurile-pentru-terasa-rece\\\/#primaryimage\"},\"image\":{\"@id\":\"https:\\\/\\\/masterprod.ro\\\/acoperiri-si-inchideri-de-terase-reci-structurile-pentru-terasa-rece\\\/#primaryimage\"},\"thumbnailUrl\":\"https:\\\/\\\/masterprod.ro\\\/wp-content\\\/uploads\\\/2024\\\/08\\\/Untitled-1-1024x563.jpg\",\"datePublished\":\"2025-03-06T13:43:02+00:00\",\"dateModified\":\"2025-03-11T08:33:52+00:00\",\"description\":\"Structurile pentru terasa rece sunt realizate din profile de aluminiu \u0219i acoperite cu materiale sub forma de pl\u0103ci transparente.\",\"breadcrumb\":{\"@id\":\"https:\\\/\\\/masterprod.ro\\\/acoperiri-si-inchideri-de-terase-reci-structurile-pentru-terasa-rece\\\/#breadcrumb\"},\"inLanguage\":\"en-US\",\"potentialAction\":[{\"@type\":\"ReadAction\",\"target\":[\"https:\\\/\\\/masterprod.ro\\\/acoperiri-si-inchideri-de-terase-reci-structurile-pentru-terasa-rece\\\/\"]}]},{\"@type\":\"ImageObject\",\"inLanguage\":\"en-US\",\"@id\":\"https:\\\/\\\/masterprod.ro\\\/acoperiri-si-inchideri-de-terase-reci-structurile-pentru-terasa-rece\\\/#primaryimage\",\"url\":\"https:\\\/\\\/masterprod.ro\\\/wp-content\\\/uploads\\\/2024\\\/08\\\/Untitled-1-1024x563.jpg\",\"contentUrl\":\"https:\\\/\\\/masterprod.ro\\\/wp-content\\\/uploads\\\/2024\\\/08\\\/Untitled-1-1024x563.jpg\"},{\"@type\":\"BreadcrumbList\",\"@id\":\"https:\\\/\\\/masterprod.ro\\\/acoperiri-si-inchideri-de-terase-reci-structurile-pentru-terasa-rece\\\/#breadcrumb\",\"itemListElement\":[{\"@type\":\"ListItem\",\"position\":1,\"name\":\"Prima pagin\u0103\",\"item\":\"https:\\\/\\\/masterprod.ro\\\/\"},{\"@type\":\"ListItem\",\"position\":2,\"name\":\"Acoperiri \u0219i \u00eenchideri de terase RECI\"}]},{\"@type\":\"WebSite\",\"@id\":\"https:\\\/\\\/masterprod.ro\\\/#website\",\"url\":\"https:\\\/\\\/masterprod.ro\\\/\",\"name\":\"Master Prod\",\"description\":\"T\u00e2mpl\u0103rie aluminiu - pere\u021bi cortin\u0103, \u00eenchideri\\\/acoperiri terase\",\"publisher\":{\"@id\":\"https:\\\/\\\/masterprod.ro\\\/#organization\"},\"potentialAction\":[{\"@type\":\"SearchAction\",\"target\":{\"@type\":\"EntryPoint\",\"urlTemplate\":\"https:\\\/\\\/masterprod.ro\\\/?s={search_term_string}\"},\"query-input\":{\"@type\":\"PropertyValueSpecification\",\"valueRequired\":true,\"valueName\":\"search_term_string\"}}],\"inLanguage\":\"en-US\"},{\"@type\":\"Organization\",\"@id\":\"https:\\\/\\\/masterprod.ro\\\/#organization\",\"name\":\"Master Prod\",\"url\":\"https:\\\/\\\/masterprod.ro\\\/\",\"logo\":{\"@type\":\"ImageObject\",\"inLanguage\":\"en-US\",\"@id\":\"https:\\\/\\\/masterprod.ro\\\/#\\\/schema\\\/logo\\\/image\\\/\",\"url\":\"https:\\\/\\\/masterprod.ro\\\/wp-content\\\/uploads\\\/2023\\\/02\\\/text-si-sigla.jpg\",\"contentUrl\":\"https:\\\/\\\/masterprod.ro\\\/wp-content\\\/uploads\\\/2023\\\/02\\\/text-si-sigla.jpg\",\"width\":1058,\"height\":111,\"caption\":\"Master Prod\"},\"image\":{\"@id\":\"https:\\\/\\\/masterprod.ro\\\/#\\\/schema\\\/logo\\\/image\\\/\"}}]}<\/script>\n<!-- \/ Yoast SEO plugin. -->","yoast_head_json":{"title":"Structurile pentru terasa rece Acoperiri \u0219i \u00eenchideri de terase RECI - Master Prod","description":"Structurile pentru terasa rece sunt realizate din profile de aluminiu \u0219i acoperite cu materiale sub forma de pl\u0103ci transparente.","robots":{"index":"index","follow":"follow","max-snippet":"max-snippet:-1","max-image-preview":"max-image-preview:large","max-video-preview":"max-video-preview:-1"},"canonical":"https:\/\/masterprod.ro\/en\/acoperiri-si-inchideri-de-terase-reci-structurile-pentru-terasa-rece\/","og_locale":"en_US","og_type":"article","og_title":"Structurile pentru terasa rece Acoperiri \u0219i \u00eenchideri de terase RECI - Master Prod","og_description":"Structurile pentru terasa rece sunt realizate din profile de aluminiu \u0219i acoperite cu materiale sub forma de pl\u0103ci transparente.","og_url":"https:\/\/masterprod.ro\/en\/acoperiri-si-inchideri-de-terase-reci-structurile-pentru-terasa-rece\/","og_site_name":"Master Prod","article_modified_time":"2025-03-11T08:33:52+00:00","og_image":[{"url":"https:\/\/masterprod.ro\/wp-content\/uploads\/2024\/08\/Untitled-1-1024x563.jpg","type":"","width":"","height":""}],"twitter_card":"summary_large_image","twitter_misc":{"Est. reading time":"3 minutes"},"schema":{"@context":"https:\/\/schema.org","@graph":[{"@type":"WebPage","@id":"https:\/\/masterprod.ro\/acoperiri-si-inchideri-de-terase-reci-structurile-pentru-terasa-rece\/","url":"https:\/\/masterprod.ro\/acoperiri-si-inchideri-de-terase-reci-structurile-pentru-terasa-rece\/","name":"Structurile pentru terasa rece Acoperiri \u0219i \u00eenchideri de terase RECI - Master Prod","isPartOf":{"@id":"https:\/\/masterprod.ro\/#website"},"primaryImageOfPage":{"@id":"https:\/\/masterprod.ro\/acoperiri-si-inchideri-de-terase-reci-structurile-pentru-terasa-rece\/#primaryimage"},"image":{"@id":"https:\/\/masterprod.ro\/acoperiri-si-inchideri-de-terase-reci-structurile-pentru-terasa-rece\/#primaryimage"},"thumbnailUrl":"https:\/\/masterprod.ro\/wp-content\/uploads\/2024\/08\/Untitled-1-1024x563.jpg","datePublished":"2025-03-06T13:43:02+00:00","dateModified":"2025-03-11T08:33:52+00:00","description":"Structurile pentru terasa rece sunt realizate din profile de aluminiu \u0219i acoperite cu materiale sub forma de pl\u0103ci transparente.","breadcrumb":{"@id":"https:\/\/masterprod.ro\/acoperiri-si-inchideri-de-terase-reci-structurile-pentru-terasa-rece\/#breadcrumb"},"inLanguage":"en-US","potentialAction":[{"@type":"ReadAction","target":["https:\/\/masterprod.ro\/acoperiri-si-inchideri-de-terase-reci-structurile-pentru-terasa-rece\/"]}]},{"@type":"ImageObject","inLanguage":"en-US","@id":"https:\/\/masterprod.ro\/acoperiri-si-inchideri-de-terase-reci-structurile-pentru-terasa-rece\/#primaryimage","url":"https:\/\/masterprod.ro\/wp-content\/uploads\/2024\/08\/Untitled-1-1024x563.jpg","contentUrl":"https:\/\/masterprod.ro\/wp-content\/uploads\/2024\/08\/Untitled-1-1024x563.jpg"},{"@type":"BreadcrumbList","@id":"https:\/\/masterprod.ro\/acoperiri-si-inchideri-de-terase-reci-structurile-pentru-terasa-rece\/#breadcrumb","itemListElement":[{"@type":"ListItem","position":1,"name":"Prima pagin\u0103","item":"https:\/\/masterprod.ro\/"},{"@type":"ListItem","position":2,"name":"Acoperiri \u0219i \u00eenchideri de terase RECI"}]},{"@type":"WebSite","@id":"https:\/\/masterprod.ro\/#website","url":"https:\/\/masterprod.ro\/","name":"Master Prod","description":"T\u00e2mpl\u0103rie aluminiu - pere\u021bi cortin\u0103, \u00eenchideri\/acoperiri terase","publisher":{"@id":"https:\/\/masterprod.ro\/#organization"},"potentialAction":[{"@type":"SearchAction","target":{"@type":"EntryPoint","urlTemplate":"https:\/\/masterprod.ro\/?s={search_term_string}"},"query-input":{"@type":"PropertyValueSpecification","valueRequired":true,"valueName":"search_term_string"}}],"inLanguage":"en-US"},{"@type":"Organization","@id":"https:\/\/masterprod.ro\/#organization","name":"Master Prod","url":"https:\/\/masterprod.ro\/","logo":{"@type":"ImageObject","inLanguage":"en-US","@id":"https:\/\/masterprod.ro\/#\/schema\/logo\/image\/","url":"https:\/\/masterprod.ro\/wp-content\/uploads\/2023\/02\/text-si-sigla.jpg","contentUrl":"https:\/\/masterprod.ro\/wp-content\/uploads\/2023\/02\/text-si-sigla.jpg","width":1058,"height":111,"caption":"Master Prod"},"image":{"@id":"https:\/\/masterprod.ro\/#\/schema\/logo\/image\/"}}]}},"_links":{"self":[{"href":"https:\/\/masterprod.ro\/en\/wp-json\/wp\/v2\/pages\/15222","targetHints":{"allow":["GET"]}}],"collection":[{"href":"https:\/\/masterprod.ro\/en\/wp-json\/wp\/v2\/pages"}],"about":[{"href":"https:\/\/masterprod.ro\/en\/wp-json\/wp\/v2\/types\/page"}],"author":[{"embeddable":true,"href":"https:\/\/masterprod.ro\/en\/wp-json\/wp\/v2\/users\/3"}],"replies":[{"embeddable":true,"href":"https:\/\/masterprod.ro\/en\/wp-json\/wp\/v2\/comments?post=15222"}],"version-history":[{"count":0,"href":"https:\/\/masterprod.ro\/en\/wp-json\/wp\/v2\/pages\/15222\/revisions"}],"wp:attachment":[{"href":"https:\/\/masterprod.ro\/en\/wp-json\/wp\/v2\/media?parent=15222"}],"curies":[{"name":"wp","href":"https:\/\/api.w.org\/{rel}","templated":true}]}}