{"id":15093,"date":"2025-03-05T13:40:42","date_gmt":"2025-03-05T11:40:42","guid":{"rendered":"https:\/\/masterprod.ro\/?page_id=15093"},"modified":"2025-03-11T14:41:08","modified_gmt":"2025-03-11T12:41:08","slug":"usi-ferestre-si-panouri-fixe-inchiderea-unei-terase","status":"publish","type":"page","link":"https:\/\/masterprod.ro\/en\/usi-ferestre-si-panouri-fixe-inchiderea-unei-terase\/","title":{"rendered":"Usi, ferestre \u0219i panouri fixe"},"content":{"rendered":"<div data-elementor-type=\"wp-page\" data-elementor-id=\"15093\" class=\"elementor elementor-15093\">\n\t\t\t\t<div class=\"elementor-element elementor-element-89149c5 e-flex e-con-boxed e-con e-parent\" data-id=\"89149c5\" data-element_type=\"container\" data-e-type=\"container\">\n\t\t\t\t\t<div class=\"e-con-inner\">\n\t\t\t\t<div class=\"elementor-element elementor-element-2ce57e1 elementor-widget elementor-widget-text-editor\" data-id=\"2ce57e1\" data-element_type=\"widget\" data-e-type=\"widget\" data-widget_type=\"text-editor.default\">\n\t\t\t\t<div class=\"elementor-widget-container\">\n\t\t\t\t\t\t\t\t\t<h5><strong>U\u0219i, ferestre \u0219i panouri simple<\/strong><\/h5>\t\t\t\t\t\t\t\t<\/div>\n\t\t\t\t<\/div>\n\t\t\t\t\t<\/div>\n\t\t\t\t<\/div>\n\t\t<div class=\"elementor-element elementor-element-33adc39f e-flex e-con-boxed e-con e-parent\" data-id=\"33adc39f\" data-element_type=\"container\" data-e-type=\"container\">\n\t\t\t\t\t<div class=\"e-con-inner\">\n\t\t\t\t<div class=\"elementor-element elementor-element-53b3cf06 elementor-widget elementor-widget-text-editor\" data-id=\"53b3cf06\" data-element_type=\"widget\" data-e-type=\"widget\" data-widget_type=\"text-editor.default\">\n\t\t\t\t<div class=\"elementor-widget-container\">\n\t\t\t\t\t\t\t\t\t<p>\u00a0 \u00a0 \u00a0\u00cenchiderea unei terase poate fi f\u0103cut\u0103 cu elemente de t\u00e2mpl\u0103rie comune (ferestre \u0219i usi) fixe sau mobile. Aceste elemente ofer\u0103 proprietarilor multiple op\u021biuni de a adapta spa\u021biul la nevoile \u0219i preferin\u021bele personale.<\/p><ul><li>Ferestrele fixe pot fi realizate din profile de aluminiu cu sau f\u0103r\u0103 barier\u0103 termic\u0103 sau din PVC. Pot avea dimensiuni generoase astfel \u00eenc\u00e2t sunt ideale pentru a oferi mult\u0103 lumin\u0103 natural\u0103 \u0219i vederi panoramice. \u00cen plus, ofer\u0103 protec\u021bie la v\u00e2nt \u0219i ploaie \u0219i pot contribui la izolarea termic\u0103 \u0219i fonic\u0103 a terasei.<\/li><li>U\u0219i \u0219i ferestre cu deschideri normale\/batante pot fi realizate din profile de aluminiu sau din PVC. Pot fi deschise spre interiorul terasei sau spre exteriorul acesteia. Ofer\u0103 acces facil pe teras\u0103 \u0219i permit circularea aerului pentru aerisirea terasei.<\/li><li>T\u00e2mpl\u0103riile cu deschideri oscilante au avantajul c\u0103 permit ventilarea continu\u0103 \u0219i controlat\u0103 a interiorului terasei. Pot fi realizate din profile de aluminiu cu sau f\u0103r\u0103 barier\u0103 termic\u0103 sau din PVC.<\/li><li>T\u00e2mpl\u0103riile cu deschideri combinate \u00eembin\u0103 avantajele deschiderilor batante cu cele ale deschiderilor oscilante: acces facil pe teras\u0103 \u0219i men\u021binerea unei atmosfere pl\u0103cute \u00een interior.<\/li><\/ul><p>\u00a0 \u00a0 \u00a0Toate aceste elemente de t\u00e2mpl\u0103rie pot fi echipate cu sticl\u0103 simpl\u0103 sau pachete de geam cu dou\u0103 sau trei foi de sticl\u0103, \u00een func\u021bie de caracteristicile terasei \u0219i de nevoile proprietarului.<\/p><p>\u00a0 \u00a0 \u00a0Indiferent de op\u021biunea aleas\u0103, \u00eenchiderea unei terase ofer\u0103 un spa\u021biu confortabil \u0219i protejat, potrivit pentru relaxare \u0219i socializare \u00een aer liber.<\/p><p><img fetchpriority=\"high\" decoding=\"async\" class=\"aligncenter wp-image-11079 size-vp_sm\" title=\"\u00cenchiderea unei terase\" src=\"https:\/\/masterprod.ro\/wp-content\/uploads\/2023\/01\/WhatsApp-Image-2022-07-13-at-18.38.49-2-500x375.jpeg\" alt=\"Wintergarden\" width=\"500\" height=\"375\" srcset=\"https:\/\/masterprod.ro\/wp-content\/uploads\/2023\/01\/WhatsApp-Image-2022-07-13-at-18.38.49-2-500x375.jpeg 500w, https:\/\/masterprod.ro\/wp-content\/uploads\/2023\/01\/WhatsApp-Image-2022-07-13-at-18.38.49-2-300x225.jpeg 300w, https:\/\/masterprod.ro\/wp-content\/uploads\/2023\/01\/WhatsApp-Image-2022-07-13-at-18.38.49-2-1024x768.jpeg 1024w, https:\/\/masterprod.ro\/wp-content\/uploads\/2023\/01\/WhatsApp-Image-2022-07-13-at-18.38.49-2-768x576.jpeg 768w, https:\/\/masterprod.ro\/wp-content\/uploads\/2023\/01\/WhatsApp-Image-2022-07-13-at-18.38.49-2-800x600.jpeg 800w, https:\/\/masterprod.ro\/wp-content\/uploads\/2023\/01\/WhatsApp-Image-2022-07-13-at-18.38.49-2-1280x960.jpeg 1280w, https:\/\/masterprod.ro\/wp-content\/uploads\/2023\/01\/WhatsApp-Image-2022-07-13-at-18.38.49-2-1920x1440.jpeg 1920w, https:\/\/masterprod.ro\/wp-content\/uploads\/2023\/01\/WhatsApp-Image-2022-07-13-at-18.38.49-2-1536x1152.jpeg 1536w, https:\/\/masterprod.ro\/wp-content\/uploads\/2023\/01\/WhatsApp-Image-2022-07-13-at-18.38.49-2-16x12.jpeg 16w, https:\/\/masterprod.ro\/wp-content\/uploads\/2023\/01\/WhatsApp-Image-2022-07-13-at-18.38.49-2.jpeg 2048w\" sizes=\"(max-width: 500px) 100vw, 500px\" \/><\/p>\t\t\t\t\t\t\t\t<\/div>\n\t\t\t\t<\/div>\n\t\t\t\t\t<\/div>\n\t\t\t\t<\/div>\n\t\t<div class=\"elementor-element elementor-element-7fdc3f9c e-grid e-con-boxed e-con e-parent\" data-id=\"7fdc3f9c\" data-element_type=\"container\" data-e-type=\"container\">\n\t\t\t\t\t<div class=\"e-con-inner\">\n\t\t\t\t<div class=\"elementor-element elementor-element-435f9c1c elementor-align-justify elementor-widget__width-initial elementor-widget elementor-widget-button\" data-id=\"435f9c1c\" data-element_type=\"widget\" data-e-type=\"widget\" data-widget_type=\"button.default\">\n\t\t\t\t<div class=\"elementor-widget-container\">\n\t\t\t\t\t\t\t\t\t<div class=\"elementor-button-wrapper\">\n\t\t\t\t\t<a class=\"elementor-button elementor-button-link elementor-size-sm\" href=\"https:\/\/masterprod.ro\/en\/project\/portofoliu-produse-master-prod\/?_gl=1*mopkz2*_up*MQ..*_ga*NzE4MzQ1MjYyLjE3NDE2MDE0NTk.*_ga_L86KHBP5QE*MTc0MTYwMTQ1Ni4xLjEuMTc0MTYwMTQ1Ni4wLjAuMTQ5MjU1ODQ5\">\n\t\t\t\t\t\t<span class=\"elementor-button-content-wrapper\">\n\t\t\t\t\t\t\t\t\t<span class=\"elementor-button-text\">     Portfolio     <\/span>\n\t\t\t\t\t<\/span>\n\t\t\t\t\t<\/a>\n\t\t\t\t<\/div>\n\t\t\t\t\t\t\t\t<\/div>\n\t\t\t\t<\/div>\n\t\t\t\t\t<\/div>\n\t\t\t\t<\/div>\n\t\t\t\t<section class=\"elementor-section elementor-top-section elementor-element elementor-element-fd1cad elementor-section-full_width elementor-section-height-default elementor-section-height-default\" data-id=\"fd1cad\" data-element_type=\"section\" data-e-type=\"section\">\n\t\t\t\t\t\t<div class=\"elementor-container elementor-column-gap-no\">\n\t\t\t\t\t<div class=\"elementor-column elementor-col-100 elementor-top-column elementor-element elementor-element-68ecd368\" data-id=\"68ecd368\" data-element_type=\"column\" data-e-type=\"column\">\n\t\t\t<div class=\"elementor-widget-wrap elementor-element-populated\">\n\t\t\t\t\t\t<div class=\"elementor-element elementor-element-61314afe elementor-widget elementor-widget-shortcode\" data-id=\"61314afe\" data-element_type=\"widget\" data-e-type=\"widget\" data-widget_type=\"shortcode.default\">\n\t\t\t\t<div class=\"elementor-widget-container\">\n\t\t\t\t\t\t\t<div class=\"elementor-shortcode\">\t\t<div data-elementor-type=\"wp-post\" data-elementor-id=\"1820\" class=\"elementor elementor-1820\">\n\t\t\t\t<div class=\"elementor-element elementor-element-9f892d4 e-flex e-con-boxed e-con e-parent\" data-id=\"9f892d4\" data-element_type=\"container\" data-e-type=\"container\" data-settings=\"{&quot;background_background&quot;:&quot;classic&quot;}\">\n\t\t\t\t\t<div class=\"e-con-inner\">\n\t\t\t\t<div class=\"elementor-element elementor-element-1c1e8d9 elementor-widget__width-auto elementor-widget elementor-widget-heading\" data-id=\"1c1e8d9\" data-element_type=\"widget\" data-e-type=\"widget\" data-widget_type=\"heading.default\">\n\t\t\t\t<div class=\"elementor-widget-container\">\n\t\t\t\t\t<h2 class=\"elementor-heading-title elementor-size-default\">Personalised consultancy<\/h2>\t\t\t\t<\/div>\n\t\t\t\t<\/div>\n\t\t\t\t<div class=\"elementor-element elementor-element-edf74d8 elementor-widget elementor-widget-button\" data-id=\"edf74d8\" data-element_type=\"widget\" data-e-type=\"widget\" data-widget_type=\"button.default\">\n\t\t\t\t<div class=\"elementor-widget-container\">\n\t\t\t\t\t\t\t\t\t<div class=\"elementor-button-wrapper\">\n\t\t\t\t\t<a class=\"elementor-button elementor-button-link elementor-size-lg\" href=\"\/en\/contact\/\">\n\t\t\t\t\t\t<span class=\"elementor-button-content-wrapper\">\n\t\t\t\t\t\t<span class=\"elementor-button-icon\">\n\t\t\t\t<i aria-hidden=\"true\" class=\"fas fa-chevron-right\"><\/i>\t\t\t<\/span>\n\t\t\t\t\t\t\t\t\t<span class=\"elementor-button-text\">Contact us<\/span>\n\t\t\t\t\t<\/span>\n\t\t\t\t\t<\/a>\n\t\t\t\t<\/div>\n\t\t\t\t\t\t\t\t<\/div>\n\t\t\t\t<\/div>\n\t\t\t\t\t<\/div>\n\t\t\t\t<\/div>\n\t\t\t\t<\/div>\n\t\t<\/div>\n\t\t\t\t\t\t<\/div>\n\t\t\t\t<\/div>\n\t\t\t\t\t<\/div>\n\t\t<\/div>\n\t\t\t\t\t<\/div>\n\t\t<\/section>\n\t\t\t\t<\/div>","protected":false},"excerpt":{"rendered":"<p>U\u0219i, ferestre \u0219i panouri simple \u00cenchiderea unei terase poate fi f\u0103cut\u0103 cu elemente de t\u00e2mpl\u0103rie comune (ferestre \u0219i usi) fixe sau mobile. Aceste elemente ofer\u0103 proprietarilor multiple op\u021biuni de a adapta spa\u021biul la nevoile \u0219i preferin\u021bele personale. Ferestrele fixe pot fi realizate din profile de aluminiu cu sau f\u0103r\u0103 barier\u0103 termic\u0103 sau din PVC. Pot [&hellip;]<\/p>\n","protected":false},"author":3,"featured_media":0,"parent":0,"menu_order":0,"comment_status":"closed","ping_status":"closed","template":"","meta":{"_acf_changed":false,"site-sidebar-layout":"default","site-content-layout":"","ast-site-content-layout":"default","site-content-style":"default","site-sidebar-style":"default","ast-global-header-display":"","ast-banner-title-visibility":"","ast-main-header-display":"","ast-hfb-above-header-display":"","ast-hfb-below-header-display":"","ast-hfb-mobile-header-display":"","site-post-title":"","ast-breadcrumbs-content":"","ast-featured-img":"","footer-sml-layout":"","ast-disable-related-posts":"","theme-transparent-header-meta":"default","adv-header-id-meta":"","stick-header-meta":"","header-above-stick-meta":"","header-main-stick-meta":"","header-below-stick-meta":"","astra-migrate-meta-layouts":"set","ast-page-background-enabled":"default","ast-page-background-meta":{"desktop":{"background-color":"","background-image":"","background-repeat":"repeat","background-position":"center center","background-size":"auto","background-attachment":"scroll","background-type":"","background-media":"","overlay-type":"","overlay-color":"","overlay-opacity":"","overlay-gradient":""},"tablet":{"background-color":"","background-image":"","background-repeat":"repeat","background-position":"center center","background-size":"auto","background-attachment":"scroll","background-type":"","background-media":"","overlay-type":"","overlay-color":"","overlay-opacity":"","overlay-gradient":""},"mobile":{"background-color":"","background-image":"","background-repeat":"repeat","background-position":"center center","background-size":"auto","background-attachment":"scroll","background-type":"","background-media":"","overlay-type":"","overlay-color":"","overlay-opacity":"","overlay-gradient":""}},"ast-content-background-meta":{"desktop":{"background-color":"var(--ast-global-color-5)","background-image":"","background-repeat":"repeat","background-position":"center center","background-size":"auto","background-attachment":"scroll","background-type":"","background-media":"","overlay-type":"","overlay-color":"","overlay-opacity":"","overlay-gradient":""},"tablet":{"background-color":"var(--ast-global-color-5)","background-image":"","background-repeat":"repeat","background-position":"center center","background-size":"auto","background-attachment":"scroll","background-type":"","background-media":"","overlay-type":"","overlay-color":"","overlay-opacity":"","overlay-gradient":""},"mobile":{"background-color":"var(--ast-global-color-5)","background-image":"","background-repeat":"repeat","background-position":"center center","background-size":"auto","background-attachment":"scroll","background-type":"","background-media":"","overlay-type":"","overlay-color":"","overlay-opacity":"","overlay-gradient":""}},"footnotes":""},"class_list":["post-15093","page","type-page","status-publish","hentry"],"acf":[],"yoast_head":"<!-- This site is optimized with the Yoast SEO plugin v27.4 - https:\/\/yoast.com\/product\/yoast-seo-wordpress\/ -->\n<title>\u00cenchiderea unei terase Usi, ferestre \u0219i panouri fixe - Master Prod<\/title>\n<meta name=\"description\" content=\"\u00cenchiderea unei terase poate fi f\u0103cut\u0103 cu elemente de t\u00e2mpl\u0103rie comune (ferestre \u0219i usi) fixe sau mobile.\" \/>\n<meta name=\"robots\" content=\"index, follow, max-snippet:-1, max-image-preview:large, max-video-preview:-1\" \/>\n<link rel=\"canonical\" href=\"https:\/\/masterprod.ro\/en\/usi-ferestre-si-panouri-fixe-inchiderea-unei-terase\/\" \/>\n<meta property=\"og:locale\" content=\"en_US\" \/>\n<meta property=\"og:type\" content=\"article\" \/>\n<meta property=\"og:title\" content=\"\u00cenchiderea unei terase Usi, ferestre \u0219i panouri fixe - Master Prod\" \/>\n<meta property=\"og:description\" content=\"\u00cenchiderea unei terase poate fi f\u0103cut\u0103 cu elemente de t\u00e2mpl\u0103rie comune (ferestre \u0219i usi) fixe sau mobile.\" \/>\n<meta property=\"og:url\" content=\"https:\/\/masterprod.ro\/en\/usi-ferestre-si-panouri-fixe-inchiderea-unei-terase\/\" \/>\n<meta property=\"og:site_name\" content=\"Master Prod\" \/>\n<meta property=\"article:modified_time\" content=\"2025-03-11T12:41:08+00:00\" \/>\n<meta property=\"og:image\" content=\"https:\/\/masterprod.ro\/wp-content\/uploads\/2023\/01\/WhatsApp-Image-2022-07-13-at-18.38.49-2-500x375.jpeg\" \/>\n<meta name=\"twitter:card\" content=\"summary_large_image\" \/>\n<meta name=\"twitter:label1\" content=\"Est. reading time\" \/>\n\t<meta name=\"twitter:data1\" content=\"2 minutes\" \/>\n<script type=\"application\/ld+json\" class=\"yoast-schema-graph\">{\"@context\":\"https:\\\/\\\/schema.org\",\"@graph\":[{\"@type\":\"WebPage\",\"@id\":\"https:\\\/\\\/masterprod.ro\\\/usi-ferestre-si-panouri-fixe-inchiderea-unei-terase\\\/\",\"url\":\"https:\\\/\\\/masterprod.ro\\\/usi-ferestre-si-panouri-fixe-inchiderea-unei-terase\\\/\",\"name\":\"\u00cenchiderea unei terase Usi, ferestre \u0219i panouri fixe - Master Prod\",\"isPartOf\":{\"@id\":\"https:\\\/\\\/masterprod.ro\\\/#website\"},\"primaryImageOfPage\":{\"@id\":\"https:\\\/\\\/masterprod.ro\\\/usi-ferestre-si-panouri-fixe-inchiderea-unei-terase\\\/#primaryimage\"},\"image\":{\"@id\":\"https:\\\/\\\/masterprod.ro\\\/usi-ferestre-si-panouri-fixe-inchiderea-unei-terase\\\/#primaryimage\"},\"thumbnailUrl\":\"https:\\\/\\\/masterprod.ro\\\/wp-content\\\/uploads\\\/2023\\\/01\\\/WhatsApp-Image-2022-07-13-at-18.38.49-2-500x375.jpeg\",\"datePublished\":\"2025-03-05T11:40:42+00:00\",\"dateModified\":\"2025-03-11T12:41:08+00:00\",\"description\":\"\u00cenchiderea unei terase poate fi f\u0103cut\u0103 cu elemente de t\u00e2mpl\u0103rie comune (ferestre \u0219i usi) fixe sau mobile.\",\"breadcrumb\":{\"@id\":\"https:\\\/\\\/masterprod.ro\\\/usi-ferestre-si-panouri-fixe-inchiderea-unei-terase\\\/#breadcrumb\"},\"inLanguage\":\"en-US\",\"potentialAction\":[{\"@type\":\"ReadAction\",\"target\":[\"https:\\\/\\\/masterprod.ro\\\/usi-ferestre-si-panouri-fixe-inchiderea-unei-terase\\\/\"]}]},{\"@type\":\"ImageObject\",\"inLanguage\":\"en-US\",\"@id\":\"https:\\\/\\\/masterprod.ro\\\/usi-ferestre-si-panouri-fixe-inchiderea-unei-terase\\\/#primaryimage\",\"url\":\"https:\\\/\\\/masterprod.ro\\\/wp-content\\\/uploads\\\/2023\\\/01\\\/WhatsApp-Image-2022-07-13-at-18.38.49-2-500x375.jpeg\",\"contentUrl\":\"https:\\\/\\\/masterprod.ro\\\/wp-content\\\/uploads\\\/2023\\\/01\\\/WhatsApp-Image-2022-07-13-at-18.38.49-2-500x375.jpeg\"},{\"@type\":\"BreadcrumbList\",\"@id\":\"https:\\\/\\\/masterprod.ro\\\/usi-ferestre-si-panouri-fixe-inchiderea-unei-terase\\\/#breadcrumb\",\"itemListElement\":[{\"@type\":\"ListItem\",\"position\":1,\"name\":\"Prima pagin\u0103\",\"item\":\"https:\\\/\\\/masterprod.ro\\\/\"},{\"@type\":\"ListItem\",\"position\":2,\"name\":\"Usi, ferestre \u0219i panouri fixe\"}]},{\"@type\":\"WebSite\",\"@id\":\"https:\\\/\\\/masterprod.ro\\\/#website\",\"url\":\"https:\\\/\\\/masterprod.ro\\\/\",\"name\":\"Master Prod\",\"description\":\"T\u00e2mpl\u0103rie aluminiu - pere\u021bi cortin\u0103, \u00eenchideri\\\/acoperiri terase\",\"publisher\":{\"@id\":\"https:\\\/\\\/masterprod.ro\\\/#organization\"},\"potentialAction\":[{\"@type\":\"SearchAction\",\"target\":{\"@type\":\"EntryPoint\",\"urlTemplate\":\"https:\\\/\\\/masterprod.ro\\\/?s={search_term_string}\"},\"query-input\":{\"@type\":\"PropertyValueSpecification\",\"valueRequired\":true,\"valueName\":\"search_term_string\"}}],\"inLanguage\":\"en-US\"},{\"@type\":\"Organization\",\"@id\":\"https:\\\/\\\/masterprod.ro\\\/#organization\",\"name\":\"Master Prod\",\"url\":\"https:\\\/\\\/masterprod.ro\\\/\",\"logo\":{\"@type\":\"ImageObject\",\"inLanguage\":\"en-US\",\"@id\":\"https:\\\/\\\/masterprod.ro\\\/#\\\/schema\\\/logo\\\/image\\\/\",\"url\":\"https:\\\/\\\/masterprod.ro\\\/wp-content\\\/uploads\\\/2023\\\/02\\\/text-si-sigla.jpg\",\"contentUrl\":\"https:\\\/\\\/masterprod.ro\\\/wp-content\\\/uploads\\\/2023\\\/02\\\/text-si-sigla.jpg\",\"width\":1058,\"height\":111,\"caption\":\"Master Prod\"},\"image\":{\"@id\":\"https:\\\/\\\/masterprod.ro\\\/#\\\/schema\\\/logo\\\/image\\\/\"}}]}<\/script>\n<!-- \/ Yoast SEO plugin. -->","yoast_head_json":{"title":"\u00cenchiderea unei terase Usi, ferestre \u0219i panouri fixe - Master Prod","description":"\u00cenchiderea unei terase poate fi f\u0103cut\u0103 cu elemente de t\u00e2mpl\u0103rie comune (ferestre \u0219i usi) fixe sau mobile.","robots":{"index":"index","follow":"follow","max-snippet":"max-snippet:-1","max-image-preview":"max-image-preview:large","max-video-preview":"max-video-preview:-1"},"canonical":"https:\/\/masterprod.ro\/en\/usi-ferestre-si-panouri-fixe-inchiderea-unei-terase\/","og_locale":"en_US","og_type":"article","og_title":"\u00cenchiderea unei terase Usi, ferestre \u0219i panouri fixe - Master Prod","og_description":"\u00cenchiderea unei terase poate fi f\u0103cut\u0103 cu elemente de t\u00e2mpl\u0103rie comune (ferestre \u0219i usi) fixe sau mobile.","og_url":"https:\/\/masterprod.ro\/en\/usi-ferestre-si-panouri-fixe-inchiderea-unei-terase\/","og_site_name":"Master Prod","article_modified_time":"2025-03-11T12:41:08+00:00","og_image":[{"url":"https:\/\/masterprod.ro\/wp-content\/uploads\/2023\/01\/WhatsApp-Image-2022-07-13-at-18.38.49-2-500x375.jpeg","type":"","width":"","height":""}],"twitter_card":"summary_large_image","twitter_misc":{"Est. reading time":"2 minutes"},"schema":{"@context":"https:\/\/schema.org","@graph":[{"@type":"WebPage","@id":"https:\/\/masterprod.ro\/usi-ferestre-si-panouri-fixe-inchiderea-unei-terase\/","url":"https:\/\/masterprod.ro\/usi-ferestre-si-panouri-fixe-inchiderea-unei-terase\/","name":"\u00cenchiderea unei terase Usi, ferestre \u0219i panouri fixe - Master Prod","isPartOf":{"@id":"https:\/\/masterprod.ro\/#website"},"primaryImageOfPage":{"@id":"https:\/\/masterprod.ro\/usi-ferestre-si-panouri-fixe-inchiderea-unei-terase\/#primaryimage"},"image":{"@id":"https:\/\/masterprod.ro\/usi-ferestre-si-panouri-fixe-inchiderea-unei-terase\/#primaryimage"},"thumbnailUrl":"https:\/\/masterprod.ro\/wp-content\/uploads\/2023\/01\/WhatsApp-Image-2022-07-13-at-18.38.49-2-500x375.jpeg","datePublished":"2025-03-05T11:40:42+00:00","dateModified":"2025-03-11T12:41:08+00:00","description":"\u00cenchiderea unei terase poate fi f\u0103cut\u0103 cu elemente de t\u00e2mpl\u0103rie comune (ferestre \u0219i usi) fixe sau mobile.","breadcrumb":{"@id":"https:\/\/masterprod.ro\/usi-ferestre-si-panouri-fixe-inchiderea-unei-terase\/#breadcrumb"},"inLanguage":"en-US","potentialAction":[{"@type":"ReadAction","target":["https:\/\/masterprod.ro\/usi-ferestre-si-panouri-fixe-inchiderea-unei-terase\/"]}]},{"@type":"ImageObject","inLanguage":"en-US","@id":"https:\/\/masterprod.ro\/usi-ferestre-si-panouri-fixe-inchiderea-unei-terase\/#primaryimage","url":"https:\/\/masterprod.ro\/wp-content\/uploads\/2023\/01\/WhatsApp-Image-2022-07-13-at-18.38.49-2-500x375.jpeg","contentUrl":"https:\/\/masterprod.ro\/wp-content\/uploads\/2023\/01\/WhatsApp-Image-2022-07-13-at-18.38.49-2-500x375.jpeg"},{"@type":"BreadcrumbList","@id":"https:\/\/masterprod.ro\/usi-ferestre-si-panouri-fixe-inchiderea-unei-terase\/#breadcrumb","itemListElement":[{"@type":"ListItem","position":1,"name":"Prima pagin\u0103","item":"https:\/\/masterprod.ro\/"},{"@type":"ListItem","position":2,"name":"Usi, ferestre \u0219i panouri fixe"}]},{"@type":"WebSite","@id":"https:\/\/masterprod.ro\/#website","url":"https:\/\/masterprod.ro\/","name":"Master Prod","description":"T\u00e2mpl\u0103rie aluminiu - pere\u021bi cortin\u0103, \u00eenchideri\/acoperiri terase","publisher":{"@id":"https:\/\/masterprod.ro\/#organization"},"potentialAction":[{"@type":"SearchAction","target":{"@type":"EntryPoint","urlTemplate":"https:\/\/masterprod.ro\/?s={search_term_string}"},"query-input":{"@type":"PropertyValueSpecification","valueRequired":true,"valueName":"search_term_string"}}],"inLanguage":"en-US"},{"@type":"Organization","@id":"https:\/\/masterprod.ro\/#organization","name":"Master Prod","url":"https:\/\/masterprod.ro\/","logo":{"@type":"ImageObject","inLanguage":"en-US","@id":"https:\/\/masterprod.ro\/#\/schema\/logo\/image\/","url":"https:\/\/masterprod.ro\/wp-content\/uploads\/2023\/02\/text-si-sigla.jpg","contentUrl":"https:\/\/masterprod.ro\/wp-content\/uploads\/2023\/02\/text-si-sigla.jpg","width":1058,"height":111,"caption":"Master Prod"},"image":{"@id":"https:\/\/masterprod.ro\/#\/schema\/logo\/image\/"}}]}},"_links":{"self":[{"href":"https:\/\/masterprod.ro\/en\/wp-json\/wp\/v2\/pages\/15093","targetHints":{"allow":["GET"]}}],"collection":[{"href":"https:\/\/masterprod.ro\/en\/wp-json\/wp\/v2\/pages"}],"about":[{"href":"https:\/\/masterprod.ro\/en\/wp-json\/wp\/v2\/types\/page"}],"author":[{"embeddable":true,"href":"https:\/\/masterprod.ro\/en\/wp-json\/wp\/v2\/users\/3"}],"replies":[{"embeddable":true,"href":"https:\/\/masterprod.ro\/en\/wp-json\/wp\/v2\/comments?post=15093"}],"version-history":[{"count":0,"href":"https:\/\/masterprod.ro\/en\/wp-json\/wp\/v2\/pages\/15093\/revisions"}],"wp:attachment":[{"href":"https:\/\/masterprod.ro\/en\/wp-json\/wp\/v2\/media?parent=15093"}],"curies":[{"name":"wp","href":"https:\/\/api.w.org\/{rel}","templated":true}]}}