{"id":13949,"date":"2024-11-13T14:40:03","date_gmt":"2024-11-13T12:40:03","guid":{"rendered":"https:\/\/masterprod.ro\/?page_id=13949"},"modified":"2025-03-07T10:02:41","modified_gmt":"2025-03-07T08:02:41","slug":"master-prod-sisteme-schuco-pereti-cortina-pereti-cortina-de-inalta-performanta","status":"publish","type":"page","link":"https:\/\/masterprod.ro\/de\/master-prod-sisteme-schuco-pereti-cortina-pereti-cortina-de-inalta-performanta\/","title":{"rendered":"Sisteme Sch\u00fcco pere\u021bi cortin\u0103"},"content":{"rendered":"<div data-elementor-type=\"wp-page\" data-elementor-id=\"13949\" class=\"elementor elementor-13949\">\n\t\t\t\t<div class=\"elementor-element elementor-element-52c145f e-flex e-con-boxed e-con e-parent\" data-id=\"52c145f\" data-element_type=\"container\" data-e-type=\"container\" data-settings=\"{&quot;background_background&quot;:&quot;slideshow&quot;,&quot;background_slideshow_gallery&quot;:[],&quot;background_slideshow_loop&quot;:&quot;yes&quot;,&quot;background_slideshow_slide_duration&quot;:5000,&quot;background_slideshow_slide_transition&quot;:&quot;fade&quot;,&quot;background_slideshow_transition_duration&quot;:500}\">\n\t\t\t\t\t<div class=\"e-con-inner\">\n\t\t\t\t<div class=\"elementor-element elementor-element-7ac88dd elementor-widget elementor-widget-image\" data-id=\"7ac88dd\" data-element_type=\"widget\" data-e-type=\"widget\" data-widget_type=\"image.default\">\n\t\t\t\t<div class=\"elementor-widget-container\">\n\t\t\t\t\t\t\t\t\t\t\t\t\t\t\t<img decoding=\"async\" width=\"300\" height=\"53\" src=\"https:\/\/masterprod.ro\/wp-content\/uploads\/2023\/01\/schuco-300x53.webp\" class=\"attachment-medium size-medium wp-image-1738\" alt=\"schuco\" srcset=\"https:\/\/masterprod.ro\/wp-content\/uploads\/2023\/01\/schuco-300x53.webp 300w, https:\/\/masterprod.ro\/wp-content\/uploads\/2023\/01\/schuco-1024x180.webp 1024w, https:\/\/masterprod.ro\/wp-content\/uploads\/2023\/01\/schuco-768x135.webp 768w, https:\/\/masterprod.ro\/wp-content\/uploads\/2023\/01\/schuco-500x88.webp 500w, https:\/\/masterprod.ro\/wp-content\/uploads\/2023\/01\/schuco-800x141.webp 800w, https:\/\/masterprod.ro\/wp-content\/uploads\/2023\/01\/schuco-1280x225.webp 1280w, https:\/\/masterprod.ro\/wp-content\/uploads\/2023\/01\/schuco-1920x338.webp 1920w, https:\/\/masterprod.ro\/wp-content\/uploads\/2023\/01\/schuco-1536x270.webp 1536w, https:\/\/masterprod.ro\/wp-content\/uploads\/2023\/01\/schuco-2048x360.webp 2048w\" sizes=\"(max-width: 300px) 100vw, 300px\" \/>\t\t\t\t\t\t\t\t\t\t\t\t\t\t\t<\/div>\n\t\t\t\t<\/div>\n\t\t\t\t\t<\/div>\n\t\t\t\t<\/div>\n\t\t<div class=\"elementor-element elementor-element-c7076ec e-flex e-con-boxed e-con e-parent\" data-id=\"c7076ec\" data-element_type=\"container\" data-e-type=\"container\">\n\t\t\t\t\t<div class=\"e-con-inner\">\n\t\t\t\t<div class=\"elementor-element elementor-element-f60c58e elementor-widget elementor-widget-text-editor\" data-id=\"f60c58e\" data-element_type=\"widget\" data-e-type=\"widget\" data-widget_type=\"text-editor.default\">\n\t\t\t\t<div class=\"elementor-widget-container\">\n\t\t\t\t\t\t\t\t\t<h5>\u00a0<\/h5><h5>Profile pentru pere\u021bi cortin\u0103 de \u00eenalt\u0103 performan\u021b\u0103<\/h5>\t\t\t\t\t\t\t\t<\/div>\n\t\t\t\t<\/div>\n\t\t\t\t\t<\/div>\n\t\t\t\t<\/div>\n\t\t<div class=\"elementor-element elementor-element-bfaa445 e-flex e-con-boxed e-con e-parent\" data-id=\"bfaa445\" data-element_type=\"container\" data-e-type=\"container\">\n\t\t\t\t\t<div class=\"e-con-inner\">\n\t\t\t\t<div class=\"elementor-element elementor-element-64dfbba elementor-widget elementor-widget-text-editor\" data-id=\"64dfbba\" data-element_type=\"widget\" data-e-type=\"widget\" data-widget_type=\"text-editor.default\">\n\t\t\t\t<div class=\"elementor-widget-container\">\n\t\t\t\t\t\t\t\t\t<p data-start=\"120\" data-end=\"436\">\u00a0 \u00a0 \u00a0Pentru proiectele de pere\u021bi cortin\u0103 de \u00eenalt\u0103 performan\u021b\u0103 cu profile marca Sch\u00fcco, Master Prod ofer\u0103 solu\u021bii personalizate. Acestea corespund exact nevoilor clientului. De la ofertare la produc\u021bie \u0219i montaj, echipa Master Prod se angajeaz\u0103 s\u0103 respecte specifica\u021biile din proiect. Serviciile sunt realizate la standarde \u00eenalte de calitate.<\/p><p data-start=\"438\" data-end=\"718\">\u00a0 \u00a0 \u00a0Utiliz\u0103m profile <a href=\"https:\/\/www.alukoenigstahl.ro\/ro\/sisteme\/produse#k=GPP|037aaa51c-fda4-448f-a46e-98df8dc9e022%20AND%20GPP|037aaa51c-fda4-448f-a46e-98df8dc9e022%20AND%20GPP|037aaa51c-fda4-448f-a46e-98df8dc9e022\"><strong>Sch\u00fcco<\/strong><\/a>, renumite pentru calitate, design inovator \u0219i performan\u021be excelente. Acestea ofer\u0103 izolare termic\u0103 de p\u00e2n\u0103 la 1,3 W\/m2K. Grosimile de vitraj variaz\u0103 \u00eentre 22 \u0219i 50 mm. Avem 5 ad\u00e2ncimi de profile, astfel \u00eenc\u00e2t putem crea fa\u021bade vitrate, sigure \u0219i eficiente.<\/p><p data-start=\"720\" data-end=\"1041\">\u00a0 \u00a0 \u00a0Indiferent de tipul peretelui cortin\u0103, standard sau structural, ne asigur\u0103m c\u0103 solu\u021bia tehnic\u0103 este corect\u0103. Clien\u021bii primesc un pre\u021b competitiv, cu termen de livrare ferm. Modalit\u0103\u021bile de plat\u0103 sunt agreate de comun acord. <a href=\"https:\/\/masterprod.ro\/de\/project\/pereti-cortina\/\">Master Prod<\/a> ofer\u0103 solu\u021bii personalizate pentru cl\u0103diri publice, comerciale sau reziden\u021biale.<\/p>\t\t\t\t\t\t\t\t<\/div>\n\t\t\t\t<\/div>\n\t\t\t\t\t<\/div>\n\t\t\t\t<\/div>\n\t\t<div class=\"elementor-element elementor-element-06914a7 e-flex e-con-boxed e-con e-parent\" data-id=\"06914a7\" data-element_type=\"container\" data-e-type=\"container\">\n\t\t\t\t\t<div class=\"e-con-inner\">\n\t\t\t\t<div class=\"elementor-element elementor-element-660fe19 elementor-widget-divider--view-line elementor-widget elementor-widget-divider\" data-id=\"660fe19\" data-element_type=\"widget\" data-e-type=\"widget\" data-widget_type=\"divider.default\">\n\t\t\t\t<div class=\"elementor-widget-container\">\n\t\t\t\t\t\t\t<div class=\"elementor-divider\">\n\t\t\t<span class=\"elementor-divider-separator\">\n\t\t\t\t\t\t<\/span>\n\t\t<\/div>\n\t\t\t\t\t\t<\/div>\n\t\t\t\t<\/div>\n\t\t\t\t\t<\/div>\n\t\t\t\t<\/div>\n\t\t<div class=\"elementor-element elementor-element-a8ea472 e-flex e-con-boxed e-con e-parent\" data-id=\"a8ea472\" data-element_type=\"container\" data-e-type=\"container\" data-settings=\"{&quot;background_background&quot;:&quot;classic&quot;}\">\n\t\t\t\t\t<div class=\"e-con-inner\">\n\t\t<div class=\"elementor-element elementor-element-9be66cd e-con-full e-flex e-con e-child\" data-id=\"9be66cd\" data-element_type=\"container\" data-e-type=\"container\" data-settings=\"{&quot;background_background&quot;:&quot;classic&quot;}\">\n\t\t\t\t<\/div>\n\t\t\t\t\t<\/div>\n\t\t\t\t<\/div>\n\t\t\t\t<\/div>","protected":false},"excerpt":{"rendered":"<p>Profile pentru pere\u021bi cortin\u0103 de \u00eenalt\u0103 performan\u021b\u0103 \u00a0 \u00a0 \u00a0Pentru proiectele de pere\u021bi cortin\u0103 de \u00eenalt\u0103 performan\u021b\u0103 cu profile marca Sch\u00fcco, Master Prod ofer\u0103 solu\u021bii personalizate. Acestea corespund exact nevoilor clientului. De la ofertare la produc\u021bie \u0219i montaj, echipa Master Prod se angajeaz\u0103 s\u0103 respecte specifica\u021biile din proiect. Serviciile sunt realizate la standarde \u00eenalte de [&hellip;]<\/p>\n","protected":false},"author":3,"featured_media":0,"parent":0,"menu_order":0,"comment_status":"closed","ping_status":"closed","template":"","meta":{"_acf_changed":false,"site-sidebar-layout":"no-sidebar","site-content-layout":"page-builder","ast-site-content-layout":"full-width-container","site-content-style":"unboxed","site-sidebar-style":"unboxed","ast-global-header-display":"","ast-banner-title-visibility":"","ast-main-header-display":"","ast-hfb-above-header-display":"","ast-hfb-below-header-display":"","ast-hfb-mobile-header-display":"","site-post-title":"disabled","ast-breadcrumbs-content":"","ast-featured-img":"disabled","footer-sml-layout":"","ast-disable-related-posts":"","theme-transparent-header-meta":"default","adv-header-id-meta":"","stick-header-meta":"","header-above-stick-meta":"","header-main-stick-meta":"","header-below-stick-meta":"","astra-migrate-meta-layouts":"set","ast-page-background-enabled":"default","ast-page-background-meta":{"desktop":{"background-color":"","background-image":"","background-repeat":"repeat","background-position":"center center","background-size":"auto","background-attachment":"scroll","background-type":"","background-media":"","overlay-type":"","overlay-color":"","overlay-opacity":"","overlay-gradient":""},"tablet":{"background-color":"","background-image":"","background-repeat":"repeat","background-position":"center center","background-size":"auto","background-attachment":"scroll","background-type":"","background-media":"","overlay-type":"","overlay-color":"","overlay-opacity":"","overlay-gradient":""},"mobile":{"background-color":"","background-image":"","background-repeat":"repeat","background-position":"center center","background-size":"auto","background-attachment":"scroll","background-type":"","background-media":"","overlay-type":"","overlay-color":"","overlay-opacity":"","overlay-gradient":""}},"ast-content-background-meta":{"desktop":{"background-color":"var(--ast-global-color-5)","background-image":"","background-repeat":"repeat","background-position":"center center","background-size":"auto","background-attachment":"scroll","background-type":"","background-media":"","overlay-type":"","overlay-color":"","overlay-opacity":"","overlay-gradient":""},"tablet":{"background-color":"var(--ast-global-color-5)","background-image":"","background-repeat":"repeat","background-position":"center center","background-size":"auto","background-attachment":"scroll","background-type":"","background-media":"","overlay-type":"","overlay-color":"","overlay-opacity":"","overlay-gradient":""},"mobile":{"background-color":"var(--ast-global-color-5)","background-image":"","background-repeat":"repeat","background-position":"center center","background-size":"auto","background-attachment":"scroll","background-type":"","background-media":"","overlay-type":"","overlay-color":"","overlay-opacity":"","overlay-gradient":""}},"footnotes":""},"class_list":["post-13949","page","type-page","status-publish","hentry"],"acf":[],"yoast_head":"<!-- This site is optimized with the Yoast SEO plugin v27.4 - https:\/\/yoast.com\/product\/yoast-seo-wordpress\/ -->\n<title>pere\u021bi cortin\u0103 de \u00eenalt\u0103 performan\u021b\u0103<\/title>\n<meta name=\"description\" content=\"Master Prod ofer\u0103 solu\u021bii personalizate, de la ofertare \u0219i p\u00e2n\u0103 la produc\u021bie \u0219i montaj, pentru pere\u021bi cortin\u0103 de \u00eenalt\u0103 performan\u021b\u0103.\" \/>\n<meta name=\"robots\" content=\"index, follow, max-snippet:-1, max-image-preview:large, max-video-preview:-1\" \/>\n<link rel=\"canonical\" href=\"https:\/\/masterprod.ro\/de\/master-prod-sisteme-schuco-pereti-cortina-pereti-cortina-de-inalta-performanta\/\" \/>\n<meta property=\"og:locale\" content=\"de_DE\" \/>\n<meta property=\"og:type\" content=\"article\" \/>\n<meta property=\"og:title\" content=\"pere\u021bi cortin\u0103 de \u00eenalt\u0103 performan\u021b\u0103\" \/>\n<meta property=\"og:description\" content=\"Master Prod ofer\u0103 solu\u021bii personalizate, de la ofertare \u0219i p\u00e2n\u0103 la produc\u021bie \u0219i montaj, pentru pere\u021bi cortin\u0103 de \u00eenalt\u0103 performan\u021b\u0103.\" \/>\n<meta property=\"og:url\" content=\"https:\/\/masterprod.ro\/de\/master-prod-sisteme-schuco-pereti-cortina-pereti-cortina-de-inalta-performanta\/\" \/>\n<meta property=\"og:site_name\" content=\"Master Prod\" \/>\n<meta property=\"article:modified_time\" content=\"2025-03-07T08:02:41+00:00\" \/>\n<meta property=\"og:image\" content=\"https:\/\/masterprod.ro\/wp-content\/uploads\/2023\/01\/schuco-300x53.webp\" \/>\n<meta name=\"twitter:card\" content=\"summary_large_image\" \/>\n<meta name=\"twitter:label1\" content=\"Gesch\u00e4tzte Lesezeit\" \/>\n\t<meta name=\"twitter:data1\" content=\"1\u00a0Minute\" \/>\n<script type=\"application\/ld+json\" class=\"yoast-schema-graph\">{\"@context\":\"https:\\\/\\\/schema.org\",\"@graph\":[{\"@type\":\"WebPage\",\"@id\":\"https:\\\/\\\/masterprod.ro\\\/master-prod-sisteme-schuco-pereti-cortina-pereti-cortina-de-inalta-performanta\\\/\",\"url\":\"https:\\\/\\\/masterprod.ro\\\/master-prod-sisteme-schuco-pereti-cortina-pereti-cortina-de-inalta-performanta\\\/\",\"name\":\"pere\u021bi cortin\u0103 de \u00eenalt\u0103 performan\u021b\u0103\",\"isPartOf\":{\"@id\":\"https:\\\/\\\/masterprod.ro\\\/#website\"},\"primaryImageOfPage\":{\"@id\":\"https:\\\/\\\/masterprod.ro\\\/master-prod-sisteme-schuco-pereti-cortina-pereti-cortina-de-inalta-performanta\\\/#primaryimage\"},\"image\":{\"@id\":\"https:\\\/\\\/masterprod.ro\\\/master-prod-sisteme-schuco-pereti-cortina-pereti-cortina-de-inalta-performanta\\\/#primaryimage\"},\"thumbnailUrl\":\"https:\\\/\\\/masterprod.ro\\\/wp-content\\\/uploads\\\/2023\\\/01\\\/schuco-300x53.webp\",\"datePublished\":\"2024-11-13T12:40:03+00:00\",\"dateModified\":\"2025-03-07T08:02:41+00:00\",\"description\":\"Master Prod ofer\u0103 solu\u021bii personalizate, de la ofertare \u0219i p\u00e2n\u0103 la produc\u021bie \u0219i montaj, pentru pere\u021bi cortin\u0103 de \u00eenalt\u0103 performan\u021b\u0103.\",\"breadcrumb\":{\"@id\":\"https:\\\/\\\/masterprod.ro\\\/master-prod-sisteme-schuco-pereti-cortina-pereti-cortina-de-inalta-performanta\\\/#breadcrumb\"},\"inLanguage\":\"de\",\"potentialAction\":[{\"@type\":\"ReadAction\",\"target\":[\"https:\\\/\\\/masterprod.ro\\\/master-prod-sisteme-schuco-pereti-cortina-pereti-cortina-de-inalta-performanta\\\/\"]}]},{\"@type\":\"ImageObject\",\"inLanguage\":\"de\",\"@id\":\"https:\\\/\\\/masterprod.ro\\\/master-prod-sisteme-schuco-pereti-cortina-pereti-cortina-de-inalta-performanta\\\/#primaryimage\",\"url\":\"https:\\\/\\\/masterprod.ro\\\/wp-content\\\/uploads\\\/2023\\\/01\\\/schuco-300x53.webp\",\"contentUrl\":\"https:\\\/\\\/masterprod.ro\\\/wp-content\\\/uploads\\\/2023\\\/01\\\/schuco-300x53.webp\"},{\"@type\":\"BreadcrumbList\",\"@id\":\"https:\\\/\\\/masterprod.ro\\\/master-prod-sisteme-schuco-pereti-cortina-pereti-cortina-de-inalta-performanta\\\/#breadcrumb\",\"itemListElement\":[{\"@type\":\"ListItem\",\"position\":1,\"name\":\"Prima pagin\u0103\",\"item\":\"https:\\\/\\\/masterprod.ro\\\/\"},{\"@type\":\"ListItem\",\"position\":2,\"name\":\"Sisteme Sch\u00fcco pere\u021bi cortin\u0103\"}]},{\"@type\":\"WebSite\",\"@id\":\"https:\\\/\\\/masterprod.ro\\\/#website\",\"url\":\"https:\\\/\\\/masterprod.ro\\\/\",\"name\":\"Master Prod\",\"description\":\"T\u00e2mpl\u0103rie aluminiu - pere\u021bi cortin\u0103, \u00eenchideri\\\/acoperiri terase\",\"publisher\":{\"@id\":\"https:\\\/\\\/masterprod.ro\\\/#organization\"},\"potentialAction\":[{\"@type\":\"SearchAction\",\"target\":{\"@type\":\"EntryPoint\",\"urlTemplate\":\"https:\\\/\\\/masterprod.ro\\\/?s={search_term_string}\"},\"query-input\":{\"@type\":\"PropertyValueSpecification\",\"valueRequired\":true,\"valueName\":\"search_term_string\"}}],\"inLanguage\":\"de\"},{\"@type\":\"Organization\",\"@id\":\"https:\\\/\\\/masterprod.ro\\\/#organization\",\"name\":\"Master Prod\",\"url\":\"https:\\\/\\\/masterprod.ro\\\/\",\"logo\":{\"@type\":\"ImageObject\",\"inLanguage\":\"de\",\"@id\":\"https:\\\/\\\/masterprod.ro\\\/#\\\/schema\\\/logo\\\/image\\\/\",\"url\":\"https:\\\/\\\/masterprod.ro\\\/wp-content\\\/uploads\\\/2023\\\/02\\\/text-si-sigla.jpg\",\"contentUrl\":\"https:\\\/\\\/masterprod.ro\\\/wp-content\\\/uploads\\\/2023\\\/02\\\/text-si-sigla.jpg\",\"width\":1058,\"height\":111,\"caption\":\"Master Prod\"},\"image\":{\"@id\":\"https:\\\/\\\/masterprod.ro\\\/#\\\/schema\\\/logo\\\/image\\\/\"}}]}<\/script>\n<!-- \/ Yoast SEO plugin. -->","yoast_head_json":{"title":"pere\u021bi cortin\u0103 de \u00eenalt\u0103 performan\u021b\u0103","description":"Master Prod ofer\u0103 solu\u021bii personalizate, de la ofertare \u0219i p\u00e2n\u0103 la produc\u021bie \u0219i montaj, pentru pere\u021bi cortin\u0103 de \u00eenalt\u0103 performan\u021b\u0103.","robots":{"index":"index","follow":"follow","max-snippet":"max-snippet:-1","max-image-preview":"max-image-preview:large","max-video-preview":"max-video-preview:-1"},"canonical":"https:\/\/masterprod.ro\/de\/master-prod-sisteme-schuco-pereti-cortina-pereti-cortina-de-inalta-performanta\/","og_locale":"de_DE","og_type":"article","og_title":"pere\u021bi cortin\u0103 de \u00eenalt\u0103 performan\u021b\u0103","og_description":"Master Prod ofer\u0103 solu\u021bii personalizate, de la ofertare \u0219i p\u00e2n\u0103 la produc\u021bie \u0219i montaj, pentru pere\u021bi cortin\u0103 de \u00eenalt\u0103 performan\u021b\u0103.","og_url":"https:\/\/masterprod.ro\/de\/master-prod-sisteme-schuco-pereti-cortina-pereti-cortina-de-inalta-performanta\/","og_site_name":"Master Prod","article_modified_time":"2025-03-07T08:02:41+00:00","og_image":[{"url":"https:\/\/masterprod.ro\/wp-content\/uploads\/2023\/01\/schuco-300x53.webp","type":"","width":"","height":""}],"twitter_card":"summary_large_image","twitter_misc":{"Gesch\u00e4tzte Lesezeit":"1\u00a0Minute"},"schema":{"@context":"https:\/\/schema.org","@graph":[{"@type":"WebPage","@id":"https:\/\/masterprod.ro\/master-prod-sisteme-schuco-pereti-cortina-pereti-cortina-de-inalta-performanta\/","url":"https:\/\/masterprod.ro\/master-prod-sisteme-schuco-pereti-cortina-pereti-cortina-de-inalta-performanta\/","name":"pere\u021bi cortin\u0103 de \u00eenalt\u0103 performan\u021b\u0103","isPartOf":{"@id":"https:\/\/masterprod.ro\/#website"},"primaryImageOfPage":{"@id":"https:\/\/masterprod.ro\/master-prod-sisteme-schuco-pereti-cortina-pereti-cortina-de-inalta-performanta\/#primaryimage"},"image":{"@id":"https:\/\/masterprod.ro\/master-prod-sisteme-schuco-pereti-cortina-pereti-cortina-de-inalta-performanta\/#primaryimage"},"thumbnailUrl":"https:\/\/masterprod.ro\/wp-content\/uploads\/2023\/01\/schuco-300x53.webp","datePublished":"2024-11-13T12:40:03+00:00","dateModified":"2025-03-07T08:02:41+00:00","description":"Master Prod ofer\u0103 solu\u021bii personalizate, de la ofertare \u0219i p\u00e2n\u0103 la produc\u021bie \u0219i montaj, pentru pere\u021bi cortin\u0103 de \u00eenalt\u0103 performan\u021b\u0103.","breadcrumb":{"@id":"https:\/\/masterprod.ro\/master-prod-sisteme-schuco-pereti-cortina-pereti-cortina-de-inalta-performanta\/#breadcrumb"},"inLanguage":"de","potentialAction":[{"@type":"ReadAction","target":["https:\/\/masterprod.ro\/master-prod-sisteme-schuco-pereti-cortina-pereti-cortina-de-inalta-performanta\/"]}]},{"@type":"ImageObject","inLanguage":"de","@id":"https:\/\/masterprod.ro\/master-prod-sisteme-schuco-pereti-cortina-pereti-cortina-de-inalta-performanta\/#primaryimage","url":"https:\/\/masterprod.ro\/wp-content\/uploads\/2023\/01\/schuco-300x53.webp","contentUrl":"https:\/\/masterprod.ro\/wp-content\/uploads\/2023\/01\/schuco-300x53.webp"},{"@type":"BreadcrumbList","@id":"https:\/\/masterprod.ro\/master-prod-sisteme-schuco-pereti-cortina-pereti-cortina-de-inalta-performanta\/#breadcrumb","itemListElement":[{"@type":"ListItem","position":1,"name":"Prima pagin\u0103","item":"https:\/\/masterprod.ro\/"},{"@type":"ListItem","position":2,"name":"Sisteme Sch\u00fcco pere\u021bi cortin\u0103"}]},{"@type":"WebSite","@id":"https:\/\/masterprod.ro\/#website","url":"https:\/\/masterprod.ro\/","name":"Master Prod","description":"T\u00e2mpl\u0103rie aluminiu - pere\u021bi cortin\u0103, \u00eenchideri\/acoperiri terase","publisher":{"@id":"https:\/\/masterprod.ro\/#organization"},"potentialAction":[{"@type":"SearchAction","target":{"@type":"EntryPoint","urlTemplate":"https:\/\/masterprod.ro\/?s={search_term_string}"},"query-input":{"@type":"PropertyValueSpecification","valueRequired":true,"valueName":"search_term_string"}}],"inLanguage":"de"},{"@type":"Organization","@id":"https:\/\/masterprod.ro\/#organization","name":"Master Prod","url":"https:\/\/masterprod.ro\/","logo":{"@type":"ImageObject","inLanguage":"de","@id":"https:\/\/masterprod.ro\/#\/schema\/logo\/image\/","url":"https:\/\/masterprod.ro\/wp-content\/uploads\/2023\/02\/text-si-sigla.jpg","contentUrl":"https:\/\/masterprod.ro\/wp-content\/uploads\/2023\/02\/text-si-sigla.jpg","width":1058,"height":111,"caption":"Master Prod"},"image":{"@id":"https:\/\/masterprod.ro\/#\/schema\/logo\/image\/"}}]}},"_links":{"self":[{"href":"https:\/\/masterprod.ro\/de\/wp-json\/wp\/v2\/pages\/13949","targetHints":{"allow":["GET"]}}],"collection":[{"href":"https:\/\/masterprod.ro\/de\/wp-json\/wp\/v2\/pages"}],"about":[{"href":"https:\/\/masterprod.ro\/de\/wp-json\/wp\/v2\/types\/page"}],"author":[{"embeddable":true,"href":"https:\/\/masterprod.ro\/de\/wp-json\/wp\/v2\/users\/3"}],"replies":[{"embeddable":true,"href":"https:\/\/masterprod.ro\/de\/wp-json\/wp\/v2\/comments?post=13949"}],"version-history":[{"count":0,"href":"https:\/\/masterprod.ro\/de\/wp-json\/wp\/v2\/pages\/13949\/revisions"}],"wp:attachment":[{"href":"https:\/\/masterprod.ro\/de\/wp-json\/wp\/v2\/media?parent=13949"}],"curies":[{"name":"wp","href":"https:\/\/api.w.org\/{rel}","templated":true}]}}