{"id":13925,"date":"2024-11-13T13:34:25","date_gmt":"2024-11-13T11:34:25","guid":{"rendered":"https:\/\/masterprod.ro\/?page_id=13925"},"modified":"2025-03-11T15:35:15","modified_gmt":"2025-03-11T13:35:15","slug":"sisteme-alumil-pereti-cortina","status":"publish","type":"page","link":"https:\/\/masterprod.ro\/de\/sisteme-alumil-pereti-cortina\/","title":{"rendered":"Sisteme Alumil pere\u021bi cortin\u0103"},"content":{"rendered":"<div data-elementor-type=\"wp-page\" data-elementor-id=\"13925\" class=\"elementor elementor-13925\">\n\t\t\t\t<div class=\"elementor-element elementor-element-52c145f e-flex e-con-boxed e-con e-parent\" data-id=\"52c145f\" data-element_type=\"container\" data-e-type=\"container\">\n\t\t\t\t\t<div class=\"e-con-inner\">\n\t\t\t\t<div class=\"elementor-element elementor-element-7ac88dd elementor-widget elementor-widget-image\" data-id=\"7ac88dd\" data-element_type=\"widget\" data-e-type=\"widget\" data-widget_type=\"image.default\">\n\t\t\t\t<div class=\"elementor-widget-container\">\n\t\t\t\t\t\t\t\t\t\t\t\t\t\t\t<img decoding=\"async\" width=\"300\" height=\"62\" src=\"https:\/\/masterprod.ro\/wp-content\/uploads\/2023\/01\/alumil-300x62.webp\" class=\"attachment-medium size-medium wp-image-1737\" alt=\"alumil\" srcset=\"https:\/\/masterprod.ro\/wp-content\/uploads\/2023\/01\/alumil-300x62.webp 300w, https:\/\/masterprod.ro\/wp-content\/uploads\/2023\/01\/alumil-1024x210.webp 1024w, https:\/\/masterprod.ro\/wp-content\/uploads\/2023\/01\/alumil-768x158.webp 768w, https:\/\/masterprod.ro\/wp-content\/uploads\/2023\/01\/alumil-500x103.webp 500w, https:\/\/masterprod.ro\/wp-content\/uploads\/2023\/01\/alumil-800x164.webp 800w, https:\/\/masterprod.ro\/wp-content\/uploads\/2023\/01\/alumil-1280x263.webp 1280w, https:\/\/masterprod.ro\/wp-content\/uploads\/2023\/01\/alumil-1920x394.webp 1920w, https:\/\/masterprod.ro\/wp-content\/uploads\/2023\/01\/alumil-1536x315.webp 1536w, https:\/\/masterprod.ro\/wp-content\/uploads\/2023\/01\/alumil-2048x420.webp 2048w\" sizes=\"(max-width: 300px) 100vw, 300px\" \/>\t\t\t\t\t\t\t\t\t\t\t\t\t\t\t<\/div>\n\t\t\t\t<\/div>\n\t\t\t\t\t<\/div>\n\t\t\t\t<\/div>\n\t\t<div class=\"elementor-element elementor-element-66fb4fa e-flex e-con-boxed e-con e-parent\" data-id=\"66fb4fa\" data-element_type=\"container\" data-e-type=\"container\">\n\t\t\t\t\t<div class=\"e-con-inner\">\n\t\t\t\t<div class=\"elementor-element elementor-element-9e07cac elementor-widget elementor-widget-text-editor\" data-id=\"9e07cac\" data-element_type=\"widget\" data-e-type=\"widget\" data-widget_type=\"text-editor.default\">\n\t\t\t\t<div class=\"elementor-widget-container\">\n\t\t\t\t\t\t\t\t\t<h5>\u00a0 \u00a0 \u00a0 \u00a0 \u00a0 \u00a0 \u00a0 \u00a0 \u00a0 \u00a0 \u00a0 \u00a0 \u00a0 \u00a0 \u00a0 \u00a0 \u00a0 \u00a0<\/h5><h5>Procese de produc\u021bie certificate = sisteme de profile pentru construc\u021bii moderne<\/h5>\t\t\t\t\t\t\t\t<\/div>\n\t\t\t\t<\/div>\n\t\t\t\t\t<\/div>\n\t\t\t\t<\/div>\n\t\t<div class=\"elementor-element elementor-element-610ad11 e-flex e-con-boxed e-con e-parent\" data-id=\"610ad11\" data-element_type=\"container\" data-e-type=\"container\">\n\t\t\t\t\t<div class=\"e-con-inner\">\n\t\t\t\t<div class=\"elementor-element elementor-element-3d2339b elementor-widget elementor-widget-text-editor\" data-id=\"3d2339b\" data-element_type=\"widget\" data-e-type=\"widget\" data-widget_type=\"text-editor.default\">\n\t\t\t\t<div class=\"elementor-widget-container\">\n\t\t\t\t\t\t\t\t\t<p>\u00a0 \u00a0 \u00a0De peste 30 de ani <a href=\"https:\/\/www.alumil.com\/romania\/homeowners\"><strong>ALUMIL <\/strong><\/a>\u00a0este un important furnizor de sisteme de aluminiu pentru t\u00e2mpl\u0103rie \u0219i pere\u021bi cortin\u0103. Produsele sale sunt utilizate \u00een proiecte reziden\u021biale, comerciale \u0219i industriale. Recunoscut\u0103 ca o companie european\u0103 de top, ALUMIL certific\u0103 fiecare etap\u0103 a produc\u021biei. Procesul respect\u0103 normele europene \u0219i interna\u021bionale, asigur\u00e2nd calitatea \u0219i durabilitatea fiec\u0103rui produs.<\/p><p data-start=\"396\" data-end=\"797\">\u00a0 \u00a0 \u00a0Lumea construc\u021biilor evolueaz\u0103 rapid. De aceea, ALUMIL a dezvoltat sisteme inovatoare, adaptate proiectelor moderne. Acestea ofer\u0103 standarde arhitecturale ridicate, design modern \u0219i eficien\u021b\u0103 energetic\u0103 superioar\u0103. \u00cen plus, asigur\u0103 etan\u0219are excelent\u0103 la ap\u0103 \u0219i v\u00e2nt, stabilitate \u0219i siguran\u021b\u0103 sporit\u0103. Sistemele din aluminiu contribuie la economisirea energiei \u0219i reducerea costurilor pe termen lung.<\/p><p data-start=\"799\" data-end=\"1137\">\u00a0 \u00a0 \u00a0Pere\u021bii cortin\u0103 realiza\u0219i din\u00a0 sisteme ALUMIL se remarc\u0103 prin formele elegante ale profilelor \u0219i varietatea finisajelor. Compania ofer\u0103 numeroase op\u021biuni de design \u0219i o palet\u0103 larg\u0103 de culori \u0219i texturi. Clien\u021bii pot alege finisaje lucioase, mate sau decor lemn. De asemenea, sunt disponibile culori anodizate, texturi fine sau accentuate \u0219i profile bicolore.<\/p><p data-start=\"1139\" data-end=\"1339\" data-is-last-node=\"\" data-is-only-node=\"\">Datorit\u0103 tehnologiilor avansate, pere\u021bii cortin\u0103 ALUMIL ofer\u0103 un aspect modern \u0219i un confort sporit \u00een orice spa\u021biu. Solu\u021biile sunt durabile, u\u0219or de \u00eentre\u021binut \u0219i ideale pentru proiecte contemporane.<\/p>\t\t\t\t\t\t\t\t<\/div>\n\t\t\t\t<\/div>\n\t\t\t\t\t<\/div>\n\t\t\t\t<\/div>\n\t\t<div class=\"elementor-element elementor-element-c4ab78e e-flex e-con-boxed e-con e-parent\" data-id=\"c4ab78e\" data-element_type=\"container\" data-e-type=\"container\">\n\t\t\t\t\t<div class=\"e-con-inner\">\n\t\t\t\t<div class=\"elementor-element elementor-element-f04faa6 elementor-widget-divider--view-line elementor-widget elementor-widget-divider\" data-id=\"f04faa6\" data-element_type=\"widget\" data-e-type=\"widget\" data-widget_type=\"divider.default\">\n\t\t\t\t<div class=\"elementor-widget-container\">\n\t\t\t\t\t\t\t<div class=\"elementor-divider\">\n\t\t\t<span class=\"elementor-divider-separator\">\n\t\t\t\t\t\t<\/span>\n\t\t<\/div>\n\t\t\t\t\t\t<\/div>\n\t\t\t\t<\/div>\n\t\t\t\t\t<\/div>\n\t\t\t\t<\/div>\n\t\t<div class=\"elementor-element elementor-element-dcdce88 e-flex e-con-boxed e-con e-parent\" data-id=\"dcdce88\" data-element_type=\"container\" data-e-type=\"container\" data-settings=\"{&quot;background_background&quot;:&quot;classic&quot;}\">\n\t\t\t\t\t<div class=\"e-con-inner\">\n\t\t<div class=\"elementor-element elementor-element-8baf4c3 e-con-full e-flex e-con e-child\" data-id=\"8baf4c3\" data-element_type=\"container\" data-e-type=\"container\" data-settings=\"{&quot;background_background&quot;:&quot;classic&quot;}\">\n\t\t\t\t<div class=\"elementor-element elementor-element-b595cee e-n-tabs-mobile elementor-widget elementor-widget-n-tabs\" data-id=\"b595cee\" data-element_type=\"widget\" data-e-type=\"widget\" data-widget_type=\"nested-tabs.default\">\n\t\t\t\t<div class=\"elementor-widget-container\">\n\t\t\t\t\t\t\t<div class=\"e-n-tabs\" data-widget-number=\"190405870\" aria-label=\"File. Deschizi elementele cu tasta Enter sau Spa\u021biu, le \u00eenchizi cu Esc \u0219i navighezi folosind tastele s\u0103ge\u021bi.\">\n\t\t\t<div class=\"e-n-tabs-heading\" role=\"tablist\">\n\t\t\t\t\t<button id=\"e-n-tab-title-1904058701\" data-tab-title-id=\"e-n-tab-title-1904058701\" class=\"e-n-tab-title\" aria-selected=\"true\" data-tab-index=\"1\" role=\"tab\" tabindex=\"0\" aria-controls=\"e-n-tab-content-1904058701\" style=\"--n-tabs-title-order: 1;\">\n\t\t\t\t\t\t<span class=\"e-n-tab-title-text\">\n\t\t\t\tSisteme ALUMIL pentru pere\u021bi cortin\u0103\t\t\t<\/span>\n\t\t<\/button>\n\t\t\t\t\t<\/div>\n\t\t\t<div class=\"e-n-tabs-content\">\n\t\t\t\t<div id=\"e-n-tab-content-1904058701\" role=\"tabpanel\" aria-labelledby=\"e-n-tab-title-1904058701\" data-tab-index=\"1\" style=\"--n-tabs-title-order: 1;\" class=\"e-active elementor-element elementor-element-8754917 e-con-full e-grid e-con e-child\" data-id=\"8754917\" data-element_type=\"container\" data-e-type=\"container\">\n\t\t\t\t<div class=\"elementor-element elementor-element-82b3ddf elementor-widget elementor-widget-button\" data-id=\"82b3ddf\" data-element_type=\"widget\" data-e-type=\"widget\" data-widget_type=\"button.default\">\n\t\t\t\t<div class=\"elementor-widget-container\">\n\t\t\t\t\t\t\t\t\t<div class=\"elementor-button-wrapper\">\n\t\t\t\t\t<a class=\"elementor-button elementor-button-link elementor-size-sm\" href=\"https:\/\/masterprod.ro\/de\/produs\/alumil-smartia-m6\/\">\n\t\t\t\t\t\t<span class=\"elementor-button-content-wrapper\">\n\t\t\t\t\t\t\t\t\t<span class=\"elementor-button-text\">Smartia M6<\/span>\n\t\t\t\t\t<\/span>\n\t\t\t\t\t<\/a>\n\t\t\t\t<\/div>\n\t\t\t\t\t\t\t\t<\/div>\n\t\t\t\t<\/div>\n\t\t\t\t<div class=\"elementor-element elementor-element-5b07fc4 elementor-widget elementor-widget-button\" data-id=\"5b07fc4\" data-element_type=\"widget\" data-e-type=\"widget\" data-widget_type=\"button.default\">\n\t\t\t\t<div class=\"elementor-widget-container\">\n\t\t\t\t\t\t\t\t\t<div class=\"elementor-button-wrapper\">\n\t\t\t\t\t<a class=\"elementor-button elementor-button-link elementor-size-sm\" href=\"https:\/\/masterprod.ro\/de\/produs\/alumil-smartia-m7\/\">\n\t\t\t\t\t\t<span class=\"elementor-button-content-wrapper\">\n\t\t\t\t\t\t\t\t\t<span class=\"elementor-button-text\">smartia M7<\/span>\n\t\t\t\t\t<\/span>\n\t\t\t\t\t<\/a>\n\t\t\t\t<\/div>\n\t\t\t\t\t\t\t\t<\/div>\n\t\t\t\t<\/div>\n\t\t\t\t<\/div>\n\t\t\t\t\t<\/div>\n\t\t<\/div>\n\t\t\t\t\t\t<\/div>\n\t\t\t\t<\/div>\n\t\t\t\t<\/div>\n\t\t\t\t\t<\/div>\n\t\t\t\t<\/div>\n\t\t\t\t<\/div>","protected":false},"excerpt":{"rendered":"<p>Procese de produc\u021bie certificate = sisteme de profile pentru construc\u021bii moderne De peste 30 de ani ALUMIL \u00a0este un important furnizor de sisteme de aluminiu pentru t\u00e2mpl\u0103rie \u0219i pere\u021bi cortin\u0103. Produsele sale sunt utilizate \u00een proiecte reziden\u021biale, comerciale \u0219i industriale. Recunoscut\u0103 ca o companie european\u0103 de top, ALUMIL certific\u0103 fiecare etap\u0103 a produc\u021biei. Procesul respect\u0103 [&hellip;]<\/p>\n","protected":false},"author":3,"featured_media":0,"parent":0,"menu_order":0,"comment_status":"closed","ping_status":"closed","template":"","meta":{"_acf_changed":false,"site-sidebar-layout":"no-sidebar","site-content-layout":"page-builder","ast-site-content-layout":"full-width-container","site-content-style":"unboxed","site-sidebar-style":"unboxed","ast-global-header-display":"","ast-banner-title-visibility":"","ast-main-header-display":"","ast-hfb-above-header-display":"","ast-hfb-below-header-display":"","ast-hfb-mobile-header-display":"","site-post-title":"disabled","ast-breadcrumbs-content":"","ast-featured-img":"disabled","footer-sml-layout":"","ast-disable-related-posts":"","theme-transparent-header-meta":"default","adv-header-id-meta":"","stick-header-meta":"","header-above-stick-meta":"","header-main-stick-meta":"","header-below-stick-meta":"","astra-migrate-meta-layouts":"set","ast-page-background-enabled":"default","ast-page-background-meta":{"desktop":{"background-color":"","background-image":"","background-repeat":"repeat","background-position":"center center","background-size":"auto","background-attachment":"scroll","background-type":"","background-media":"","overlay-type":"","overlay-color":"","overlay-opacity":"","overlay-gradient":""},"tablet":{"background-color":"","background-image":"","background-repeat":"repeat","background-position":"center center","background-size":"auto","background-attachment":"scroll","background-type":"","background-media":"","overlay-type":"","overlay-color":"","overlay-opacity":"","overlay-gradient":""},"mobile":{"background-color":"","background-image":"","background-repeat":"repeat","background-position":"center center","background-size":"auto","background-attachment":"scroll","background-type":"","background-media":"","overlay-type":"","overlay-color":"","overlay-opacity":"","overlay-gradient":""}},"ast-content-background-meta":{"desktop":{"background-color":"var(--ast-global-color-5)","background-image":"","background-repeat":"repeat","background-position":"center center","background-size":"auto","background-attachment":"scroll","background-type":"","background-media":"","overlay-type":"","overlay-color":"","overlay-opacity":"","overlay-gradient":""},"tablet":{"background-color":"var(--ast-global-color-5)","background-image":"","background-repeat":"repeat","background-position":"center center","background-size":"auto","background-attachment":"scroll","background-type":"","background-media":"","overlay-type":"","overlay-color":"","overlay-opacity":"","overlay-gradient":""},"mobile":{"background-color":"var(--ast-global-color-5)","background-image":"","background-repeat":"repeat","background-position":"center center","background-size":"auto","background-attachment":"scroll","background-type":"","background-media":"","overlay-type":"","overlay-color":"","overlay-opacity":"","overlay-gradient":""}},"footnotes":""},"class_list":["post-13925","page","type-page","status-publish","hentry"],"acf":[],"yoast_head":"<!-- This site is optimized with the Yoast SEO plugin v27.4 - https:\/\/yoast.com\/product\/yoast-seo-wordpress\/ -->\n<title>procese de productie certificate Sisteme Alumil pere\u021bi cortin\u0103 - Master Prod<\/title>\n<meta name=\"description\" content=\"sistemele pentru pere\u021bi cortin\u0103 de la Alumil, realizate cu procese de productie certificate, sunt sisteme pentru construc\u021bii moderne\" \/>\n<meta name=\"robots\" content=\"index, follow, max-snippet:-1, max-image-preview:large, max-video-preview:-1\" \/>\n<link rel=\"canonical\" href=\"https:\/\/masterprod.ro\/de\/sisteme-alumil-pereti-cortina\/\" \/>\n<meta property=\"og:locale\" content=\"de_DE\" \/>\n<meta property=\"og:type\" content=\"article\" \/>\n<meta property=\"og:title\" content=\"procese de productie certificate Sisteme Alumil pere\u021bi cortin\u0103 - Master Prod\" \/>\n<meta property=\"og:description\" content=\"sistemele pentru pere\u021bi cortin\u0103 de la Alumil, realizate cu procese de productie certificate, sunt sisteme pentru construc\u021bii moderne\" \/>\n<meta property=\"og:url\" content=\"https:\/\/masterprod.ro\/de\/sisteme-alumil-pereti-cortina\/\" \/>\n<meta property=\"og:site_name\" content=\"Master Prod\" \/>\n<meta property=\"article:modified_time\" content=\"2025-03-11T13:35:15+00:00\" \/>\n<meta property=\"og:image\" content=\"https:\/\/masterprod.ro\/wp-content\/uploads\/2023\/01\/alumil-300x62.webp\" \/>\n<meta name=\"twitter:card\" content=\"summary_large_image\" \/>\n<meta name=\"twitter:label1\" content=\"Gesch\u00e4tzte Lesezeit\" \/>\n\t<meta name=\"twitter:data1\" content=\"2\u00a0Minuten\" \/>\n<script type=\"application\/ld+json\" class=\"yoast-schema-graph\">{\"@context\":\"https:\\\/\\\/schema.org\",\"@graph\":[{\"@type\":\"WebPage\",\"@id\":\"https:\\\/\\\/masterprod.ro\\\/sisteme-alumil-pereti-cortina\\\/\",\"url\":\"https:\\\/\\\/masterprod.ro\\\/sisteme-alumil-pereti-cortina\\\/\",\"name\":\"procese de productie certificate Sisteme Alumil pere\u021bi cortin\u0103 - Master Prod\",\"isPartOf\":{\"@id\":\"https:\\\/\\\/masterprod.ro\\\/#website\"},\"primaryImageOfPage\":{\"@id\":\"https:\\\/\\\/masterprod.ro\\\/sisteme-alumil-pereti-cortina\\\/#primaryimage\"},\"image\":{\"@id\":\"https:\\\/\\\/masterprod.ro\\\/sisteme-alumil-pereti-cortina\\\/#primaryimage\"},\"thumbnailUrl\":\"https:\\\/\\\/masterprod.ro\\\/wp-content\\\/uploads\\\/2023\\\/01\\\/alumil-300x62.webp\",\"datePublished\":\"2024-11-13T11:34:25+00:00\",\"dateModified\":\"2025-03-11T13:35:15+00:00\",\"description\":\"sistemele pentru pere\u021bi cortin\u0103 de la Alumil, realizate cu procese de productie certificate, sunt sisteme pentru construc\u021bii moderne\",\"breadcrumb\":{\"@id\":\"https:\\\/\\\/masterprod.ro\\\/sisteme-alumil-pereti-cortina\\\/#breadcrumb\"},\"inLanguage\":\"de\",\"potentialAction\":[{\"@type\":\"ReadAction\",\"target\":[\"https:\\\/\\\/masterprod.ro\\\/sisteme-alumil-pereti-cortina\\\/\"]}]},{\"@type\":\"ImageObject\",\"inLanguage\":\"de\",\"@id\":\"https:\\\/\\\/masterprod.ro\\\/sisteme-alumil-pereti-cortina\\\/#primaryimage\",\"url\":\"https:\\\/\\\/masterprod.ro\\\/wp-content\\\/uploads\\\/2023\\\/01\\\/alumil-300x62.webp\",\"contentUrl\":\"https:\\\/\\\/masterprod.ro\\\/wp-content\\\/uploads\\\/2023\\\/01\\\/alumil-300x62.webp\"},{\"@type\":\"BreadcrumbList\",\"@id\":\"https:\\\/\\\/masterprod.ro\\\/sisteme-alumil-pereti-cortina\\\/#breadcrumb\",\"itemListElement\":[{\"@type\":\"ListItem\",\"position\":1,\"name\":\"Prima pagin\u0103\",\"item\":\"https:\\\/\\\/masterprod.ro\\\/\"},{\"@type\":\"ListItem\",\"position\":2,\"name\":\"Sisteme Alumil pere\u021bi cortin\u0103\"}]},{\"@type\":\"WebSite\",\"@id\":\"https:\\\/\\\/masterprod.ro\\\/#website\",\"url\":\"https:\\\/\\\/masterprod.ro\\\/\",\"name\":\"Master Prod\",\"description\":\"T\u00e2mpl\u0103rie aluminiu - pere\u021bi cortin\u0103, \u00eenchideri\\\/acoperiri terase\",\"publisher\":{\"@id\":\"https:\\\/\\\/masterprod.ro\\\/#organization\"},\"potentialAction\":[{\"@type\":\"SearchAction\",\"target\":{\"@type\":\"EntryPoint\",\"urlTemplate\":\"https:\\\/\\\/masterprod.ro\\\/?s={search_term_string}\"},\"query-input\":{\"@type\":\"PropertyValueSpecification\",\"valueRequired\":true,\"valueName\":\"search_term_string\"}}],\"inLanguage\":\"de\"},{\"@type\":\"Organization\",\"@id\":\"https:\\\/\\\/masterprod.ro\\\/#organization\",\"name\":\"Master Prod\",\"url\":\"https:\\\/\\\/masterprod.ro\\\/\",\"logo\":{\"@type\":\"ImageObject\",\"inLanguage\":\"de\",\"@id\":\"https:\\\/\\\/masterprod.ro\\\/#\\\/schema\\\/logo\\\/image\\\/\",\"url\":\"https:\\\/\\\/masterprod.ro\\\/wp-content\\\/uploads\\\/2023\\\/02\\\/text-si-sigla.jpg\",\"contentUrl\":\"https:\\\/\\\/masterprod.ro\\\/wp-content\\\/uploads\\\/2023\\\/02\\\/text-si-sigla.jpg\",\"width\":1058,\"height\":111,\"caption\":\"Master Prod\"},\"image\":{\"@id\":\"https:\\\/\\\/masterprod.ro\\\/#\\\/schema\\\/logo\\\/image\\\/\"}}]}<\/script>\n<!-- \/ Yoast SEO plugin. -->","yoast_head_json":{"title":"procese de productie certificate Sisteme Alumil pere\u021bi cortin\u0103 - Master Prod","description":"sistemele pentru pere\u021bi cortin\u0103 de la Alumil, realizate cu procese de productie certificate, sunt sisteme pentru construc\u021bii moderne","robots":{"index":"index","follow":"follow","max-snippet":"max-snippet:-1","max-image-preview":"max-image-preview:large","max-video-preview":"max-video-preview:-1"},"canonical":"https:\/\/masterprod.ro\/de\/sisteme-alumil-pereti-cortina\/","og_locale":"de_DE","og_type":"article","og_title":"procese de productie certificate Sisteme Alumil pere\u021bi cortin\u0103 - Master Prod","og_description":"sistemele pentru pere\u021bi cortin\u0103 de la Alumil, realizate cu procese de productie certificate, sunt sisteme pentru construc\u021bii moderne","og_url":"https:\/\/masterprod.ro\/de\/sisteme-alumil-pereti-cortina\/","og_site_name":"Master Prod","article_modified_time":"2025-03-11T13:35:15+00:00","og_image":[{"url":"https:\/\/masterprod.ro\/wp-content\/uploads\/2023\/01\/alumil-300x62.webp","type":"","width":"","height":""}],"twitter_card":"summary_large_image","twitter_misc":{"Gesch\u00e4tzte Lesezeit":"2\u00a0Minuten"},"schema":{"@context":"https:\/\/schema.org","@graph":[{"@type":"WebPage","@id":"https:\/\/masterprod.ro\/sisteme-alumil-pereti-cortina\/","url":"https:\/\/masterprod.ro\/sisteme-alumil-pereti-cortina\/","name":"procese de productie certificate Sisteme Alumil pere\u021bi cortin\u0103 - Master Prod","isPartOf":{"@id":"https:\/\/masterprod.ro\/#website"},"primaryImageOfPage":{"@id":"https:\/\/masterprod.ro\/sisteme-alumil-pereti-cortina\/#primaryimage"},"image":{"@id":"https:\/\/masterprod.ro\/sisteme-alumil-pereti-cortina\/#primaryimage"},"thumbnailUrl":"https:\/\/masterprod.ro\/wp-content\/uploads\/2023\/01\/alumil-300x62.webp","datePublished":"2024-11-13T11:34:25+00:00","dateModified":"2025-03-11T13:35:15+00:00","description":"sistemele pentru pere\u021bi cortin\u0103 de la Alumil, realizate cu procese de productie certificate, sunt sisteme pentru construc\u021bii moderne","breadcrumb":{"@id":"https:\/\/masterprod.ro\/sisteme-alumil-pereti-cortina\/#breadcrumb"},"inLanguage":"de","potentialAction":[{"@type":"ReadAction","target":["https:\/\/masterprod.ro\/sisteme-alumil-pereti-cortina\/"]}]},{"@type":"ImageObject","inLanguage":"de","@id":"https:\/\/masterprod.ro\/sisteme-alumil-pereti-cortina\/#primaryimage","url":"https:\/\/masterprod.ro\/wp-content\/uploads\/2023\/01\/alumil-300x62.webp","contentUrl":"https:\/\/masterprod.ro\/wp-content\/uploads\/2023\/01\/alumil-300x62.webp"},{"@type":"BreadcrumbList","@id":"https:\/\/masterprod.ro\/sisteme-alumil-pereti-cortina\/#breadcrumb","itemListElement":[{"@type":"ListItem","position":1,"name":"Prima pagin\u0103","item":"https:\/\/masterprod.ro\/"},{"@type":"ListItem","position":2,"name":"Sisteme Alumil pere\u021bi cortin\u0103"}]},{"@type":"WebSite","@id":"https:\/\/masterprod.ro\/#website","url":"https:\/\/masterprod.ro\/","name":"Master Prod","description":"T\u00e2mpl\u0103rie aluminiu - pere\u021bi cortin\u0103, \u00eenchideri\/acoperiri terase","publisher":{"@id":"https:\/\/masterprod.ro\/#organization"},"potentialAction":[{"@type":"SearchAction","target":{"@type":"EntryPoint","urlTemplate":"https:\/\/masterprod.ro\/?s={search_term_string}"},"query-input":{"@type":"PropertyValueSpecification","valueRequired":true,"valueName":"search_term_string"}}],"inLanguage":"de"},{"@type":"Organization","@id":"https:\/\/masterprod.ro\/#organization","name":"Master Prod","url":"https:\/\/masterprod.ro\/","logo":{"@type":"ImageObject","inLanguage":"de","@id":"https:\/\/masterprod.ro\/#\/schema\/logo\/image\/","url":"https:\/\/masterprod.ro\/wp-content\/uploads\/2023\/02\/text-si-sigla.jpg","contentUrl":"https:\/\/masterprod.ro\/wp-content\/uploads\/2023\/02\/text-si-sigla.jpg","width":1058,"height":111,"caption":"Master Prod"},"image":{"@id":"https:\/\/masterprod.ro\/#\/schema\/logo\/image\/"}}]}},"_links":{"self":[{"href":"https:\/\/masterprod.ro\/de\/wp-json\/wp\/v2\/pages\/13925","targetHints":{"allow":["GET"]}}],"collection":[{"href":"https:\/\/masterprod.ro\/de\/wp-json\/wp\/v2\/pages"}],"about":[{"href":"https:\/\/masterprod.ro\/de\/wp-json\/wp\/v2\/types\/page"}],"author":[{"embeddable":true,"href":"https:\/\/masterprod.ro\/de\/wp-json\/wp\/v2\/users\/3"}],"replies":[{"embeddable":true,"href":"https:\/\/masterprod.ro\/de\/wp-json\/wp\/v2\/comments?post=13925"}],"version-history":[{"count":0,"href":"https:\/\/masterprod.ro\/de\/wp-json\/wp\/v2\/pages\/13925\/revisions"}],"wp:attachment":[{"href":"https:\/\/masterprod.ro\/de\/wp-json\/wp\/v2\/media?parent=13925"}],"curies":[{"name":"wp","href":"https:\/\/api.w.org\/{rel}","templated":true}]}}